{"id":95,"date":"2016-09-08T20:36:59","date_gmt":"2016-09-08T18:36:59","guid":{"rendered":"http:\/\/wordpress.nibis.de\/gsgrabst\/?page_id=95"},"modified":"2024-04-10T08:54:43","modified_gmt":"2024-04-10T06:54:43","slug":"schulobst","status":"publish","type":"page","link":"https:\/\/wordpress.nibis.de\/gsgrabst\/schulobst\/","title":{"rendered":"Schulobst"},"content":{"rendered":"\n\n\n<figure class=\"wp-block-image size-large\"><a href=\"https:\/\/wordpress.nibis.de\/gsgrabst\/files\/2024\/04\/logo.jpg\"><img loading=\"lazy\" decoding=\"async\" width=\"1024\" height=\"268\" src=\"https:\/\/wordpress.nibis.de\/gsgrabst\/files\/2024\/04\/logo-1024x268.jpg\" alt=\"\" class=\"wp-image-600\" srcset=\"https:\/\/wordpress.nibis.de\/gsgrabst\/files\/2024\/04\/logo-1024x268.jpg 1024w, https:\/\/wordpress.nibis.de\/gsgrabst\/files\/2024\/04\/logo-300x79.jpg 300w, https:\/\/wordpress.nibis.de\/gsgrabst\/files\/2024\/04\/logo-768x201.jpg 768w, https:\/\/wordpress.nibis.de\/gsgrabst\/files\/2024\/04\/logo-1536x403.jpg 1536w, https:\/\/wordpress.nibis.de\/gsgrabst\/files\/2024\/04\/logo-2048x537.jpg 2048w, https:\/\/wordpress.nibis.de\/gsgrabst\/files\/2024\/04\/logo-500x131.jpg 500w\" sizes=\"auto, (max-width: 1024px) 100vw, 1024px\" \/><\/a><\/figure>\n\n\n<p>Seit dem Schuljahr 2016 \/ 2017 nimmt die Grundschule Grabstede am Schulobstprogramm des Landes Niedersachsen teil. Die Kinder sollen sich hierdurch f\u00fcr eine ausgewogene Ern\u00e4hrung begeistern und viele Obst- und Gem\u00fcsesorten kennenlernen. Der Eekenhof in B\u00fcppel liefert das Obst und Gem\u00fcse an. Es wird an drei Tagen (Dienstag, Mittwoch, Donnerstag) von den Sch\u00fclern entsprechend vorbereitet und zur Fr\u00fchst\u00fcckspause angeboten.<\/p>\n<p>Link:\u00a0<a href=\"https:\/\/www.schulobst.niedersachsen.de\/\" target=\"_blank\" rel=\"noopener\">https:\/\/www.schulobst.niedersachsen.de\/<\/a><\/p>","protected":false},"excerpt":{"rendered":"<p>Seit dem Schuljahr 2016 \/ 2017 nimmt die Grundschule Grabstede am Schulobstprogramm des Landes Niedersachsen teil. Die Kinder sollen sich hierdurch f\u00fcr eine ausgewogene Ern\u00e4hrung begeistern und viele Obst- und Gem\u00fcsesorten kennenlernen. Der Eekenhof in B\u00fcppel liefert das Obst und &hellip; <a href=\"https:\/\/wordpress.nibis.de\/gsgrabst\/schulobst\/\">Weiterlesen <span class=\"meta-nav\">&rarr;<\/span><\/a><\/p>\n","protected":false},"author":885,"featured_media":0,"parent":0,"menu_order":0,"comment_status":"closed","ping_status":"closed","template":"","meta":{"footnotes":""},"class_list":["post-95","page","type-page","status-publish","hentry"],"_links":{"self":[{"href":"https:\/\/wordpress.nibis.de\/gsgrabst\/wp-json\/wp\/v2\/pages\/95","targetHints":{"allow":["GET"]}}],"collection":[{"href":"https:\/\/wordpress.nibis.de\/gsgrabst\/wp-json\/wp\/v2\/pages"}],"about":[{"href":"https:\/\/wordpress.nibis.de\/gsgrabst\/wp-json\/wp\/v2\/types\/page"}],"author":[{"embeddable":true,"href":"https:\/\/wordpress.nibis.de\/gsgrabst\/wp-json\/wp\/v2\/users\/885"}],"replies":[{"embeddable":true,"href":"https:\/\/wordpress.nibis.de\/gsgrabst\/wp-json\/wp\/v2\/comments?post=95"}],"version-history":[{"count":7,"href":"https:\/\/wordpress.nibis.de\/gsgrabst\/wp-json\/wp\/v2\/pages\/95\/revisions"}],"predecessor-version":[{"id":601,"href":"https:\/\/wordpress.nibis.de\/gsgrabst\/wp-json\/wp\/v2\/pages\/95\/revisions\/601"}],"wp:attachment":[{"href":"https:\/\/wordpress.nibis.de\/gsgrabst\/wp-json\/wp\/v2\/media?parent=95"}],"curies":[{"name":"wp","href":"https:\/\/api.w.org\/{rel}","templated":true}]}}