{"id":38,"date":"2024-07-24T11:34:03","date_gmt":"2024-07-24T09:34:03","guid":{"rendered":"https:\/\/wordpress.nibis.de\/gsgrafeld\/?page_id=38"},"modified":"2024-08-05T12:22:35","modified_gmt":"2024-08-05T10:22:35","slug":"schule","status":"publish","type":"page","link":"https:\/\/wordpress.nibis.de\/gsgrafeld\/schule\/","title":{"rendered":"Schule"},"content":{"rendered":"\n<p>Hier finden Sie demn\u00e4chst Infos zum Kollegium, eine Elternseite und einen Bereich f\u00fcr unsere Sch\u00fcler*innen.<\/p>\n","protected":false},"excerpt":{"rendered":"<p>Hier finden Sie demn\u00e4chst Infos zum Kollegium, eine Elternseite und einen Bereich f\u00fcr unsere Sch\u00fcler*innen.<\/p>\n","protected":false},"author":9194404,"featured_media":0,"parent":0,"menu_order":0,"comment_status":"closed","ping_status":"closed","template":"","meta":{"footnotes":""},"class_list":["post-38","page","type-page","status-publish","hentry"],"_links":{"self":[{"href":"https:\/\/wordpress.nibis.de\/gsgrafeld\/wp-json\/wp\/v2\/pages\/38","targetHints":{"allow":["GET"]}}],"collection":[{"href":"https:\/\/wordpress.nibis.de\/gsgrafeld\/wp-json\/wp\/v2\/pages"}],"about":[{"href":"https:\/\/wordpress.nibis.de\/gsgrafeld\/wp-json\/wp\/v2\/types\/page"}],"author":[{"embeddable":true,"href":"https:\/\/wordpress.nibis.de\/gsgrafeld\/wp-json\/wp\/v2\/users\/9194404"}],"replies":[{"embeddable":true,"href":"https:\/\/wordpress.nibis.de\/gsgrafeld\/wp-json\/wp\/v2\/comments?post=38"}],"version-history":[{"count":2,"href":"https:\/\/wordpress.nibis.de\/gsgrafeld\/wp-json\/wp\/v2\/pages\/38\/revisions"}],"predecessor-version":[{"id":67,"href":"https:\/\/wordpress.nibis.de\/gsgrafeld\/wp-json\/wp\/v2\/pages\/38\/revisions\/67"}],"wp:attachment":[{"href":"https:\/\/wordpress.nibis.de\/gsgrafeld\/wp-json\/wp\/v2\/media?parent=38"}],"curies":[{"name":"wp","href":"https:\/\/api.w.org\/{rel}","templated":true}]}}