{"id":44,"date":"2024-07-24T11:33:47","date_gmt":"2024-07-24T09:33:47","guid":{"rendered":"https:\/\/wordpress.nibis.de\/gsgrafeld\/?page_id=44"},"modified":"2026-03-04T17:09:07","modified_gmt":"2026-03-04T16:09:07","slug":"kollegium","status":"publish","type":"page","link":"https:\/\/wordpress.nibis.de\/gsgrafeld\/kollegium\/","title":{"rendered":"Kollegium"},"content":{"rendered":"\n<p>Das ist unser Kollegium<\/p>\n\n\n\n<figure class=\"wp-block-image size-large is-resized\"><img loading=\"lazy\" decoding=\"async\" width=\"800\" height=\"578\" src=\"https:\/\/wordpress.nibis.de\/gsgrafeld\/files\/2024\/07\/551-800x578.jpg\" alt=\"\" class=\"wp-image-60\" srcset=\"https:\/\/wordpress.nibis.de\/gsgrafeld\/files\/2024\/07\/551-800x578.jpg 800w, https:\/\/wordpress.nibis.de\/gsgrafeld\/files\/2024\/07\/551-300x217.jpg 300w, https:\/\/wordpress.nibis.de\/gsgrafeld\/files\/2024\/07\/551-768x555.jpg 768w, https:\/\/wordpress.nibis.de\/gsgrafeld\/files\/2024\/07\/551-1536x1109.jpg 1536w, https:\/\/wordpress.nibis.de\/gsgrafeld\/files\/2024\/07\/551-2048x1479.jpg 2048w, https:\/\/wordpress.nibis.de\/gsgrafeld\/files\/2024\/07\/551-374x270.jpg 374w\" sizes=\"auto, (max-width: 800px) 100vw, 800px\" \/><figcaption class=\"wp-element-caption\">Copyright Fotostudio Rensen Poststr. 8 49624 L\u00f6ningen<\/figcaption><\/figure>\n\n\n\n<p>Nadine Kuschel, Wilma Mehmann, Karin Unger-Poprawa, Sabine Dinnus, Christin Placke<\/p>\n\n\n\n<p><\/p>\n\n\n\n<p>Wir freuen uns auch im Schuljahr 2025\/26 \u00fcber weitere Unterst\u00fctzung durch Frauke Lammers (F\u00f6rderschullehrerin) <\/p>\n\n\n\n<p>Des Weiteren werden wir im Schuljahr 2025\/26 von Elena Rumker unterst\u00fctzt. Willkommen im Team!<\/p>\n","protected":false},"excerpt":{"rendered":"<p>Das ist unser Kollegium Nadine Kuschel, Wilma Mehmann, Karin Unger-Poprawa, Sabine Dinnus, Christin Placke Wir freuen uns auch im Schuljahr 2025\/26 \u00fcber weitere Unterst\u00fctzung durch Frauke Lammers (F\u00f6rderschullehrerin) Des Weiteren werden wir im Schuljahr 2025\/26 von Elena Rumker unterst\u00fctzt. Willkommen im Team!<\/p>\n","protected":false},"author":9194404,"featured_media":0,"parent":0,"menu_order":0,"comment_status":"closed","ping_status":"closed","template":"","meta":{"footnotes":""},"class_list":["post-44","page","type-page","status-publish","hentry"],"_links":{"self":[{"href":"https:\/\/wordpress.nibis.de\/gsgrafeld\/wp-json\/wp\/v2\/pages\/44","targetHints":{"allow":["GET"]}}],"collection":[{"href":"https:\/\/wordpress.nibis.de\/gsgrafeld\/wp-json\/wp\/v2\/pages"}],"about":[{"href":"https:\/\/wordpress.nibis.de\/gsgrafeld\/wp-json\/wp\/v2\/types\/page"}],"author":[{"embeddable":true,"href":"https:\/\/wordpress.nibis.de\/gsgrafeld\/wp-json\/wp\/v2\/users\/9194404"}],"replies":[{"embeddable":true,"href":"https:\/\/wordpress.nibis.de\/gsgrafeld\/wp-json\/wp\/v2\/comments?post=44"}],"version-history":[{"count":6,"href":"https:\/\/wordpress.nibis.de\/gsgrafeld\/wp-json\/wp\/v2\/pages\/44\/revisions"}],"predecessor-version":[{"id":234,"href":"https:\/\/wordpress.nibis.de\/gsgrafeld\/wp-json\/wp\/v2\/pages\/44\/revisions\/234"}],"wp:attachment":[{"href":"https:\/\/wordpress.nibis.de\/gsgrafeld\/wp-json\/wp\/v2\/media?parent=44"}],"curies":[{"name":"wp","href":"https:\/\/api.w.org\/{rel}","templated":true}]}}