{"id":48,"date":"2024-07-24T11:34:20","date_gmt":"2024-07-24T09:34:20","guid":{"rendered":"https:\/\/wordpress.nibis.de\/gsgrafeld\/?page_id=48"},"modified":"2024-08-05T12:24:16","modified_gmt":"2024-08-05T10:24:16","slug":"schuelerinnen","status":"publish","type":"page","link":"https:\/\/wordpress.nibis.de\/gsgrafeld\/schuelerinnen\/","title":{"rendered":"Sch\u00fcler*innen"},"content":{"rendered":"\n<p>Hier finden Sie demn\u00e4chst Beitr\u00e4ge von unseren Sch\u00fcler*innen.<\/p>\n","protected":false},"excerpt":{"rendered":"<p>Hier finden Sie demn\u00e4chst Beitr\u00e4ge von unseren Sch\u00fcler*innen.<\/p>\n","protected":false},"author":9194404,"featured_media":0,"parent":0,"menu_order":0,"comment_status":"closed","ping_status":"closed","template":"","meta":{"footnotes":""},"class_list":["post-48","page","type-page","status-publish","hentry"],"_links":{"self":[{"href":"https:\/\/wordpress.nibis.de\/gsgrafeld\/wp-json\/wp\/v2\/pages\/48","targetHints":{"allow":["GET"]}}],"collection":[{"href":"https:\/\/wordpress.nibis.de\/gsgrafeld\/wp-json\/wp\/v2\/pages"}],"about":[{"href":"https:\/\/wordpress.nibis.de\/gsgrafeld\/wp-json\/wp\/v2\/types\/page"}],"author":[{"embeddable":true,"href":"https:\/\/wordpress.nibis.de\/gsgrafeld\/wp-json\/wp\/v2\/users\/9194404"}],"replies":[{"embeddable":true,"href":"https:\/\/wordpress.nibis.de\/gsgrafeld\/wp-json\/wp\/v2\/comments?post=48"}],"version-history":[{"count":2,"href":"https:\/\/wordpress.nibis.de\/gsgrafeld\/wp-json\/wp\/v2\/pages\/48\/revisions"}],"predecessor-version":[{"id":70,"href":"https:\/\/wordpress.nibis.de\/gsgrafeld\/wp-json\/wp\/v2\/pages\/48\/revisions\/70"}],"wp:attachment":[{"href":"https:\/\/wordpress.nibis.de\/gsgrafeld\/wp-json\/wp\/v2\/media?parent=48"}],"curies":[{"name":"wp","href":"https:\/\/api.w.org\/{rel}","templated":true}]}}