{"id":2052,"date":"2018-08-14T12:35:25","date_gmt":"2018-08-14T10:35:25","guid":{"rendered":"http:\/\/wordpress.nibis.de\/gsgrasleben\/?page_id=2052"},"modified":"2018-11-04T11:08:59","modified_gmt":"2018-11-04T10:08:59","slug":"hort-abenteuerland","status":"publish","type":"page","link":"https:\/\/wordpress.nibis.de\/gsgrasleben\/hort-abenteuerland\/","title":{"rendered":"Hort &#8222;Abenteuerland&#8220;"},"content":{"rendered":"<p>Der Hort bietet Platz f\u00fcr 40 Kinder, von der Einschulung bis zum 14. Lebensjahr, und ist offen f\u00fcr alle Sch\u00fclerinnen und Sch\u00fcler aus dem Bereich der Samtgemeinde Grasleben.<\/p>\n<p>Vor der Schule k\u00f6nnen die Kinder von 07.00 bis 08.00 Uhr betreut werden mit der M\u00f6glichkeit zu fr\u00fchst\u00fccken.<\/p>\n<p>Nach Unterrichtsschluss um 12.40 Uhr kommen die Kinder wieder in den Raum des Hortes zur\u00fcck, essen Mittag und werden hier bis 16.00 Uhr betreut. Nach Bedarf bieten wir auch eine Betreuung bis 17.00 Uhr an.<\/p>\n<p>Wir bieten:<\/p>\n<p>&#8211; Unterst\u00fctzung bei Hausaufgaben,<\/p>\n<p>&#8211; Zusammenarbeit mit der Grundschule,<\/p>\n<p>&#8211; Hauswirtschaftliche Aktionen, wie backen, kochen, &#8230;,<\/p>\n<p>&#8211; Kreativangebote (basteln, s\u00e4gen, &#8230;),<\/p>\n<p>&#8211; Ausfl\u00fcge,<\/p>\n<p>&#8211; Spiel, Spa\u00df und Spannung<\/p>\n<p>an.<\/p>\n<p>In den Ferien haben wir von 07.00 bis 16.00 Uhr ge\u00f6ffnet.<\/p>\n<p>Das Hortteam: Christian Hauter, Katharina Hoppe, Yvonne Ilse, Sabine Stabrey<\/p>\n","protected":false},"excerpt":{"rendered":"<p>Der Hort bietet Platz f\u00fcr 40 Kinder, von der Einschulung bis zum 14. Lebensjahr, und ist offen f\u00fcr alle Sch\u00fclerinnen und Sch\u00fcler aus dem Bereich der Samtgemeinde Grasleben. Vor der Schule k\u00f6nnen die Kinder von 07.00 bis 08.00 Uhr betreut werden mit der M\u00f6glichkeit zu fr\u00fchst\u00fccken. Nach Unterrichtsschluss um 12.40 Uhr kommen die Kinder wieder &hellip; <a href=\"https:\/\/wordpress.nibis.de\/gsgrasleben\/hort-abenteuerland\/\" class=\"more-link\"><span class=\"screen-reader-text\">Hort &#8222;Abenteuerland&#8220;<\/span> weiterlesen <span class=\"meta-nav\">&rarr;<\/span><\/a><\/p>\n","protected":false},"author":1178,"featured_media":0,"parent":0,"menu_order":0,"comment_status":"closed","ping_status":"closed","template":"","meta":{"footnotes":""},"class_list":["post-2052","page","type-page","status-publish","hentry"],"_links":{"self":[{"href":"https:\/\/wordpress.nibis.de\/gsgrasleben\/wp-json\/wp\/v2\/pages\/2052","targetHints":{"allow":["GET"]}}],"collection":[{"href":"https:\/\/wordpress.nibis.de\/gsgrasleben\/wp-json\/wp\/v2\/pages"}],"about":[{"href":"https:\/\/wordpress.nibis.de\/gsgrasleben\/wp-json\/wp\/v2\/types\/page"}],"author":[{"embeddable":true,"href":"https:\/\/wordpress.nibis.de\/gsgrasleben\/wp-json\/wp\/v2\/users\/1178"}],"replies":[{"embeddable":true,"href":"https:\/\/wordpress.nibis.de\/gsgrasleben\/wp-json\/wp\/v2\/comments?post=2052"}],"version-history":[{"count":2,"href":"https:\/\/wordpress.nibis.de\/gsgrasleben\/wp-json\/wp\/v2\/pages\/2052\/revisions"}],"predecessor-version":[{"id":2119,"href":"https:\/\/wordpress.nibis.de\/gsgrasleben\/wp-json\/wp\/v2\/pages\/2052\/revisions\/2119"}],"wp:attachment":[{"href":"https:\/\/wordpress.nibis.de\/gsgrasleben\/wp-json\/wp\/v2\/media?parent=2052"}],"curies":[{"name":"wp","href":"https:\/\/api.w.org\/{rel}","templated":true}]}}