{"id":26,"date":"2017-02-14T21:10:32","date_gmt":"2017-02-14T20:10:32","guid":{"rendered":"http:\/\/wordpress.nibis.de\/gsgrasleben\/?page_id=26"},"modified":"2025-01-05T20:24:33","modified_gmt":"2025-01-05T19:24:33","slug":"unsere-schule","status":"publish","type":"page","link":"https:\/\/wordpress.nibis.de\/gsgrasleben\/","title":{"rendered":"Unsere Schule"},"content":{"rendered":"<p><b>Liebe Besucherinnen und Besucher,\u00a0<\/b><\/p>\n<p>herzlich willkommen auf unserer Internetseite.<\/p>\n<p>Wir freuen uns, dass Sie sich \u00fcber unsere Schule informieren wollen. Hier k\u00f6nnen Sie alles \u00fcber das Kollegium, unsere Klassen, Projekte, aktuelle Aktionen, Termine u.v.m. erfahren.<\/p>\n<p>Unsere Website soll dabei helfen, Sch\u00fclerinnen und Sch\u00fcler, ihre Familien und Interessierte noch mehr \u00fcber unsere Schule zu informieren.<\/p>\n<p>Viel Spa\u00df beim Durchlesen und Entdecken!<\/p>\n<p style=\"text-align: center\">\n","protected":false},"excerpt":{"rendered":"<p>Liebe Besucherinnen und Besucher,\u00a0 herzlich willkommen auf unserer Internetseite. Wir freuen uns, dass Sie sich \u00fcber unsere Schule informieren wollen. Hier k\u00f6nnen Sie alles \u00fcber das Kollegium, unsere Klassen, Projekte, aktuelle Aktionen, Termine u.v.m. erfahren. Unsere Website soll dabei helfen, Sch\u00fclerinnen und Sch\u00fcler, ihre Familien und Interessierte noch mehr \u00fcber unsere Schule zu informieren. Viel &hellip; <a href=\"https:\/\/wordpress.nibis.de\/gsgrasleben\/\" class=\"more-link\"><span class=\"screen-reader-text\">Unsere Schule<\/span> weiterlesen <span class=\"meta-nav\">&rarr;<\/span><\/a><\/p>\n","protected":false},"author":1178,"featured_media":0,"parent":0,"menu_order":1,"comment_status":"closed","ping_status":"closed","template":"","meta":{"footnotes":""},"class_list":["post-26","page","type-page","status-publish","hentry"],"_links":{"self":[{"href":"https:\/\/wordpress.nibis.de\/gsgrasleben\/wp-json\/wp\/v2\/pages\/26","targetHints":{"allow":["GET"]}}],"collection":[{"href":"https:\/\/wordpress.nibis.de\/gsgrasleben\/wp-json\/wp\/v2\/pages"}],"about":[{"href":"https:\/\/wordpress.nibis.de\/gsgrasleben\/wp-json\/wp\/v2\/types\/page"}],"author":[{"embeddable":true,"href":"https:\/\/wordpress.nibis.de\/gsgrasleben\/wp-json\/wp\/v2\/users\/1178"}],"replies":[{"embeddable":true,"href":"https:\/\/wordpress.nibis.de\/gsgrasleben\/wp-json\/wp\/v2\/comments?post=26"}],"version-history":[{"count":14,"href":"https:\/\/wordpress.nibis.de\/gsgrasleben\/wp-json\/wp\/v2\/pages\/26\/revisions"}],"predecessor-version":[{"id":4228,"href":"https:\/\/wordpress.nibis.de\/gsgrasleben\/wp-json\/wp\/v2\/pages\/26\/revisions\/4228"}],"wp:attachment":[{"href":"https:\/\/wordpress.nibis.de\/gsgrasleben\/wp-json\/wp\/v2\/media?parent=26"}],"curies":[{"name":"wp","href":"https:\/\/api.w.org\/{rel}","templated":true}]}}