{"id":29,"date":"2017-02-14T21:13:09","date_gmt":"2017-02-14T20:13:09","guid":{"rendered":"http:\/\/wordpress.nibis.de\/gsgrasleben\/?page_id=29"},"modified":"2024-11-20T18:49:21","modified_gmt":"2024-11-20T17:49:21","slug":"rundgang","status":"publish","type":"page","link":"https:\/\/wordpress.nibis.de\/gsgrasleben\/unsere-schule\/rundgang\/","title":{"rendered":"Rundgang"},"content":{"rendered":"<p>Unsere Schule bietet unseren Sch\u00fclern folgende R\u00e4umlichkeiten:<\/p>\n<ul>\n<li>1 K\u00fcche inkl. Essensraum<\/li>\n<li>Bibliothek<\/li>\n<li>8 Klassenr\u00e4ume und 2 Betreuungsr\u00e4ume<\/li>\n<li>Fachr\u00e4ume: Musik, Werkraum, Englischraum, F\u00f6rderraum<\/li>\n<li>Offene Freizeitr\u00e4ume: Kicker, Chill Lounge, Tischtennisplatte<\/li>\n<li>Turnhalle<\/li>\n<li>Weitl\u00e4ufiges, gro\u00dfz\u00fcgig gestaltetes Au\u00dfengel\u00e4nde: mehrere Spielpl\u00e4tze, Basketballplatz,\u00a0 Fu\u00dfballplatz, attraktive Spielger\u00e4te, Tischtennisplatte, Weitsprunganlage, &#8230;<\/li>\n<li>und vieles mehr<\/li>\n<\/ul>\n","protected":false},"excerpt":{"rendered":"<p>Unsere Schule bietet unseren Sch\u00fclern folgende R\u00e4umlichkeiten: 1 K\u00fcche inkl. Essensraum Bibliothek 8 Klassenr\u00e4ume und 2 Betreuungsr\u00e4ume Fachr\u00e4ume: Musik, Werkraum, Englischraum, F\u00f6rderraum Offene Freizeitr\u00e4ume: Kicker, Chill Lounge, Tischtennisplatte Turnhalle Weitl\u00e4ufiges, gro\u00dfz\u00fcgig gestaltetes Au\u00dfengel\u00e4nde: mehrere Spielpl\u00e4tze, Basketballplatz,\u00a0 Fu\u00dfballplatz, attraktive Spielger\u00e4te, Tischtennisplatte, Weitsprunganlage, &#8230; und vieles mehr<\/p>\n","protected":false},"author":1178,"featured_media":0,"parent":26,"menu_order":2,"comment_status":"closed","ping_status":"closed","template":"","meta":{"footnotes":""},"class_list":["post-29","page","type-page","status-publish","hentry"],"_links":{"self":[{"href":"https:\/\/wordpress.nibis.de\/gsgrasleben\/wp-json\/wp\/v2\/pages\/29","targetHints":{"allow":["GET"]}}],"collection":[{"href":"https:\/\/wordpress.nibis.de\/gsgrasleben\/wp-json\/wp\/v2\/pages"}],"about":[{"href":"https:\/\/wordpress.nibis.de\/gsgrasleben\/wp-json\/wp\/v2\/types\/page"}],"author":[{"embeddable":true,"href":"https:\/\/wordpress.nibis.de\/gsgrasleben\/wp-json\/wp\/v2\/users\/1178"}],"replies":[{"embeddable":true,"href":"https:\/\/wordpress.nibis.de\/gsgrasleben\/wp-json\/wp\/v2\/comments?post=29"}],"version-history":[{"count":12,"href":"https:\/\/wordpress.nibis.de\/gsgrasleben\/wp-json\/wp\/v2\/pages\/29\/revisions"}],"predecessor-version":[{"id":4132,"href":"https:\/\/wordpress.nibis.de\/gsgrasleben\/wp-json\/wp\/v2\/pages\/29\/revisions\/4132"}],"up":[{"embeddable":true,"href":"https:\/\/wordpress.nibis.de\/gsgrasleben\/wp-json\/wp\/v2\/pages\/26"}],"wp:attachment":[{"href":"https:\/\/wordpress.nibis.de\/gsgrasleben\/wp-json\/wp\/v2\/media?parent=29"}],"curies":[{"name":"wp","href":"https:\/\/api.w.org\/{rel}","templated":true}]}}