{"id":326,"date":"2017-03-31T00:08:01","date_gmt":"2017-03-30T22:08:01","guid":{"rendered":"http:\/\/wordpress.nibis.de\/gsgrasleben\/?page_id=326"},"modified":"2017-08-13T15:12:26","modified_gmt":"2017-08-13T13:12:26","slug":"klasse-2000","status":"publish","type":"page","link":"https:\/\/wordpress.nibis.de\/gsgrasleben\/klasse-2000\/","title":{"rendered":"Klasse 2000"},"content":{"rendered":"<p align=\"JUSTIFY\"><span style=\"font-family: Times New Roman,serif\"><span style=\"font-size: medium\">Klasse 2000 ist ein Projekt zur Gesundheitsf\u00f6rderung, Gewalt- und Suchtpr\u00e4vention. Dieses und das Maskottchen \u201eKLARO\u201c begleiten die Sch\u00fclerinnen und Sch\u00fcler von der ersten bis zur vierten Klasse, wobei vielf\u00e4ltige Themen angesprochen werden. Das Projekt soll den Kindern Wege zeigen, wie sie daf\u00fcr sorgen k\u00f6nnen, dass es ihnen gut geht und sie sich wohlf\u00fchlen. Dabei werden sie von ihren Lehrkr\u00e4ften und Gesundheitsf\u00f6rderern angeleitet. In den Stunden, in denen die Gesundheitsf\u00f6rderer an die Schule kommen, werden neue Themen eingef\u00fchrt. Sie bringen spannende Materialien wie z.B. einen Atemtrainer, eine Pausenbrot-Drehscheibe oder Leporellos mit vielf\u00e4ltigen \u00dcbungen f\u00fcr mehr Bewegung im Alltag mit. Die Lehrkr\u00e4fte vertiefen die Themen in den folgenden Stunden. Klasse 2000 ist insgesamt sehr handlungsorientiert, sodass die SuS das Gelernte auch gut im Alltag umsetzen k\u00f6nnen.<\/span><\/span><\/p>\n<p align=\"JUSTIFY\"><span style=\"font-family: Times New Roman,serif\"><span style=\"font-size: medium\">Im ersten Schuljahr wird der Schwerpunkt auf den Umgang miteinander und Bewegung gelegt. Auch das gesunde Pausenfr\u00fchst\u00fcck wird thematisiert. Dieses wird im zweiten Schuljahr noch weiter vertieft, indem die Ern\u00e4hrungspyramide und der Weg der Nahrung durch den K\u00f6rper aufgegriffen werden. Das Thema \u201eGef\u00fchle\u201c nimmt in dieser Klassenstufe einen gro\u00dfen Raum ein. <\/span><\/span><\/p>\n<p align=\"JUSTIFY\"><span style=\"font-family: Times New Roman,serif\"><span style=\"font-size: medium\">Im dritten Schuljahr stehen der Umgang mit Streit und Bew\u00e4ltigungsstrategien im Vordergrund und die F\u00f6rderung des Klassenzusammenhalts. Das Gehirn, Werbung und Freundschaften werden im vierten Schuljahr thematisiert.<\/span><\/span><\/p>\n","protected":false},"excerpt":{"rendered":"<p>Klasse 2000 ist ein Projekt zur Gesundheitsf\u00f6rderung, Gewalt- und Suchtpr\u00e4vention. Dieses und das Maskottchen \u201eKLARO\u201c begleiten die Sch\u00fclerinnen und Sch\u00fcler von der ersten bis zur vierten Klasse, wobei vielf\u00e4ltige Themen angesprochen werden. Das Projekt soll den Kindern Wege zeigen, wie sie daf\u00fcr sorgen k\u00f6nnen, dass es ihnen gut geht und sie sich wohlf\u00fchlen. Dabei werden &hellip; <a href=\"https:\/\/wordpress.nibis.de\/gsgrasleben\/klasse-2000\/\" class=\"more-link\"><span class=\"screen-reader-text\">Klasse 2000<\/span> weiterlesen <span class=\"meta-nav\">&rarr;<\/span><\/a><\/p>\n","protected":false},"author":1178,"featured_media":0,"parent":0,"menu_order":0,"comment_status":"closed","ping_status":"closed","template":"","meta":{"footnotes":""},"class_list":["post-326","page","type-page","status-publish","hentry"],"_links":{"self":[{"href":"https:\/\/wordpress.nibis.de\/gsgrasleben\/wp-json\/wp\/v2\/pages\/326","targetHints":{"allow":["GET"]}}],"collection":[{"href":"https:\/\/wordpress.nibis.de\/gsgrasleben\/wp-json\/wp\/v2\/pages"}],"about":[{"href":"https:\/\/wordpress.nibis.de\/gsgrasleben\/wp-json\/wp\/v2\/types\/page"}],"author":[{"embeddable":true,"href":"https:\/\/wordpress.nibis.de\/gsgrasleben\/wp-json\/wp\/v2\/users\/1178"}],"replies":[{"embeddable":true,"href":"https:\/\/wordpress.nibis.de\/gsgrasleben\/wp-json\/wp\/v2\/comments?post=326"}],"version-history":[{"count":5,"href":"https:\/\/wordpress.nibis.de\/gsgrasleben\/wp-json\/wp\/v2\/pages\/326\/revisions"}],"predecessor-version":[{"id":767,"href":"https:\/\/wordpress.nibis.de\/gsgrasleben\/wp-json\/wp\/v2\/pages\/326\/revisions\/767"}],"wp:attachment":[{"href":"https:\/\/wordpress.nibis.de\/gsgrasleben\/wp-json\/wp\/v2\/media?parent=326"}],"curies":[{"name":"wp","href":"https:\/\/api.w.org\/{rel}","templated":true}]}}