{"id":33,"date":"2017-02-14T21:14:21","date_gmt":"2017-02-14T20:14:21","guid":{"rendered":"http:\/\/wordpress.nibis.de\/gsgrasleben\/?page_id=33"},"modified":"2025-01-11T16:42:46","modified_gmt":"2025-01-11T15:42:46","slug":"chronik","status":"publish","type":"page","link":"https:\/\/wordpress.nibis.de\/gsgrasleben\/unsere-schule\/chronik\/","title":{"rendered":"Chronik"},"content":{"rendered":"<p>1881 wurde an der Friedfhofstra\u00dfe das neue Schulgeb\u00e4ude errichtet, um Platz\u00a0 f\u00fcr die 150 Schulkinder zu schaffen, die sich bis dahin einen einzigen\u00a0 Raum teilen mussten. Dieses neue Geb\u00e4ude musste kontinuierlich erweitert\u00a0 werden, als durch die Ansiedlung des Salzschachtes, der Brauerei Allerthal\u00a0 und anderer Betriebe die Einwohnerzahl stark stieg.<\/p>\n<p>1971 wurde die Volksschule\u00a0 durch den Anbau von vier Klassenr\u00e4umen, vier Funktionsr\u00e4umen, dem Verwaltungstrakt\u00a0 und der zentralen Aula die Schule auf die heutige Gr\u00f6\u00dfe ausgebaut.<\/p>\n<p>Wir sind seit 2001\/2002 &#8222;Verl\u00e4ssliche Grundschule&#8220;.<\/p>\n<p>2017 zeichnete unsere Sch\u00fclerin Lotte im Rahmen eines Wettbewerbs unser aktuelles <a href=\"http:\/\/wordpress.nibis.de\/gsgrasleben\/logo\/\" target=\"_blank\" rel=\"noopener\">Schullogo<\/a>. F\u00fcr dieses sch\u00f6ne Logo m\u00f6chten wir uns herzlich bedanken.<\/p>\n<p>2024 zeichnete unser Sch\u00fcler Elias Schneider im Rahmen eines Wettbewerbs unser neues <a href=\"https:\/\/wordpress.nibis.de\/gsgrasleben\/files\/2025\/01\/GS-Grasleben-Logo-Nur-Grashuepfer.png\">Schullogo<\/a>. F\u00fcr dieses sch\u00f6ne Logo m\u00f6chten wir uns herzlich bedanken.<\/p>\n","protected":false},"excerpt":{"rendered":"<p>1881 wurde an der Friedfhofstra\u00dfe das neue Schulgeb\u00e4ude errichtet, um Platz\u00a0 f\u00fcr die 150 Schulkinder zu schaffen, die sich bis dahin einen einzigen\u00a0 Raum teilen mussten. Dieses neue Geb\u00e4ude musste kontinuierlich erweitert\u00a0 werden, als durch die Ansiedlung des Salzschachtes, der Brauerei Allerthal\u00a0 und anderer Betriebe die Einwohnerzahl stark stieg. 1971 wurde die Volksschule\u00a0 durch den &hellip; <a href=\"https:\/\/wordpress.nibis.de\/gsgrasleben\/unsere-schule\/chronik\/\" class=\"more-link\"><span class=\"screen-reader-text\">Chronik<\/span> weiterlesen <span class=\"meta-nav\">&rarr;<\/span><\/a><\/p>\n","protected":false},"author":1178,"featured_media":0,"parent":26,"menu_order":1,"comment_status":"closed","ping_status":"closed","template":"","meta":{"footnotes":""},"class_list":["post-33","page","type-page","status-publish","hentry"],"_links":{"self":[{"href":"https:\/\/wordpress.nibis.de\/gsgrasleben\/wp-json\/wp\/v2\/pages\/33","targetHints":{"allow":["GET"]}}],"collection":[{"href":"https:\/\/wordpress.nibis.de\/gsgrasleben\/wp-json\/wp\/v2\/pages"}],"about":[{"href":"https:\/\/wordpress.nibis.de\/gsgrasleben\/wp-json\/wp\/v2\/types\/page"}],"author":[{"embeddable":true,"href":"https:\/\/wordpress.nibis.de\/gsgrasleben\/wp-json\/wp\/v2\/users\/1178"}],"replies":[{"embeddable":true,"href":"https:\/\/wordpress.nibis.de\/gsgrasleben\/wp-json\/wp\/v2\/comments?post=33"}],"version-history":[{"count":8,"href":"https:\/\/wordpress.nibis.de\/gsgrasleben\/wp-json\/wp\/v2\/pages\/33\/revisions"}],"predecessor-version":[{"id":4314,"href":"https:\/\/wordpress.nibis.de\/gsgrasleben\/wp-json\/wp\/v2\/pages\/33\/revisions\/4314"}],"up":[{"embeddable":true,"href":"https:\/\/wordpress.nibis.de\/gsgrasleben\/wp-json\/wp\/v2\/pages\/26"}],"wp:attachment":[{"href":"https:\/\/wordpress.nibis.de\/gsgrasleben\/wp-json\/wp\/v2\/media?parent=33"}],"curies":[{"name":"wp","href":"https:\/\/api.w.org\/{rel}","templated":true}]}}