{"id":427,"date":"2017-04-02T21:35:32","date_gmt":"2017-04-02T19:35:32","guid":{"rendered":"http:\/\/wordpress.nibis.de\/gsgrasleben\/?page_id=427"},"modified":"2023-11-19T09:50:23","modified_gmt":"2023-11-19T08:50:23","slug":"hausmeister","status":"publish","type":"page","link":"https:\/\/wordpress.nibis.de\/gsgrasleben\/hausmeister\/","title":{"rendered":"Hausmeister"},"content":{"rendered":"<p style=\"text-align: left\"><span style=\"font-size: 14pt\"><strong>Hausmeister<\/strong><\/span><\/p>\n<figure id=\"attachment_3480\" aria-describedby=\"caption-attachment-3480\" style=\"width: 450px\" class=\"wp-caption alignnone\"><img loading=\"lazy\" decoding=\"async\" class=\"size-medium wp-image-3480\" src=\"https:\/\/wordpress.nibis.de\/gsgrasleben\/files\/2023\/11\/Hausmeister-450x478.jpg\" alt=\"\" width=\"450\" height=\"478\" \/><figcaption id=\"caption-attachment-3480\" class=\"wp-caption-text\">Michael Hellwig<\/figcaption><\/figure>\n<p>Kurze Vorstellung von Michael Hellwig<\/p>\n<p>Seit 01.08.2023 arbeite ich als Hausmeister der Grundschule Grasleben.<\/p>\n<p>Ich bin im Jahr 1984 im Landkreis Northeim geboren, seit 2010 lebe ich in der Gemeinde Grasleben und wohne mit meiner Frau und meinem Sohn in Rennau, hier verbringe ich meine Freizeit mit der Familie und kann meinen Hobbys: Garten, Natur und der H\u00fchnerzucht nachgehen.<\/p>\n<p>Der Umgang mit Kindern bereitet mir so viel Spa\u00df, das ich froh bin meinen Beruf nun damit verbinden zu k\u00f6nnen. Ein offenes Ohr f\u00fcr die Kleinen und deren sicheres Umfeld in der Schule liegen mir besonders am Herzen.<\/p>\n<p>Gerne bin ich unter <a href=\"&#x6d;&#x61;&#105;l&#x74;&#x6f;&#x3a;&#104;e&#x6c;&#x6c;&#x77;&#105;g&#x40;&#x67;&#x72;&#97;s&#x6c;&#x65;&#x62;&#101;n&#x2e;&#x64;&#x65;\">&#104;&#x65;l&#108;&#x77;i&#103;&#x40;g&#x72;&#x61;&#115;&#x6c;e&#98;&#x65;n&#46;&#x64;e<\/a> f\u00fcr euch erreichbar.<\/p>\n<p>Text: M. Hellwig<\/p>\n<p>Foto: A-L. Kavemann<\/p>\n<p><!--more--><\/p>\n<p>Liebe Eltern,<\/p>\n<p>sollten Sie Kleidungsst\u00fccke, Brotboxen, Trinkflaschen o.\u00e4. vermissen, lohnt sich vielleicht ein Blick in die Fundecke. Diese befindet sich direkt beim Hausmeisterb\u00fcro,<\/p>\n","protected":false},"excerpt":{"rendered":"<p>Hausmeister Kurze Vorstellung von Michael Hellwig Seit 01.08.2023 arbeite ich als Hausmeister der Grundschule Grasleben. Ich bin im Jahr 1984 im Landkreis Northeim geboren, seit 2010 lebe ich in der Gemeinde Grasleben und wohne mit meiner Frau und meinem Sohn in Rennau, hier verbringe ich meine Freizeit mit der Familie und kann meinen Hobbys: Garten, &hellip; <a href=\"https:\/\/wordpress.nibis.de\/gsgrasleben\/hausmeister\/\" class=\"more-link\"><span class=\"screen-reader-text\">Hausmeister<\/span> weiterlesen <span class=\"meta-nav\">&rarr;<\/span><\/a><\/p>\n","protected":false},"author":1178,"featured_media":0,"parent":0,"menu_order":0,"comment_status":"closed","ping_status":"closed","template":"","meta":{"footnotes":""},"class_list":["post-427","page","type-page","status-publish","hentry"],"_links":{"self":[{"href":"https:\/\/wordpress.nibis.de\/gsgrasleben\/wp-json\/wp\/v2\/pages\/427","targetHints":{"allow":["GET"]}}],"collection":[{"href":"https:\/\/wordpress.nibis.de\/gsgrasleben\/wp-json\/wp\/v2\/pages"}],"about":[{"href":"https:\/\/wordpress.nibis.de\/gsgrasleben\/wp-json\/wp\/v2\/types\/page"}],"author":[{"embeddable":true,"href":"https:\/\/wordpress.nibis.de\/gsgrasleben\/wp-json\/wp\/v2\/users\/1178"}],"replies":[{"embeddable":true,"href":"https:\/\/wordpress.nibis.de\/gsgrasleben\/wp-json\/wp\/v2\/comments?post=427"}],"version-history":[{"count":15,"href":"https:\/\/wordpress.nibis.de\/gsgrasleben\/wp-json\/wp\/v2\/pages\/427\/revisions"}],"predecessor-version":[{"id":3481,"href":"https:\/\/wordpress.nibis.de\/gsgrasleben\/wp-json\/wp\/v2\/pages\/427\/revisions\/3481"}],"wp:attachment":[{"href":"https:\/\/wordpress.nibis.de\/gsgrasleben\/wp-json\/wp\/v2\/media?parent=427"}],"curies":[{"name":"wp","href":"https:\/\/api.w.org\/{rel}","templated":true}]}}