{"id":433,"date":"2017-04-02T21:38:25","date_gmt":"2017-04-02T19:38:25","guid":{"rendered":"http:\/\/wordpress.nibis.de\/gsgrasleben\/?page_id=433"},"modified":"2025-01-11T14:56:20","modified_gmt":"2025-01-11T13:56:20","slug":"paedagogische-mitarbeiter","status":"publish","type":"page","link":"https:\/\/wordpress.nibis.de\/gsgrasleben\/paedagogische-mitarbeiter\/","title":{"rendered":"P\u00e4dagogische Mitarbeiter"},"content":{"rendered":"<p>Unsere P\u00e4dagogischen Mitarbeiterinnen sind f\u00fcr unsere Arbeit sehr wichtig, denn im Krankheitsfall k\u00f6nnen wir uns auf ihre Vertretung verlassen.<\/p>\n<p>Weiterhin arbeiten unsere P\u00e4dagogischen Mitarbeiter im Rahmen der Verl\u00e4sslichen Grundschule in der <a href=\"https:\/\/wordpress.nibis.de\/gsgrasleben\/betreuung\/\">Betreuung<\/a>.<\/p>\n\n\n<figure class=\"wp-block-image size-large\"><img loading=\"lazy\" decoding=\"async\" width=\"666\" height=\"968\" src=\"https:\/\/wordpress.nibis.de\/gsgrasleben\/files\/2020\/11\/Frau-Werner-1.jpg\" alt=\"\" class=\"wp-image-2906\" \/><figcaption>Frau Werner<\/figcaption><\/figure>\n\n\n\n<figure class=\"wp-block-image size-full\"><img loading=\"lazy\" decoding=\"async\" width=\"619\" height=\"800\" src=\"https:\/\/wordpress.nibis.de\/gsgrasleben\/files\/2024\/04\/Katharina_Zeidler.jpg\" alt=\"\" class=\"wp-image-3621\" \/><figcaption>Frau Zeidler <\/figcaption><\/figure>\n\n\n\n<figure class=\"wp-block-image size-full\"><img loading=\"lazy\" decoding=\"async\" width=\"608\" height=\"800\" src=\"https:\/\/wordpress.nibis.de\/gsgrasleben\/files\/2024\/04\/Rebekka_Noerthen.jpg\" alt=\"\" class=\"wp-image-3622\" \/><figcaption> Frau Noerthen<\/figcaption><\/figure>\n","protected":false},"excerpt":{"rendered":"<p>Unsere P\u00e4dagogischen Mitarbeiterinnen sind f\u00fcr unsere Arbeit sehr wichtig, denn im Krankheitsfall k\u00f6nnen wir uns auf ihre Vertretung verlassen. Weiterhin arbeiten unsere P\u00e4dagogischen Mitarbeiter im Rahmen der Verl\u00e4sslichen Grundschule in der Betreuung.<\/p>\n","protected":false},"author":1178,"featured_media":0,"parent":0,"menu_order":0,"comment_status":"closed","ping_status":"closed","template":"","meta":{"footnotes":""},"class_list":["post-433","page","type-page","status-publish","hentry"],"_links":{"self":[{"href":"https:\/\/wordpress.nibis.de\/gsgrasleben\/wp-json\/wp\/v2\/pages\/433","targetHints":{"allow":["GET"]}}],"collection":[{"href":"https:\/\/wordpress.nibis.de\/gsgrasleben\/wp-json\/wp\/v2\/pages"}],"about":[{"href":"https:\/\/wordpress.nibis.de\/gsgrasleben\/wp-json\/wp\/v2\/types\/page"}],"author":[{"embeddable":true,"href":"https:\/\/wordpress.nibis.de\/gsgrasleben\/wp-json\/wp\/v2\/users\/1178"}],"replies":[{"embeddable":true,"href":"https:\/\/wordpress.nibis.de\/gsgrasleben\/wp-json\/wp\/v2\/comments?post=433"}],"version-history":[{"count":10,"href":"https:\/\/wordpress.nibis.de\/gsgrasleben\/wp-json\/wp\/v2\/pages\/433\/revisions"}],"predecessor-version":[{"id":4254,"href":"https:\/\/wordpress.nibis.de\/gsgrasleben\/wp-json\/wp\/v2\/pages\/433\/revisions\/4254"}],"wp:attachment":[{"href":"https:\/\/wordpress.nibis.de\/gsgrasleben\/wp-json\/wp\/v2\/media?parent=433"}],"curies":[{"name":"wp","href":"https:\/\/api.w.org\/{rel}","templated":true}]}}