{"id":460,"date":"2017-04-05T11:19:22","date_gmt":"2017-04-05T09:19:22","guid":{"rendered":"http:\/\/wordpress.nibis.de\/gsgrasleben\/?page_id=460"},"modified":"2025-01-11T14:51:59","modified_gmt":"2025-01-11T13:51:59","slug":"betreuung","status":"publish","type":"page","link":"https:\/\/wordpress.nibis.de\/gsgrasleben\/betreuung\/","title":{"rendered":"Betreuung"},"content":{"rendered":"<p>Als verl\u00e4ssliche Grundschule bietet die Grundschule Grasleben in der 5. Unterrichtsstunde von 11.50 Uhr bis 12.40 Uhr eine Betreuung an, die\u00a0 freiwillig ist.<br \/>Die Kinder werden zu Beginn des Schuljahres verbindlich von den Eltern dazu angemeldet.<br \/>Momentan werden drei Gruppen von Frau Werner,\u00a0 Frau Noerthen und Frau Zeidler betreut.<br \/>Den Kindern stehen in den Gruppenr\u00e4umen unterschiedliche Spielmaterialien zur Verf\u00fcgung z.B. Holzbausteine, Lego, Tischspiele, B\u00fccher, Mal- und Bastelutensilien.<br \/>Wenn das Wetter es zul\u00e4sst, spielen die Kinder drau\u00dfen z.B. Fu\u00dfball, Tischtennis, Basketball, Seilspringen oder mit dem Sandspielzeug.<br \/>Die Kinder werden ermutigt in kleinen oder gr\u00f6\u00dferen Gruppen selbstst\u00e4ndig zu spielen und werden von den Betreuern darin unterst\u00fctzt.<br \/>In der Betreuungszeit sollen keine Hausaufgaben angefertigt werden.<\/p>\n<p>Unsere p\u00e4dagogischen Mitarbeiterinnen:<\/p>\n\n\n<figure class=\"wp-block-image size-full\"><img loading=\"lazy\" decoding=\"async\" width=\"608\" height=\"800\" src=\"https:\/\/wordpress.nibis.de\/gsgrasleben\/files\/2024\/04\/Rebekka_Noerthen.jpg\" alt=\"\" class=\"wp-image-3622\" \/><figcaption>Frau Noerthen<\/figcaption><\/figure>\n\n\n\n<figure class=\"wp-block-image size-full\"><img loading=\"lazy\" decoding=\"async\" width=\"619\" height=\"800\" src=\"https:\/\/wordpress.nibis.de\/gsgrasleben\/files\/2024\/04\/Katharina_Zeidler.jpg\" alt=\"\" class=\"wp-image-3621\" \/><figcaption>Frau Zeidler<\/figcaption><\/figure>\n\n\n\n<figure class=\"wp-block-image size-large\"><img loading=\"lazy\" decoding=\"async\" width=\"666\" height=\"968\" src=\"https:\/\/wordpress.nibis.de\/gsgrasleben\/files\/2020\/11\/Frau-Werner-1.jpg\" alt=\"\" class=\"wp-image-2906\" \/><figcaption>Frau Werner<\/figcaption><\/figure>\n","protected":false},"excerpt":{"rendered":"<p>Als verl\u00e4ssliche Grundschule bietet die Grundschule Grasleben in der 5. Unterrichtsstunde von 11.50 Uhr bis 12.40 Uhr eine Betreuung an, die\u00a0 freiwillig ist.Die Kinder werden zu Beginn des Schuljahres verbindlich von den Eltern dazu angemeldet.Momentan werden drei Gruppen von Frau Werner,\u00a0 Frau Noerthen und Frau Zeidler betreut.Den Kindern stehen in den Gruppenr\u00e4umen unterschiedliche Spielmaterialien zur &hellip; <a href=\"https:\/\/wordpress.nibis.de\/gsgrasleben\/betreuung\/\" class=\"more-link\"><span class=\"screen-reader-text\">Betreuung<\/span> weiterlesen <span class=\"meta-nav\">&rarr;<\/span><\/a><\/p>\n","protected":false},"author":1178,"featured_media":0,"parent":0,"menu_order":0,"comment_status":"closed","ping_status":"closed","template":"","meta":{"footnotes":""},"class_list":["post-460","page","type-page","status-publish","hentry"],"_links":{"self":[{"href":"https:\/\/wordpress.nibis.de\/gsgrasleben\/wp-json\/wp\/v2\/pages\/460","targetHints":{"allow":["GET"]}}],"collection":[{"href":"https:\/\/wordpress.nibis.de\/gsgrasleben\/wp-json\/wp\/v2\/pages"}],"about":[{"href":"https:\/\/wordpress.nibis.de\/gsgrasleben\/wp-json\/wp\/v2\/types\/page"}],"author":[{"embeddable":true,"href":"https:\/\/wordpress.nibis.de\/gsgrasleben\/wp-json\/wp\/v2\/users\/1178"}],"replies":[{"embeddable":true,"href":"https:\/\/wordpress.nibis.de\/gsgrasleben\/wp-json\/wp\/v2\/comments?post=460"}],"version-history":[{"count":10,"href":"https:\/\/wordpress.nibis.de\/gsgrasleben\/wp-json\/wp\/v2\/pages\/460\/revisions"}],"predecessor-version":[{"id":4250,"href":"https:\/\/wordpress.nibis.de\/gsgrasleben\/wp-json\/wp\/v2\/pages\/460\/revisions\/4250"}],"wp:attachment":[{"href":"https:\/\/wordpress.nibis.de\/gsgrasleben\/wp-json\/wp\/v2\/media?parent=460"}],"curies":[{"name":"wp","href":"https:\/\/api.w.org\/{rel}","templated":true}]}}