{"id":473,"date":"2017-04-05T11:57:58","date_gmt":"2017-04-05T09:57:58","guid":{"rendered":"http:\/\/wordpress.nibis.de\/gsgrasleben\/?page_id=473"},"modified":"2025-01-09T19:13:27","modified_gmt":"2025-01-09T18:13:27","slug":"unsere-aktuellen-aktionen","status":"publish","type":"page","link":"https:\/\/wordpress.nibis.de\/gsgrasleben\/unsere-aktuellen-aktionen\/","title":{"rendered":"Unsere aktuellen Aktionen"},"content":{"rendered":"<p><span style=\"font-size: 24pt\"><strong>SHUUZ<\/strong><\/span><\/p>\n<p>Seit Mai 2014 beteiligt sich unsere Schule am Sammelprojekt Shuuz. Entstanden ist dies aus einer Unterrichtseinheit im Sachunterricht zum Thema M\u00fcll.<\/p>\n<p>Sie k\u00f6nnen unsere Einrichtung unterst\u00fctzen, indem Sie Ihre aussortierten Schuhen spenden! Unsere Einrichtung nimmt am Projekt SHUUZ &#8211; Gutes tun mit gebrauchten Schuhen teil und SHUUZ zahlt uns f\u00fcr gebrauchte Schuhe bares Geld. Gemeinsam mit seinem Partner KOLPING Recycling k\u00fcmmert sich SHUUZ weltweit um die faire und transparente Verteilung der Schuhe. Im Gegensatz zum Einwurf Ihrer Schuhe in einen anonymen Altkleider-Container haben Sie so direkt die Gewissheit, was mit dem Geld aus Ihrer Schuhspende geschieht, denn Sie f\u00f6rdern durch Ihr Engagement unmittelbar die Arbeit in unserer Einrichtung.<\/p>\n<p><strong>So einfach k\u00f6nnen Sie uns mit Ihren alten Schuhen unterst\u00fctzen:<\/strong> Misten Sie Ihren Schuhschrank aus! F\u00fcr die Sammlung geeignet sind alle tragf\u00e4higen und zum Laufen geeigneten Schuhe (also z.B. keine Schlittschuhe oder Motorradstiefel). Ideal ist es, wenn Sie Schn\u00fcrschuhe als Paar mit der Schn\u00fcrung aneinander knoten, andere Schuhe mit Malerkrepp o\u00e4 b\u00fcndeln. Bringen Sie Ihre alten Schuhe mit in unsere Einrichtung und werfen Sie sie dort in die Sammelbox. Vielen Dank!<\/p>\n<p>Informationen gibt es unter: <a href=\"http:\/\/www.shuuz.de\" target=\"_blank\" rel=\"noopener noreferrer\">www.shuuz.de<\/a><\/p>\n<p><img decoding=\"async\" src=\"https:\/\/wordpress.nibis.de\/gsgrasleben\/files\/2019\/10\/shuuz-spendenbutton-501x361.png\" alt=\"Dieses Bild hat ein leeres Alt-Attribut. Der Dateiname ist shuuz-spendenbutton-501x361.png\" \/><\/p>\n<p>Text: J. Rosenm\u00fcller<\/p>\n","protected":false},"excerpt":{"rendered":"<p>SHUUZ Seit Mai 2014 beteiligt sich unsere Schule am Sammelprojekt Shuuz. Entstanden ist dies aus einer Unterrichtseinheit im Sachunterricht zum Thema M\u00fcll. Sie k\u00f6nnen unsere Einrichtung unterst\u00fctzen, indem Sie Ihre aussortierten Schuhen spenden! Unsere Einrichtung nimmt am Projekt SHUUZ &#8211; Gutes tun mit gebrauchten Schuhen teil und SHUUZ zahlt uns f\u00fcr gebrauchte Schuhe bares Geld. &hellip; <a href=\"https:\/\/wordpress.nibis.de\/gsgrasleben\/unsere-aktuellen-aktionen\/\" class=\"more-link\"><span class=\"screen-reader-text\">Unsere aktuellen Aktionen<\/span> weiterlesen <span class=\"meta-nav\">&rarr;<\/span><\/a><\/p>\n","protected":false},"author":1178,"featured_media":0,"parent":0,"menu_order":0,"comment_status":"closed","ping_status":"closed","template":"","meta":{"footnotes":""},"class_list":["post-473","page","type-page","status-publish","hentry"],"_links":{"self":[{"href":"https:\/\/wordpress.nibis.de\/gsgrasleben\/wp-json\/wp\/v2\/pages\/473","targetHints":{"allow":["GET"]}}],"collection":[{"href":"https:\/\/wordpress.nibis.de\/gsgrasleben\/wp-json\/wp\/v2\/pages"}],"about":[{"href":"https:\/\/wordpress.nibis.de\/gsgrasleben\/wp-json\/wp\/v2\/types\/page"}],"author":[{"embeddable":true,"href":"https:\/\/wordpress.nibis.de\/gsgrasleben\/wp-json\/wp\/v2\/users\/1178"}],"replies":[{"embeddable":true,"href":"https:\/\/wordpress.nibis.de\/gsgrasleben\/wp-json\/wp\/v2\/comments?post=473"}],"version-history":[{"count":9,"href":"https:\/\/wordpress.nibis.de\/gsgrasleben\/wp-json\/wp\/v2\/pages\/473\/revisions"}],"predecessor-version":[{"id":4236,"href":"https:\/\/wordpress.nibis.de\/gsgrasleben\/wp-json\/wp\/v2\/pages\/473\/revisions\/4236"}],"wp:attachment":[{"href":"https:\/\/wordpress.nibis.de\/gsgrasleben\/wp-json\/wp\/v2\/media?parent=473"}],"curies":[{"name":"wp","href":"https:\/\/api.w.org\/{rel}","templated":true}]}}