{"id":48,"date":"2017-02-14T21:41:26","date_gmt":"2017-02-14T20:41:26","guid":{"rendered":"http:\/\/wordpress.nibis.de\/gsgrasleben\/?page_id=48"},"modified":"2025-06-12T19:54:35","modified_gmt":"2025-06-12T17:54:35","slug":"kollegium","status":"publish","type":"page","link":"https:\/\/wordpress.nibis.de\/gsgrasleben\/menschen\/kollegium\/","title":{"rendered":"Kollegium"},"content":{"rendered":"\n<p>Zur Zeit besuchen ca. 180 Kinder in 8 Klassen die Schule.<br \/>Geleitet wird sie von Frau Kromp.<\/p>\n\n\n\n<figure class=\"wp-block-image\"><img loading=\"lazy\" decoding=\"async\" width=\"691\" height=\"968\" src=\"https:\/\/wordpress.nibis.de\/gsgrasleben\/files\/2019\/03\/Frau-Kromp.jpg\" alt=\"\" class=\"wp-image-2211\" \/><\/figure>\n\n\n\n<p>Zum Kollegium geh\u00f6ren weiter zehn Lehrerinnen, eine F\u00f6rderschullehrerin, eine Referendarin, vier p\u00e4dagogische Mitarbeiterinnen, vier Schulbegleitungen, der Hausmeister und die Schulsekret\u00e4rin.<\/p>\n\n\n\n<figure class=\"wp-block-image size-large\"><img loading=\"lazy\" decoding=\"async\" width=\"675\" height=\"968\" src=\"https:\/\/wordpress.nibis.de\/gsgrasleben\/files\/2021\/01\/Frau-Zernecke.jpg\" alt=\"\" class=\"wp-image-3009\" \/><figcaption>Stephanie Zernecke<\/figcaption><\/figure>\n\n\n\n<figure class=\"wp-block-image size-large\"><img loading=\"lazy\" decoding=\"async\" width=\"656\" height=\"968\" src=\"https:\/\/wordpress.nibis.de\/gsgrasleben\/files\/2021\/01\/Frau-Dowideit.jpg\" alt=\"\" class=\"wp-image-3011\" \/><figcaption>Ulrike Dowideit<\/figcaption><\/figure>\n\n\n\n<figure class=\"wp-block-image size-full\"><img loading=\"lazy\" decoding=\"async\" width=\"533\" height=\"800\" src=\"https:\/\/wordpress.nibis.de\/gsgrasleben\/files\/2024\/10\/LI1001-0300-1.jpg\" alt=\"\" class=\"wp-image-4073\" \/><figcaption>Janine Paul<\/figcaption><\/figure>\n\n\n\n<figure class=\"wp-block-image size-large\"><img loading=\"lazy\" decoding=\"async\" width=\"676\" height=\"968\" src=\"https:\/\/wordpress.nibis.de\/gsgrasleben\/files\/2021\/01\/Frau-Lehmann.jpg\" alt=\"\" class=\"wp-image-3012\" \/><figcaption>Jenny Oswald<\/figcaption><\/figure>\n\n\n\n<figure class=\"wp-block-image size-large\"><img loading=\"lazy\" decoding=\"async\" width=\"675\" height=\"968\" src=\"https:\/\/wordpress.nibis.de\/gsgrasleben\/files\/2021\/01\/Frau-L\u00f6hr.jpg\" alt=\"\" class=\"wp-image-3013\" \/><figcaption>Wiebke L\u00f6hr<\/figcaption><\/figure>\n\n\n\n<figure class=\"wp-block-image size-large\"><img loading=\"lazy\" decoding=\"async\" width=\"726\" height=\"968\" src=\"https:\/\/wordpress.nibis.de\/gsgrasleben\/files\/2021\/02\/Frau-Pollitz-Gantz-neu.jpg\" alt=\"\" class=\"wp-image-3078\" \/><figcaption>Antje Pollitz-Gantz<\/figcaption><\/figure>\n\n\n\n<figure class=\"wp-block-image size-large\"><img loading=\"lazy\" decoding=\"async\" width=\"640\" height=\"968\" src=\"https:\/\/wordpress.nibis.de\/gsgrasleben\/files\/2021\/01\/Frau-Rosenm\u00fcller.jpg\" alt=\"\" class=\"wp-image-3016\" \/><figcaption>Julia Rosenm\u00fcller<\/figcaption><\/figure>\n\n\n\n<figure class=\"wp-block-image size-full\"><img loading=\"lazy\" decoding=\"async\" width=\"533\" height=\"800\" src=\"https:\/\/wordpress.nibis.de\/gsgrasleben\/files\/2024\/10\/LI1001-0875-1.jpg\" alt=\"\" class=\"wp-image-4064\" \/><figcaption>Inga Wolter (F\u00f6rderschullehrerin)<\/figcaption><\/figure>\n\n\n\n<figure class=\"wp-block-image size-full\"><img loading=\"lazy\" decoding=\"async\" width=\"533\" height=\"800\" src=\"https:\/\/wordpress.nibis.de\/gsgrasleben\/files\/2024\/10\/LI1001-0149-1.jpg\" alt=\"\" class=\"wp-image-4065\" \/><figcaption><em>Jessica Hofmann<\/em><\/figcaption><\/figure>\n\n\n\n<figure class=\"wp-block-image size-full\"><img loading=\"lazy\" decoding=\"async\" width=\"533\" height=\"800\" src=\"https:\/\/wordpress.nibis.de\/gsgrasleben\/files\/2024\/10\/LI1001-0298.jpg\" alt=\"\" class=\"wp-image-4069\" \/><figcaption><em>Julia Weinert<\/em><\/figcaption><\/figure>\n\n\n\n<p><\/p>\n\n\n\n<figure class=\"wp-block-image size-full\"><img loading=\"lazy\" decoding=\"async\" width=\"533\" height=\"800\" src=\"https:\/\/wordpress.nibis.de\/gsgrasleben\/files\/2025\/02\/IMG_6623.jpg\" alt=\"\" class=\"wp-image-4360\" \/><figcaption>Anna Roth<\/figcaption><\/figure>\n\n\n\n<p> <\/p>\n\n\n\n<p><span style=\"font-size: 18pt\"><strong>Weitere Fotos<\/strong><\/span><\/p>\n\n\n\n<figure class=\"wp-block-image size-full\"><img loading=\"lazy\" decoding=\"async\" width=\"800\" height=\"533\" src=\"https:\/\/wordpress.nibis.de\/gsgrasleben\/files\/2024\/12\/LI1001-0866.jpg\" alt=\"\" class=\"wp-image-4136\" srcset=\"https:\/\/wordpress.nibis.de\/gsgrasleben\/files\/2024\/12\/LI1001-0866.jpg 800w, https:\/\/wordpress.nibis.de\/gsgrasleben\/files\/2024\/12\/LI1001-0866-768x512.jpg 768w\" sizes=\"auto, (max-width: 800px) 100vw, 800px\" \/><\/figure>\n\n\n\n<figure class=\"wp-block-image\"><img decoding=\"async\" src=\"https:\/\/wordpress.nibis.de\/gsgrasleben\/files\/2020\/11\/Kollegium-2.jpg\" alt=\"Dieses Bild hat ein leeres Alt-Attribut. Der Dateiname ist Kollegium-2.jpg\" \/><\/figure>\n\n\n\n<figure class=\"wp-block-image\"><img loading=\"lazy\" decoding=\"async\" width=\"1024\" height=\"757\" src=\"https:\/\/wordpress.nibis.de\/gsgrasleben\/files\/2019\/11\/Kollegium.jpg\" alt=\"\" class=\"wp-image-2620\" srcset=\"https:\/\/wordpress.nibis.de\/gsgrasleben\/files\/2019\/11\/Kollegium.jpg 1024w, https:\/\/wordpress.nibis.de\/gsgrasleben\/files\/2019\/11\/Kollegium-768x568.jpg 768w\" sizes=\"auto, (max-width: 1024px) 100vw, 1024px\" \/><\/figure>\n\n\n\n<figure class=\"wp-block-image\"><img loading=\"lazy\" decoding=\"async\" width=\"1024\" height=\"757\" src=\"https:\/\/wordpress.nibis.de\/gsgrasleben\/files\/2019\/03\/Kollegiumsfoto.jpg\" alt=\"\" class=\"wp-image-2212\" srcset=\"https:\/\/wordpress.nibis.de\/gsgrasleben\/files\/2019\/03\/Kollegiumsfoto.jpg 1024w, https:\/\/wordpress.nibis.de\/gsgrasleben\/files\/2019\/03\/Kollegiumsfoto-768x568.jpg 768w\" sizes=\"auto, (max-width: 1024px) 100vw, 1024px\" \/><\/figure>\n\n\n\n<figure class=\"wp-block-image\"><img loading=\"lazy\" decoding=\"async\" width=\"1024\" height=\"757\" src=\"http:\/\/wordpress.nibis.de\/gsgrasleben\/files\/2017\/02\/Kollegium-2017.jpg\" alt=\"\" class=\"wp-image-890\" srcset=\"https:\/\/wordpress.nibis.de\/gsgrasleben\/files\/2017\/02\/Kollegium-2017.jpg 1024w, https:\/\/wordpress.nibis.de\/gsgrasleben\/files\/2017\/02\/Kollegium-2017-768x568.jpg 768w\" sizes=\"auto, (max-width: 1024px) 100vw, 1024px\" \/><\/figure>\n\n\n\n<div>&nbsp;<\/div>\n\n\n\n<div>&nbsp;<\/div>\n\n\n","protected":false},"excerpt":{"rendered":"<p>Zur Zeit besuchen ca. 180 Kinder in 8 Klassen die Schule.Geleitet wird sie von Frau Kromp. Zum Kollegium geh\u00f6ren weiter zehn Lehrerinnen, eine F\u00f6rderschullehrerin, eine Referendarin, vier p\u00e4dagogische Mitarbeiterinnen, vier Schulbegleitungen, der Hausmeister und die Schulsekret\u00e4rin. Weitere Fotos &nbsp; &nbsp;<\/p>\n","protected":false},"author":1178,"featured_media":0,"parent":39,"menu_order":3,"comment_status":"closed","ping_status":"closed","template":"","meta":{"footnotes":""},"class_list":["post-48","page","type-page","status-publish","hentry"],"_links":{"self":[{"href":"https:\/\/wordpress.nibis.de\/gsgrasleben\/wp-json\/wp\/v2\/pages\/48","targetHints":{"allow":["GET"]}}],"collection":[{"href":"https:\/\/wordpress.nibis.de\/gsgrasleben\/wp-json\/wp\/v2\/pages"}],"about":[{"href":"https:\/\/wordpress.nibis.de\/gsgrasleben\/wp-json\/wp\/v2\/types\/page"}],"author":[{"embeddable":true,"href":"https:\/\/wordpress.nibis.de\/gsgrasleben\/wp-json\/wp\/v2\/users\/1178"}],"replies":[{"embeddable":true,"href":"https:\/\/wordpress.nibis.de\/gsgrasleben\/wp-json\/wp\/v2\/comments?post=48"}],"version-history":[{"count":68,"href":"https:\/\/wordpress.nibis.de\/gsgrasleben\/wp-json\/wp\/v2\/pages\/48\/revisions"}],"predecessor-version":[{"id":4501,"href":"https:\/\/wordpress.nibis.de\/gsgrasleben\/wp-json\/wp\/v2\/pages\/48\/revisions\/4501"}],"up":[{"embeddable":true,"href":"https:\/\/wordpress.nibis.de\/gsgrasleben\/wp-json\/wp\/v2\/pages\/39"}],"wp:attachment":[{"href":"https:\/\/wordpress.nibis.de\/gsgrasleben\/wp-json\/wp\/v2\/media?parent=48"}],"curies":[{"name":"wp","href":"https:\/\/api.w.org\/{rel}","templated":true}]}}