{"id":50,"date":"2017-02-14T21:42:40","date_gmt":"2017-02-14T20:42:40","guid":{"rendered":"http:\/\/wordpress.nibis.de\/gsgrasleben\/?page_id=50"},"modified":"2025-01-11T14:55:23","modified_gmt":"2025-01-11T13:55:23","slug":"schulvorstand","status":"publish","type":"page","link":"https:\/\/wordpress.nibis.de\/gsgrasleben\/menschen\/schulvorstand\/","title":{"rendered":"Schulvorstand"},"content":{"rendered":"<p>An jeder Schule mit mindestens vier Vollzeitlehrkr\u00e4ften ist ein Schulvorstand einzurichten. Hat eine Schule weniger als vier Vollzeitlehrkr\u00e4fte, so nimmt die Gesamtkonferenz die Aufgaben des Schulvorstandes wahr. Die Zusammensetzung des Schulvorstandes ist in \u00a7 38 b NSchG geregelt. An den allgemein bildenden Schulen hat der Schulvorstand je nach Anzahl der Vollzeitlehrkr\u00e4fte an der Schule 8 bis 16 Mitglieder. Er besteht zur einen H\u00e4lfte aus Vertreterinnen und Vertretern der Lehrkr\u00e4fte (Schulleiter\/in und die von der Gesamtkonferenz gew\u00e4hlten Lehrkr\u00e4fte) und zur anderen H\u00e4lfte aus Vertreterinnen und Vertretern der Erziehungsberechtigten sowie der Sch\u00fclerinnen und Sch\u00fcler. An den Grundschulen setzt sich der Schulvorstand jeweils zur H\u00e4lfte aus Vertreterinnen und Vertretern der Lehrkr\u00e4fte sowie der Erziehungsberechtigten zusammen.<\/p>\n<p>Dem Schulvorstand obliegt die wichtige Aufgabe, die Arbeit der Schule mit dem Ziel der Qualit\u00e4tsentwicklung zu gestalten. Die Entscheidungsbefugnisse des Schulvorstandes sind in \u00a7 38 a Abs. 3 NSchG abschlie\u00dfend festgelegt. Der Schulvorstand entscheidet u. a. \u00fcber den von der Schulleiterin\/dem Schulleiter aufgestellten Plan \u00fcber die Verwendung der Haushaltsmittel, die Zusammenarbeit mit anderen Schulen, Schulpartnerschaften, die Ausgestaltung der Stundentafel, Grunds\u00e4tze f\u00fcr die Durchf\u00fchrung von Projektwochen, f\u00fcr die Werbung und das Sponsoring in der Schule und f\u00fcr die j\u00e4hrliche \u00dcberpr\u00fcfung der Arbeit der Schule nach \u00a7 32 Abs. 3 NSchG .<\/p>\n<p>Die wichtigsten Antworten und Fragen zum Schulvorstand sind auf der Homepage des Nieders\u00e4chsischen Kultusministeriums unter <i class=\"glyphicon link-external\"><\/i><a href=\"http:\/\/www.mk.niedersachsen.de\/live\/live.php?navigation_id=1897&amp;_psmand=8\" target=\"_blank\" rel=\"noopener noreferrer\">www.mk.niedersachsen.de<\/a> zu finden.<\/p>\n<p>Quelle: Nieders\u00e4chsische Landesschulbeh\u00f6rde<\/p>\n<p>Mitglieder des Schulvorstandes (Stand: 19.09.2024)<\/p>\n<p>Frau Kromp, Frau Pollitz- Gantz, Frau Rosenm\u00fcller und Frau Oswald<\/p>\n<p>Frau Meine,\u00a0 Frau Rubow, Frau Nimz und Frau Nimz<\/p>\n","protected":false},"excerpt":{"rendered":"<p>An jeder Schule mit mindestens vier Vollzeitlehrkr\u00e4ften ist ein Schulvorstand einzurichten. Hat eine Schule weniger als vier Vollzeitlehrkr\u00e4fte, so nimmt die Gesamtkonferenz die Aufgaben des Schulvorstandes wahr. Die Zusammensetzung des Schulvorstandes ist in \u00a7 38 b NSchG geregelt. An den allgemein bildenden Schulen hat der Schulvorstand je nach Anzahl der Vollzeitlehrkr\u00e4fte an der Schule 8 &hellip; <a href=\"https:\/\/wordpress.nibis.de\/gsgrasleben\/menschen\/schulvorstand\/\" class=\"more-link\"><span class=\"screen-reader-text\">Schulvorstand<\/span> weiterlesen <span class=\"meta-nav\">&rarr;<\/span><\/a><\/p>\n","protected":false},"author":1178,"featured_media":0,"parent":39,"menu_order":4,"comment_status":"closed","ping_status":"closed","template":"","meta":{"footnotes":""},"class_list":["post-50","page","type-page","status-publish","hentry"],"_links":{"self":[{"href":"https:\/\/wordpress.nibis.de\/gsgrasleben\/wp-json\/wp\/v2\/pages\/50","targetHints":{"allow":["GET"]}}],"collection":[{"href":"https:\/\/wordpress.nibis.de\/gsgrasleben\/wp-json\/wp\/v2\/pages"}],"about":[{"href":"https:\/\/wordpress.nibis.de\/gsgrasleben\/wp-json\/wp\/v2\/types\/page"}],"author":[{"embeddable":true,"href":"https:\/\/wordpress.nibis.de\/gsgrasleben\/wp-json\/wp\/v2\/users\/1178"}],"replies":[{"embeddable":true,"href":"https:\/\/wordpress.nibis.de\/gsgrasleben\/wp-json\/wp\/v2\/comments?post=50"}],"version-history":[{"count":5,"href":"https:\/\/wordpress.nibis.de\/gsgrasleben\/wp-json\/wp\/v2\/pages\/50\/revisions"}],"predecessor-version":[{"id":4253,"href":"https:\/\/wordpress.nibis.de\/gsgrasleben\/wp-json\/wp\/v2\/pages\/50\/revisions\/4253"}],"up":[{"embeddable":true,"href":"https:\/\/wordpress.nibis.de\/gsgrasleben\/wp-json\/wp\/v2\/pages\/39"}],"wp:attachment":[{"href":"https:\/\/wordpress.nibis.de\/gsgrasleben\/wp-json\/wp\/v2\/media?parent=50"}],"curies":[{"name":"wp","href":"https:\/\/api.w.org\/{rel}","templated":true}]}}