{"id":54,"date":"2017-02-14T21:43:50","date_gmt":"2017-02-14T20:43:50","guid":{"rendered":"http:\/\/wordpress.nibis.de\/gsgrasleben\/?page_id=54"},"modified":"2023-04-16T15:50:23","modified_gmt":"2023-04-16T13:50:23","slug":"foerderverein","status":"publish","type":"page","link":"https:\/\/wordpress.nibis.de\/gsgrasleben\/menschen\/foerderverein\/","title":{"rendered":"Schulf\u00f6rderverein"},"content":{"rendered":"<p>Der Schulf\u00f6rderverein der GS Grasleben stellt sich vor<\/p>\n<p>Stand: 16.04.2023<\/p>\n<p>Der Schulf\u00f6rderverein wurde 1987 gegr\u00fcndet.<\/p>\n<p>Das Geld, das aus den Mitgliedsbeitr\u00e4gen und Spenden kommt, wird ausschlie\u00dflich den Kindern an der Grundschule Grasleben zu Gute kommen.<\/p>\n<p>In den vergangenen Jahren wurden folgende Projekte bezuschusst, unterst\u00fctzt oder vollst\u00e4ndig vom Schulf\u00f6rderverein bezahlt:<\/p>\n<ul>\n<li>Projekt Klasse 2000<\/li>\n<li>Antolin- Leseprojekt<\/li>\n<li>Schaukel und Holz- Gartenhaus<\/li>\n<li>verschiedene Spielger\u00e4te auf dem Schulhof<\/li>\n<li>Ausstattung der Betreuungsr\u00e4ume u.v.m.<\/li>\n<\/ul>\n\n\n<p>Sie wollen den F\u00f6rderverein unterst\u00fctzen:<\/p>\n\n\n\n<p><\/p>\n\n\n\n<div data-wp-interactive=\"core\/file\" class=\"wp-block-file\"><object data-wp-bind--hidden=\"!state.hasPdfPreview\" hidden class=\"wp-block-file__embed\" data=\"https:\/\/wordpress.nibis.de\/gsgrasleben\/files\/2023\/04\/SEPA-Lastschrift-Mandat-2.pdf\" type=\"application\/pdf\" style=\"width:100%;height:600px\" aria-label=\"Einbettung von Einbettung von SEPA-Lastschrift-Mandat-2..\"><\/object><a id=\"wp-block-file--media-fabe03ed-8dd3-4a3e-81c2-18ee8874a9a0\" href=\"https:\/\/wordpress.nibis.de\/gsgrasleben\/files\/2023\/04\/SEPA-Lastschrift-Mandat-2.pdf\">SEPA-Lastschrift-Mandat-2<\/a><a href=\"https:\/\/wordpress.nibis.de\/gsgrasleben\/files\/2023\/04\/SEPA-Lastschrift-Mandat-2.pdf\" class=\"wp-block-file__button\" download aria-describedby=\"wp-block-file--media-fabe03ed-8dd3-4a3e-81c2-18ee8874a9a0\">Herunterladen<\/a><\/div>\n\n\n\n<div data-wp-interactive=\"core\/file\" class=\"wp-block-file\"><object data-wp-bind--hidden=\"!state.hasPdfPreview\" hidden class=\"wp-block-file__embed\" data=\"https:\/\/wordpress.nibis.de\/gsgrasleben\/files\/2023\/04\/Beitrittserklaerung-2.pdf\" type=\"application\/pdf\" style=\"width:100%;height:600px\" aria-label=\"Einbettung von Einbettung von Beitrittserklaerung-2..\"><\/object><a id=\"wp-block-file--media-8accfeba-cbf9-4fbe-adf9-ad0fa2b11180\" href=\"https:\/\/wordpress.nibis.de\/gsgrasleben\/files\/2023\/04\/Beitrittserklaerung-2.pdf\">Beitrittserklaerung-2<\/a><a href=\"https:\/\/wordpress.nibis.de\/gsgrasleben\/files\/2023\/04\/Beitrittserklaerung-2.pdf\" class=\"wp-block-file__button\" download aria-describedby=\"wp-block-file--media-8accfeba-cbf9-4fbe-adf9-ad0fa2b11180\">Herunterladen<\/a><\/div>\n\n\n\n<p><\/p>\n\n\n\n<p><\/p>\n","protected":false},"excerpt":{"rendered":"<p>Der Schulf\u00f6rderverein der GS Grasleben stellt sich vor Stand: 16.04.2023 Der Schulf\u00f6rderverein wurde 1987 gegr\u00fcndet. Das Geld, das aus den Mitgliedsbeitr\u00e4gen und Spenden kommt, wird ausschlie\u00dflich den Kindern an der Grundschule Grasleben zu Gute kommen. In den vergangenen Jahren wurden folgende Projekte bezuschusst, unterst\u00fctzt oder vollst\u00e4ndig vom Schulf\u00f6rderverein bezahlt: Projekt Klasse 2000 Antolin- Leseprojekt Schaukel &hellip; <a href=\"https:\/\/wordpress.nibis.de\/gsgrasleben\/menschen\/foerderverein\/\" class=\"more-link\"><span class=\"screen-reader-text\">Schulf\u00f6rderverein<\/span> weiterlesen <span class=\"meta-nav\">&rarr;<\/span><\/a><\/p>\n","protected":false},"author":1178,"featured_media":0,"parent":39,"menu_order":6,"comment_status":"closed","ping_status":"closed","template":"","meta":{"footnotes":""},"class_list":["post-54","page","type-page","status-publish","hentry"],"_links":{"self":[{"href":"https:\/\/wordpress.nibis.de\/gsgrasleben\/wp-json\/wp\/v2\/pages\/54","targetHints":{"allow":["GET"]}}],"collection":[{"href":"https:\/\/wordpress.nibis.de\/gsgrasleben\/wp-json\/wp\/v2\/pages"}],"about":[{"href":"https:\/\/wordpress.nibis.de\/gsgrasleben\/wp-json\/wp\/v2\/types\/page"}],"author":[{"embeddable":true,"href":"https:\/\/wordpress.nibis.de\/gsgrasleben\/wp-json\/wp\/v2\/users\/1178"}],"replies":[{"embeddable":true,"href":"https:\/\/wordpress.nibis.de\/gsgrasleben\/wp-json\/wp\/v2\/comments?post=54"}],"version-history":[{"count":11,"href":"https:\/\/wordpress.nibis.de\/gsgrasleben\/wp-json\/wp\/v2\/pages\/54\/revisions"}],"predecessor-version":[{"id":3440,"href":"https:\/\/wordpress.nibis.de\/gsgrasleben\/wp-json\/wp\/v2\/pages\/54\/revisions\/3440"}],"up":[{"embeddable":true,"href":"https:\/\/wordpress.nibis.de\/gsgrasleben\/wp-json\/wp\/v2\/pages\/39"}],"wp:attachment":[{"href":"https:\/\/wordpress.nibis.de\/gsgrasleben\/wp-json\/wp\/v2\/media?parent=54"}],"curies":[{"name":"wp","href":"https:\/\/api.w.org\/{rel}","templated":true}]}}