{"id":56,"date":"2017-02-14T21:44:25","date_gmt":"2017-02-14T20:44:25","guid":{"rendered":"http:\/\/wordpress.nibis.de\/gsgrasleben\/?page_id=56"},"modified":"2024-12-06T20:28:06","modified_gmt":"2024-12-06T19:28:06","slug":"reinigungskraefte","status":"publish","type":"page","link":"https:\/\/wordpress.nibis.de\/gsgrasleben\/menschen\/reinigungskraefte\/","title":{"rendered":"Reinigungskr\u00e4fte"},"content":{"rendered":"<p>Das Graslebener Putzteam<\/p>\n<p>Was w\u00e4re die Schule nur ohne die Frauen des Reinigungsteams\u2026<\/p>\n<p>Sie sorgen daf\u00fcr, dass wir es bei Wind und Wetter immer sch\u00f6n sauber haben.<\/p>\n<p>Vielen Dank daf\u00fcr!<\/p>\n","protected":false},"excerpt":{"rendered":"<p>Das Graslebener Putzteam Was w\u00e4re die Schule nur ohne die Frauen des Reinigungsteams\u2026 Sie sorgen daf\u00fcr, dass wir es bei Wind und Wetter immer sch\u00f6n sauber haben. Vielen Dank daf\u00fcr!<\/p>\n","protected":false},"author":1178,"featured_media":0,"parent":39,"menu_order":7,"comment_status":"closed","ping_status":"closed","template":"","meta":{"footnotes":""},"class_list":["post-56","page","type-page","status-publish","hentry"],"_links":{"self":[{"href":"https:\/\/wordpress.nibis.de\/gsgrasleben\/wp-json\/wp\/v2\/pages\/56","targetHints":{"allow":["GET"]}}],"collection":[{"href":"https:\/\/wordpress.nibis.de\/gsgrasleben\/wp-json\/wp\/v2\/pages"}],"about":[{"href":"https:\/\/wordpress.nibis.de\/gsgrasleben\/wp-json\/wp\/v2\/types\/page"}],"author":[{"embeddable":true,"href":"https:\/\/wordpress.nibis.de\/gsgrasleben\/wp-json\/wp\/v2\/users\/1178"}],"replies":[{"embeddable":true,"href":"https:\/\/wordpress.nibis.de\/gsgrasleben\/wp-json\/wp\/v2\/comments?post=56"}],"version-history":[{"count":3,"href":"https:\/\/wordpress.nibis.de\/gsgrasleben\/wp-json\/wp\/v2\/pages\/56\/revisions"}],"predecessor-version":[{"id":4224,"href":"https:\/\/wordpress.nibis.de\/gsgrasleben\/wp-json\/wp\/v2\/pages\/56\/revisions\/4224"}],"up":[{"embeddable":true,"href":"https:\/\/wordpress.nibis.de\/gsgrasleben\/wp-json\/wp\/v2\/pages\/39"}],"wp:attachment":[{"href":"https:\/\/wordpress.nibis.de\/gsgrasleben\/wp-json\/wp\/v2\/media?parent=56"}],"curies":[{"name":"wp","href":"https:\/\/api.w.org\/{rel}","templated":true}]}}