{"id":61,"date":"2017-02-14T21:45:33","date_gmt":"2017-02-14T20:45:33","guid":{"rendered":"http:\/\/wordpress.nibis.de\/gsgrasleben\/?page_id=61"},"modified":"2025-01-11T14:45:47","modified_gmt":"2025-01-11T13:45:47","slug":"montagssingen","status":"publish","type":"page","link":"https:\/\/wordpress.nibis.de\/gsgrasleben\/unterricht\/montagssingen\/","title":{"rendered":"Montagssingen"},"content":{"rendered":"<p>Unser morgendliches Ritual am Montag hei\u00dft f\u00fcr die Kinder: Nehmt die Teppichfliesen und die Musikordner mit in die Aula und lasst uns alle zusammen ein Lied singen. Dieses Lied wurde jeweils in den Klassen eine Woche vorher im Rahmen des Musikunterrichtes einge\u00fcbt.<\/p>\n<p>Aber nicht nur der Gesang, auch der Tanz oder kleine Auff\u00fchrungen geh\u00f6ren mit in das Montagssingen hinein. Daf\u00fcr \u00fcben auch schon die \u201eKleinen\u201c \u00fcber Wochen ohne Hilfe eine Choreografie ein und pr\u00e4sentieren sie dann zum Montagssingen.<\/p>\n<p>Nicht zu vergessen: Am Ende wird auch der Erst- und Zweitplatzierte in Punkto Sauberkeit pr\u00e4miert. Dort finden die zwei saubersten Klassen immer einige Leckereien als Belohnung in ihrem Pokal.<\/p>\n<p><img loading=\"lazy\" decoding=\"async\" class=\"alignnone size-full wp-image-335\" src=\"http:\/\/wordpress.nibis.de\/gsgrasleben\/files\/2017\/02\/Montagssingen-2.jpg\" alt=\"\" width=\"1024\" height=\"576\" \/><\/p>\n","protected":false},"excerpt":{"rendered":"<p>Unser morgendliches Ritual am Montag hei\u00dft f\u00fcr die Kinder: Nehmt die Teppichfliesen und die Musikordner mit in die Aula und lasst uns alle zusammen ein Lied singen. Dieses Lied wurde jeweils in den Klassen eine Woche vorher im Rahmen des Musikunterrichtes einge\u00fcbt. Aber nicht nur der Gesang, auch der Tanz oder kleine Auff\u00fchrungen geh\u00f6ren mit &hellip; <a href=\"https:\/\/wordpress.nibis.de\/gsgrasleben\/unterricht\/montagssingen\/\" class=\"more-link\"><span class=\"screen-reader-text\">Montagssingen<\/span> weiterlesen <span class=\"meta-nav\">&rarr;<\/span><\/a><\/p>\n","protected":false},"author":1178,"featured_media":0,"parent":58,"menu_order":1,"comment_status":"closed","ping_status":"closed","template":"","meta":{"footnotes":""},"class_list":["post-61","page","type-page","status-publish","hentry"],"_links":{"self":[{"href":"https:\/\/wordpress.nibis.de\/gsgrasleben\/wp-json\/wp\/v2\/pages\/61","targetHints":{"allow":["GET"]}}],"collection":[{"href":"https:\/\/wordpress.nibis.de\/gsgrasleben\/wp-json\/wp\/v2\/pages"}],"about":[{"href":"https:\/\/wordpress.nibis.de\/gsgrasleben\/wp-json\/wp\/v2\/types\/page"}],"author":[{"embeddable":true,"href":"https:\/\/wordpress.nibis.de\/gsgrasleben\/wp-json\/wp\/v2\/users\/1178"}],"replies":[{"embeddable":true,"href":"https:\/\/wordpress.nibis.de\/gsgrasleben\/wp-json\/wp\/v2\/comments?post=61"}],"version-history":[{"count":4,"href":"https:\/\/wordpress.nibis.de\/gsgrasleben\/wp-json\/wp\/v2\/pages\/61\/revisions"}],"predecessor-version":[{"id":4247,"href":"https:\/\/wordpress.nibis.de\/gsgrasleben\/wp-json\/wp\/v2\/pages\/61\/revisions\/4247"}],"up":[{"embeddable":true,"href":"https:\/\/wordpress.nibis.de\/gsgrasleben\/wp-json\/wp\/v2\/pages\/58"}],"wp:attachment":[{"href":"https:\/\/wordpress.nibis.de\/gsgrasleben\/wp-json\/wp\/v2\/media?parent=61"}],"curies":[{"name":"wp","href":"https:\/\/api.w.org\/{rel}","templated":true}]}}