{"id":78,"date":"2017-02-14T21:54:22","date_gmt":"2017-02-14T20:54:22","guid":{"rendered":"http:\/\/wordpress.nibis.de\/gsgrasleben\/?page_id=78"},"modified":"2024-11-20T18:41:27","modified_gmt":"2024-11-20T17:41:27","slug":"gemeinsames-fruehstueck","status":"publish","type":"page","link":"https:\/\/wordpress.nibis.de\/gsgrasleben\/schulleben\/gemeinsames-fruehstueck\/","title":{"rendered":"Gemeinsames Fr\u00fchst\u00fcck"},"content":{"rendered":"<p>Einmal im Monat am Freitag gibt es ein besonderes Highlight an unserer Schule: Die Eltern organisieren f\u00fcr die Sch\u00fclerinnen und Sch\u00fcler ein gemeinsames Fr\u00fchst\u00fcck in unserer Schule. Das ist immer ein gelungener Start ins Wochenende.<\/p>\n<p>Von Gem\u00fcse \u00fcber Obst, Quark, M\u00fcsli, lecker belegte Br\u00f6tchen bis zu Waffeln und Pizzabr\u00f6tchen ist f\u00fcr jeden Geschmack etwas dabei.<\/p>\n<p>\u00a0<\/p>\n<p><img loading=\"lazy\" decoding=\"async\" class=\"alignnone size-medium wp-image-3663\" src=\"https:\/\/wordpress.nibis.de\/gsgrasleben\/files\/2024\/05\/IMG-20240524-WA0005-800x478.jpg\" alt=\"\" width=\"800\" height=\"478\" \/>Unsere flei\u00dfigen Helfer!<\/p>\n<p><img loading=\"lazy\" decoding=\"async\" class=\"alignnone size-medium wp-image-3664\" src=\"https:\/\/wordpress.nibis.de\/gsgrasleben\/files\/2024\/05\/IMG-20240524-WA0004-600x478.jpg\" alt=\"\" width=\"600\" height=\"478\" \/><\/p>\n<p>\u00a0<img loading=\"lazy\" decoding=\"async\" class=\"alignnone size-medium wp-image-3665\" src=\"https:\/\/wordpress.nibis.de\/gsgrasleben\/files\/2024\/05\/IMG-20240524-WA0007-600x478.jpg\" alt=\"\" width=\"600\" height=\"478\" \/><\/p>\n\n\n<p>Fotos: J. Oswald<\/p>\n","protected":false},"excerpt":{"rendered":"<p>Einmal im Monat am Freitag gibt es ein besonderes Highlight an unserer Schule: Die Eltern organisieren f\u00fcr die Sch\u00fclerinnen und Sch\u00fcler ein gemeinsames Fr\u00fchst\u00fcck in unserer Schule. Das ist immer ein gelungener Start ins Wochenende. Von Gem\u00fcse \u00fcber Obst, Quark, M\u00fcsli, lecker belegte Br\u00f6tchen bis zu Waffeln und Pizzabr\u00f6tchen ist f\u00fcr jeden Geschmack etwas dabei. &hellip; <a href=\"https:\/\/wordpress.nibis.de\/gsgrasleben\/schulleben\/gemeinsames-fruehstueck\/\" class=\"more-link\"><span class=\"screen-reader-text\">Gemeinsames Fr\u00fchst\u00fcck<\/span> weiterlesen <span class=\"meta-nav\">&rarr;<\/span><\/a><\/p>\n","protected":false},"author":1178,"featured_media":0,"parent":73,"menu_order":2,"comment_status":"closed","ping_status":"closed","template":"","meta":{"footnotes":""},"class_list":["post-78","page","type-page","status-publish","hentry"],"_links":{"self":[{"href":"https:\/\/wordpress.nibis.de\/gsgrasleben\/wp-json\/wp\/v2\/pages\/78","targetHints":{"allow":["GET"]}}],"collection":[{"href":"https:\/\/wordpress.nibis.de\/gsgrasleben\/wp-json\/wp\/v2\/pages"}],"about":[{"href":"https:\/\/wordpress.nibis.de\/gsgrasleben\/wp-json\/wp\/v2\/types\/page"}],"author":[{"embeddable":true,"href":"https:\/\/wordpress.nibis.de\/gsgrasleben\/wp-json\/wp\/v2\/users\/1178"}],"replies":[{"embeddable":true,"href":"https:\/\/wordpress.nibis.de\/gsgrasleben\/wp-json\/wp\/v2\/comments?post=78"}],"version-history":[{"count":6,"href":"https:\/\/wordpress.nibis.de\/gsgrasleben\/wp-json\/wp\/v2\/pages\/78\/revisions"}],"predecessor-version":[{"id":4129,"href":"https:\/\/wordpress.nibis.de\/gsgrasleben\/wp-json\/wp\/v2\/pages\/78\/revisions\/4129"}],"up":[{"embeddable":true,"href":"https:\/\/wordpress.nibis.de\/gsgrasleben\/wp-json\/wp\/v2\/pages\/73"}],"wp:attachment":[{"href":"https:\/\/wordpress.nibis.de\/gsgrasleben\/wp-json\/wp\/v2\/media?parent=78"}],"curies":[{"name":"wp","href":"https:\/\/api.w.org\/{rel}","templated":true}]}}