{"id":927,"date":"2017-11-06T21:02:10","date_gmt":"2017-11-06T20:02:10","guid":{"rendered":"http:\/\/wordpress.nibis.de\/gsgrasleben\/?page_id=927"},"modified":"2025-01-23T19:11:56","modified_gmt":"2025-01-23T18:11:56","slug":"buecherfruehling-und-leseloewenvorlesewettbewerb","status":"publish","type":"page","link":"https:\/\/wordpress.nibis.de\/gsgrasleben\/buecherfruehling-und-leseloewenvorlesewettbewerb\/","title":{"rendered":"B\u00fccherfr\u00fchling"},"content":{"rendered":"<p><a name=\"_GoBack\"><\/a>Jedes Jahr im Fr\u00fchling dreht sich alles ums B\u00fccherlesen in unserer Schule. Jedes Kind sucht sich ein Buch aus, das es der Klasse vorstellen m\u00f6chte und aus dem es seinen Mitsch\u00fclern vorliest. Nachdem alle Kinder vor ihrer Klasse vorgelesen haben, lesen die besten Vorleser einer Klasse vor der Elternjury der Parallelklasse. Wer auch dort erfolgreich war, kommt in die Endausscheidung um den Lesel\u00f6wenvorlesepreis. Hier treten aus jeder Klasse die jeweils zwei besten Vorleser gegen die Favoriten aus den anderen Klassen an. Sie lesen vor einer Jury ihr Buch noch einmal vor. Dazu wird auch noch aus einem altersgerechten fremden Buch vorgelesen.<\/p>\n<p>Alle Kinder bekommen f\u00fcr ihre Leseleistungen eine Belohnung. Es gibt Lesezeichen f\u00fcr alle und B\u00fcchergutscheine und Urkunden f\u00fcr die Erstplatzierten. Der Gewinner bekommt den Lesel\u00f6wen als Kuscheltier sowie auch einen Buchgutschein. Die Preise werden vom F\u00f6rderverein und der Buchhandlung Julius Buch aus Helmstedt gesponsert.<\/p>\n<p>Die Preisverleihung findet dann zusammen mit allen Sch\u00fclern, Lehrern und Eltern in der Aula statt. Der Sieger liest aus seinem Buch noch einmal f\u00fcr alle vor und zeigt, was er kann.<\/p>\n<p>Anschlie\u00dfend findet ein B\u00fccherflohmarkt statt, auf dem man alles kaufen oder verkaufen kann, was mit B\u00fcchern und lesen zu tun hat. Dort gibt es auch immer einen B\u00fccherstand der Buchhandlung Julius Buch.<\/p>\n<p>In manchen Jahren gab es auch eine Projektwoche rund ums Buch mit einem abschlie\u00dfenden Schulfest oder es kamen Autoren zur Lesung in die Schule.<\/p>\n<p>Text: W. L\u00f6hr<\/p>\n<p><strong>Wichtige Termine f\u00fcr das Jahr 2025<\/strong><\/p>\n<ul>\n<li>Vorlesewettbewerb auf Klassenebene bis zum 07.03.2025<\/li>\n<li>Vorlesewettbewerb auf Jahrgangsebene bis zum 21.03.2025<\/li>\n<li>Entscheidung auf Schulebene 01.04.2025<\/li>\n<li>B\u00fccherfr\u00fchling am 04.04.2025<\/li>\n<\/ul>\n","protected":false},"excerpt":{"rendered":"<p>Jedes Jahr im Fr\u00fchling dreht sich alles ums B\u00fccherlesen in unserer Schule. Jedes Kind sucht sich ein Buch aus, das es der Klasse vorstellen m\u00f6chte und aus dem es seinen Mitsch\u00fclern vorliest. Nachdem alle Kinder vor ihrer Klasse vorgelesen haben, lesen die besten Vorleser einer Klasse vor der Elternjury der Parallelklasse. Wer auch dort erfolgreich &hellip; <a href=\"https:\/\/wordpress.nibis.de\/gsgrasleben\/buecherfruehling-und-leseloewenvorlesewettbewerb\/\" class=\"more-link\"><span class=\"screen-reader-text\">B\u00fccherfr\u00fchling<\/span> weiterlesen <span class=\"meta-nav\">&rarr;<\/span><\/a><\/p>\n","protected":false},"author":1178,"featured_media":0,"parent":0,"menu_order":0,"comment_status":"closed","ping_status":"closed","template":"","meta":{"footnotes":""},"class_list":["post-927","page","type-page","status-publish","hentry"],"_links":{"self":[{"href":"https:\/\/wordpress.nibis.de\/gsgrasleben\/wp-json\/wp\/v2\/pages\/927","targetHints":{"allow":["GET"]}}],"collection":[{"href":"https:\/\/wordpress.nibis.de\/gsgrasleben\/wp-json\/wp\/v2\/pages"}],"about":[{"href":"https:\/\/wordpress.nibis.de\/gsgrasleben\/wp-json\/wp\/v2\/types\/page"}],"author":[{"embeddable":true,"href":"https:\/\/wordpress.nibis.de\/gsgrasleben\/wp-json\/wp\/v2\/users\/1178"}],"replies":[{"embeddable":true,"href":"https:\/\/wordpress.nibis.de\/gsgrasleben\/wp-json\/wp\/v2\/comments?post=927"}],"version-history":[{"count":9,"href":"https:\/\/wordpress.nibis.de\/gsgrasleben\/wp-json\/wp\/v2\/pages\/927\/revisions"}],"predecessor-version":[{"id":4347,"href":"https:\/\/wordpress.nibis.de\/gsgrasleben\/wp-json\/wp\/v2\/pages\/927\/revisions\/4347"}],"wp:attachment":[{"href":"https:\/\/wordpress.nibis.de\/gsgrasleben\/wp-json\/wp\/v2\/media?parent=927"}],"curies":[{"name":"wp","href":"https:\/\/api.w.org\/{rel}","templated":true}]}}