{"id":97,"date":"2017-02-14T21:58:58","date_gmt":"2017-02-14T20:58:58","guid":{"rendered":"http:\/\/wordpress.nibis.de\/gsgrasleben\/?page_id=97"},"modified":"2025-08-05T16:57:18","modified_gmt":"2025-08-05T14:57:18","slug":"impressum","status":"publish","type":"page","link":"https:\/\/wordpress.nibis.de\/gsgrasleben\/impressum\/","title":{"rendered":"Impressum"},"content":{"rendered":"<p>Land Niedersachsen (Diensteanbieter im Sinne des Telemediengesetzes)<\/p>\n<p>Das Land Niedersachsen ist eine juristische Person des \u00f6ffentlichen Rechts vertreten durch<\/p>\n<p>Schulleitung: Frau Kromp<\/p>\n<p>Grundschule Grasleben<\/p>\n<p>Friedhofstr. 1<br \/>\n38368 Grasleben<br \/>\nTel.: 05357 1031<br \/>\nFax: 05357 1079<br \/>\nE-Mail: <a href=\"m&#97;&#x69;&#x6c;&#x74;o&#58;&#103;&#x72;&#x75;n&#100;&#115;&#x63;&#x68;ul&#101;&#x40;&#x67;&#x72;a&#115;&#x6c;&#x65;&#x62;e&#110;&#46;&#x64;&#x65;\">&#x67;&#x72;&#x75;&#x6e;&#100;&#115;&#99;hu&#x6c;&#x65;&#x40;&#x67;&#x72;&#97;&#115;&#108;eb&#x65;&#x6e;&#x2e;&#x64;&#x65;<\/a><\/p>\n<p>Schulische Datenschutzbeauftragte: Frau Zernecke<\/p>\n<p>Verantwortlicher f\u00fcr redaktionell-journalistische Angebote i. S. d. \u00a7 55 Abs. 2 Rundfunkstaatsvertrag:<\/p>\n<p>Jessica Hofmann<br \/>\nGrundschule Grasleben<br \/>\nFriedhofstr. 1<br \/>\n38368 Grasleben<br \/>\nTel.: 05357 1031<\/p>\n<p>Disclaimer<\/p>\n<p>Diese Webseite beinhaltet externe Links. Deren Inhalte entziehen sich unserer Einflussnahme, sodass eine Gew\u00e4hr f\u00fcr solche Inhalte von uns nicht \u00fcbernommen werden kann.<\/p>\n<p>Die Verantwortung liegt stets beim jeweiligen Betreiber der externen Seiten. Zum Zeitpunkt der Verkn\u00fcpfung der externen Links waren keine Rechtsverst\u00f6\u00dfe ersichtlich. Die permanente \u00dcberwachung fremder Inhalte auf Rechtsverst\u00f6\u00dfe ohne konkrete Hinweise ist uns nicht zumutbar.<\/p>\n<p>Sollten wir Kenntnis von Rechtsverletzungen erlangen, werden wir die entsprechenden externen Links unverz\u00fcglich entfernen.<\/p>\n<h1 class=\"entry-title\">Datenschutzerkl\u00e4rung (EU-DSGVO)<\/h1>\n<p><strong>I. Name und Anschrift des Verantwortlichen<br \/>\n<\/strong>Grundschule Grasleben<br \/>\nFriedhofstra\u00dfe 1<br \/>\n38368 Grasleben<br \/>\nTelefon: 05357 1031<br \/>\nE-Mail: <a href=\"&#x6d;&#x61;&#x69;&#108;&#116;o:&#x67;&#x72;&#x75;&#110;&#100;sc&#x68;&#x75;&#x6c;&#101;&#64;gr&#x61;&#x73;&#x6c;&#101;&#98;en&#x2e;&#x64;&#x65;\">&#103;&#x72;&#x75;n&#100;&#x73;c&#104;&#x75;l&#101;&#x40;g&#114;&#x61;&#x73;&#108;&#x65;&#x62;e&#110;&#x2e;d&#101;<\/a><\/p>\n<p><strong>Vertretungsberechtigt<\/strong><br \/>\nMartina Kromp, Schulleiterin<\/p>\n<p><strong>II. Name und Anschrift des beh\u00f6rdlichen Datenschutzbeauftragten<br \/>\n<\/strong><\/p>\n<p>Die Datenschutzbeauftragte des Verantwortlichen ist:<br \/>\nStephanie Zernecke<br \/>\nFriedhofstr. 1<br \/>\n38368 Grasleben<br \/>\nTel.: 05357 1031<br \/>\nFax: 05357 1079<br \/>\nE-Mail: <a href=\"&#109;&#x61;&#105;&#x6c;t&#111;&#x3a;&#103;&#x72;u&#x6e;d&#115;&#x63;&#104;&#x75;l&#x65;&#x40;&#103;&#x72;a&#x73;l&#101;&#x62;&#101;&#x6e;&#46;&#x64;e\">&#103;&#x72;&#117;&#x6e;&#100;&#x73;&#99;&#x68;u&#x6c;e&#x40;g&#x72;a&#115;&#x6c;&#101;&#x62;&#101;&#x6e;&#46;&#x64;&#101;<\/a><\/p>\n<p><strong>III. Name und Anschrift unseres Host-Providers<br \/>\n<\/strong>Nieders\u00e4chsisches Landesinstitut f\u00fcr schulische Qualit\u00e4tsentwicklung (NLQ)<br \/>\nvertreten durch die Pr\u00e4sidentin Frau Dr. Elke Richlick<br \/>\nKe\u00dflerstra\u00dfe 52<br \/>\n31134 Hildesheim<\/p>\n<p><strong>IV. Bereitstellung der Website und Erstellung von Logfiles<br \/>\n<\/strong>Bei jedem Aufruf unserer Internetseite erfasst unser System automatisiert Daten und Informationen vom Computersystem des aufrufenden Rechners. Folgende Daten werden hierbei erhoben:<\/p>\n<p>(1) Datum und Uhrzeit des Zugriffes<br \/>\n(2) Vom System protokollierte Fehler beim Aufruf unserer Seiten<br \/>\n(3) Die IP-Adresse des Nutzers<br \/>\n(4) Die Betriebssystemversion des Nutzers<br \/>\n(5) Der Browsertyp des Nutzers<br \/>\n(6) Die vom Nutzer aufgerufene Seite<br \/>\n(7) Die Weiterleitung auf eine externe Seite<\/p>\n<p>Die Daten werden in den Logfiles gespeichert. Eine Speicherung dieser Daten zusammen mit anderen personenbezogenen Daten des Nutzers findet nicht statt. Zweck der Datenspeicherung ist technische Optimierung unserer Internetseite. Rechtsgrundlage f\u00fcr die vor\u00fcbergehende Speicherung der Daten ist Art. 6 Abs.1 lit.f DSGVO.<\/p>\n<p>Die Daten werden f\u00fcr 52 Wochen gespeichert, sie werden lediglich statistisch ausgewertet. Danach werden sie gel\u00f6scht.<\/p>\n<p><strong>V. Verwendung von Cookies<br \/>\n<\/strong>Beim Anmelden in WordPress werden Cookies eingerichtet, um die Anmeldeinformationen und Anzeigeoptionen zu speichern. Anmelde-Cookies verfallen nach zwei Tagen und Cookies f\u00fcr die Anzeigeoptionen nach einem Jahr. Falls Sie bei der Anmeldung \u201eAngemeldet bleiben\u201c ausgew\u00e4hlt haben, wird Ihre Anmeldung zwei Wochen lang aufrechterhalten. Mit der Abmeldung aus Ihrem Konto werden die Anmelde-Cookies gel\u00f6scht.<\/p>\n<p><strong>VI. Speicherung personenbezogener Daten bei Kontaktaufnahme<br \/>\n<\/strong>Sofern Sie per E-Mail den Kontakt mit uns aufnehmen, werden die von Ihnen \u00fcbermittelten personenbezogenen Daten automatisch gespeichert. Diese Daten werden f\u00fcr Zwecke der Bearbeitung Ihres Anliegens und der Kontaktaufnahme mit Ihnen gespeichert.<\/p>\n<p>Wenn Sie Gebrauch von unserem Kontaktformular machen, werden die folgenden personenbezogenen Daten von Ihnen gespeichert: Ihr Name, Ihre Anschrift, Ihre E-Mail-Adresse.<\/p>\n<p>Die L\u00f6schung der Daten erfolgt, sobald deren Speicherung f\u00fcr die Bearbeitung Ihres Anliegens nicht mehr erforderlich ist.<\/p>\n<p><strong>VII. Kontaktformulare<br \/>\n<\/strong>Wenn Sie einen Kommentar auf unserer Website schreiben, kann das eine Einwilligung sein, Ihren Namen, E-Mailadresse und Website in Cookies zu speichern. Dies ist eine Komfortfunktion, damit Sie nicht, wenn Sie einen weiteren Kommentar schreiben, all diese Daten erneut eingeben m\u00fcssen. Diese Cookies werden ein Jahr lang gespeichert.<\/p>\n<p><strong>VIII. Medien<br \/>\n<\/strong>Wenn Sie ein registrierter Benutzer sind und Fotos auf diese Website laden, sollten Sie vermeiden Fotos mit einer EXIF-GPS-Standort hochzuladen. Besucher dieser Website k\u00f6nnten Fotos, die auf dieser Website gespeichert sind, herunterladen und deren Standort-Informationen extrahieren.<\/p>\n<p><strong>IX. Eingebettete Inhalte von anderen Websites<br \/>\n<\/strong>Beitr\u00e4ge auf dieser Website k\u00f6nnen eingebettete Inhalte beinhalten (z. B. Videos, Bilder, Beitr\u00e4ge etc.). Eingebettete Inhalte von anderen Websites verhalten sich exakt so, als ob der Besucher die andere Website besucht h\u00e4tte.<br \/>\nDiese Websites k\u00f6nnen Daten \u00fcber Sie sammeln, Cookies benutzen, zus\u00e4tzliche Tracking-Dienste von Dritten einbetten und Ihre Interaktion mit diesem eingebetteten Inhalt aufzeichnen, inklusive Ihrer Interaktion mit dem eingebetteten Inhalt, falls Sie ein Konto haben und auf dieser Website angemeldet sind.\u201c<\/p>\n<p><strong>X. Betroffenenrechte<br \/>\n<\/strong>Sie k\u00f6nnen folgende Rechte geltend machen:<\/p>\n<p><em>\u2022 Auskunft\/ Akteneinsicht<\/em><br \/>\nGem. Art. 15 DSGVO haben Sie das Recht, Auskunft bzw. Akteneinsicht \u00fcber die von uns verarbeiteten personenbezogenen Daten zu erhalten.<\/p>\n<p><em>\u2022 Berichtigung<\/em><br \/>\nSind bei uns gespeicherte personenbezogene Daten unrichtig oder unvollst\u00e4ndig, haben Sie gem. Art. 16 DSGVO das Recht, diese berichtigen bzw. vervollst\u00e4ndigen zu lassen.<\/p>\n<p><em>\u2022 L\u00f6schung<\/em><br \/>\nArt. 17 DSGVO normiert das Recht auf L\u00f6schung personenbezogener Daten. Dieses Recht steht Ihnen insbesondere dann zu, wenn die Speicherung der personenbezogenen Daten zur Erf\u00fcllung unserer gesetzlichen Aufgaben nicht mehr erforderlich ist oder Sie Ihre Einwilligung zur Datenverarbeitung mit Wirkung f\u00fcr die Zukunft widerrufen haben.<\/p>\n<p><em>\u2022 Einschr\u00e4nkung der Verarbeitung<\/em><br \/>\nGem. Art. 18 DSGVO k\u00f6nnen Sie die Einschr\u00e4nkung der personenbezogenen Daten verlangen, wenn<br \/>\n\u2013 die Richtigkeit der Daten von Ihnen bestritten wird<br \/>\n\u2013 die Verarbeitung unrechtm\u00e4\u00dfig ist, Sie aber deren L\u00f6schung ablehnen<br \/>\n\u2013 wir die Daten nicht mehr ben\u00f6tigen, Sie jedoch diese zur Geltendmachung, Aus\u00fcbung oder Verteidigung von Rechtsanspr\u00fcchen ben\u00f6tigen<br \/>\n\u2013 oder Sie gem\u00e4\u00df Art. 21 DSGVO Widerspruch gegen die Verarbeitung eingelegt haben<\/p>\n<p><em>\u2022 Widerspruch<\/em><br \/>\nSie k\u00f6nnen bei Gr\u00fcnden, die sich aus Ihrer besonderen Situation ergeben, ein Widerspruchsrecht geltend machen. Gem. Art. 21 DSGVO ist jedoch zu ber\u00fccksichtigten, ob schutzw\u00fcrdige Gr\u00fcnde f\u00fcr die Verarbeitung vorliegen oder die Verarbeitung der Geltendmachung, Aus\u00fcbung oder Verteidigung von Rechtsanspr\u00fcchen dient.<\/p>\n<p><em>\u2022 Daten\u00fcbertragbarkeit<\/em><br \/>\nIst die Verarbeitung Ihrer Daten mit Hilfe eines automatisierten Verfahrens erfolgt, haben Sie gem. Art. 20 DSGVO das Recht, die Daten in einem g\u00e4ngigen und maschinenlesbaren Format zu erhalten und an eine andere Schule zu \u00fcbermitteln bzw. durch uns \u00fcbermitteln zu lassen.<\/p>\n<p><em>\u2022 Widerruf der Einwilligung<\/em><br \/>\nSie haben gem. Art. 7 Absatz 3 DSGVO das Recht, uns erteilte Einwilligungen jederzeit mit Wirkung f\u00fcr die Zukunft zu widerrufen.<\/p>\n<p><em>\u2022 Beschwerde<\/em><br \/>\nArt. 77 DSGVO normiert ein Beschwerderecht bei der Aufsichtsbeh\u00f6rde. Die f\u00fcr uns zust\u00e4ndige Aufsichtsbeh\u00f6rde ist die Landesbeauftragte f\u00fcr den Datenschutz Niedersachsen, Prinzenstra\u00dfe 5, 30159 Hannover. E-Mail: &#x70;&#x6f;&#115;t&#x73;&#x74;&#101;ll&#x65;&#x40;&#108;f&#x64;&#x2e;&#110;&#105;e&#x64;&#x65;&#114;s&#x61;&#x63;&#104;&#115;e&#x6e;&#x2e;&#100;e<\/p>\n","protected":false},"excerpt":{"rendered":"<p>Land Niedersachsen (Diensteanbieter im Sinne des Telemediengesetzes) Das Land Niedersachsen ist eine juristische Person des \u00f6ffentlichen Rechts vertreten durch Schulleitung: Frau Kromp Grundschule Grasleben Friedhofstr. 1 38368 Grasleben Tel.: 05357 1031 Fax: 05357 1079 E-Mail: g&#114;&#x75;&#x6e;d&#115;&#x63;&#x68;u&#108;&#101;&#x40;&#x67;r&#97;&#x73;&#x6c;e&#98;&#x65;&#x6e;&#46;&#100;&#101; Schulische Datenschutzbeauftragte: Frau Zernecke Verantwortlicher f\u00fcr redaktionell-journalistische Angebote i. S. d. \u00a7 55 Abs. 2 Rundfunkstaatsvertrag: Jessica Hofmann Grundschule &hellip; <a href=\"https:\/\/wordpress.nibis.de\/gsgrasleben\/impressum\/\" class=\"more-link\"><span class=\"screen-reader-text\">Impressum<\/span> weiterlesen <span class=\"meta-nav\">&rarr;<\/span><\/a><\/p>\n","protected":false},"author":1178,"featured_media":0,"parent":0,"menu_order":7,"comment_status":"closed","ping_status":"closed","template":"","meta":{"footnotes":""},"class_list":["post-97","page","type-page","status-publish","hentry"],"_links":{"self":[{"href":"https:\/\/wordpress.nibis.de\/gsgrasleben\/wp-json\/wp\/v2\/pages\/97","targetHints":{"allow":["GET"]}}],"collection":[{"href":"https:\/\/wordpress.nibis.de\/gsgrasleben\/wp-json\/wp\/v2\/pages"}],"about":[{"href":"https:\/\/wordpress.nibis.de\/gsgrasleben\/wp-json\/wp\/v2\/types\/page"}],"author":[{"embeddable":true,"href":"https:\/\/wordpress.nibis.de\/gsgrasleben\/wp-json\/wp\/v2\/users\/1178"}],"replies":[{"embeddable":true,"href":"https:\/\/wordpress.nibis.de\/gsgrasleben\/wp-json\/wp\/v2\/comments?post=97"}],"version-history":[{"count":14,"href":"https:\/\/wordpress.nibis.de\/gsgrasleben\/wp-json\/wp\/v2\/pages\/97\/revisions"}],"predecessor-version":[{"id":4564,"href":"https:\/\/wordpress.nibis.de\/gsgrasleben\/wp-json\/wp\/v2\/pages\/97\/revisions\/4564"}],"wp:attachment":[{"href":"https:\/\/wordpress.nibis.de\/gsgrasleben\/wp-json\/wp\/v2\/media?parent=97"}],"curies":[{"name":"wp","href":"https:\/\/api.w.org\/{rel}","templated":true}]}}