{"id":1389,"date":"2021-05-23T19:07:44","date_gmt":"2021-05-23T17:07:44","guid":{"rendered":"https:\/\/wordpress.nibis.de\/gsgreetsiel\/?page_id=1389"},"modified":"2024-02-23T11:36:15","modified_gmt":"2024-02-23T10:36:15","slug":"tv-greetsiel-und-ues","status":"publish","type":"page","link":"https:\/\/wordpress.nibis.de\/gsgreetsiel\/tv-greetsiel-und-ues\/","title":{"rendered":"TV Greetsiel und UES"},"content":{"rendered":"<p><strong>SPORT-AG<\/strong><\/p>\n<p>Wir freuen uns \u00fcber eine Sport-AG f\u00fcr die Klassen 3 und 4. Das Angebot f\u00fchren f\u00fcr den TV Greetsiel Frau Mennenga und Frau Gelbrecht durch.<\/p>\n<p>Hier ein Link zum Zeitungsartikel:<\/p>\n<p><a title=\"Zeitungsartikel\" href=\"https:\/\/www.e-pages.dk\/menschenundvereinenord\/74\/\">https:\/\/www.e-pages.dk\/menschenundvereinenord\/74\/<\/a><\/p>\n<p>&nbsp;<\/p>\n<p><strong>Fu\u00dfball-Schnupper-Training (M\u00e4rz 2022)<\/strong><\/p>\n<p><img loading=\"lazy\" decoding=\"async\" class=\"size-medium wp-image-1775 alignleft\" src=\"https:\/\/wordpress.nibis.de\/gsgreetsiel\/files\/2022\/03\/20220303_122644-002-223x300.jpg\" alt=\"\" width=\"223\" height=\"300\" srcset=\"https:\/\/wordpress.nibis.de\/gsgreetsiel\/files\/2022\/03\/20220303_122644-002-223x300.jpg 223w, https:\/\/wordpress.nibis.de\/gsgreetsiel\/files\/2022\/03\/20220303_122644-002-761x1024.jpg 761w, https:\/\/wordpress.nibis.de\/gsgreetsiel\/files\/2022\/03\/20220303_122644-002-768x1033.jpg 768w, https:\/\/wordpress.nibis.de\/gsgreetsiel\/files\/2022\/03\/20220303_122644-002-1142x1536.jpg 1142w, https:\/\/wordpress.nibis.de\/gsgreetsiel\/files\/2022\/03\/20220303_122644-002.jpg 1197w\" sizes=\"auto, (max-width: 223px) 100vw, 223px\" \/><\/p>\n<p>Joachim Gossellaar, Jugendtrainer der Spielgemeinschaft JSG Wirdum \/ Greetsiel \/ Leybucht \/ Grimersum bot den Kindern der Klasse 1 und 2 ein Schnupperfu\u00dfballtraining an.<\/p>\n<p>Insgesamt f\u00fcnf Mal begeisterte er die Kinder w\u00e4hrend der Betreuungszeit in der Turnhalle f\u00fcrs Toreschie\u00dfen. Auch im Sportunterricht erprobten die Kinder Dribbeln, Passen und Schie\u00dfen und \u00fcbten sich im Zusammenspiel. Die Kinder waren mit Freude dabei und k\u00f6nnen ihr Wissen gleich auf dem Schulhof anwenden. Denn auch dort ist Fu\u00dfball eine beliebte Pausenbesch\u00e4ftigung.<\/p>\n<p>Volker Kaliszewski, 1. Vorsitzender des TV Greetsiel, ist viel an der Zusammenarbeit gelegen. Gerade in Coronazeiten sei es wichtig, Kindern und Jugendlichen wieder Angebote zu machen und das Vereinsleben zu beleben. Durch die Zusammenarbeit wollen Herr Kaliszewski und Frau Behnke auch das WIR-Gef\u00fchl in Greetsiel st\u00e4rken. Weitere Projekte sind gerade in der Planung.<\/p>\n<p>&nbsp;<\/p>\n<p>&nbsp;<\/p>\n<p><strong>Eine tolle Kooperation&#8230;<\/strong><\/p>\n<p>&#8230;denn seit einigen Jahren streben der TV Greetsiel und die Ubbo-Emmius-Schule eine enge Zusammenarbeit an. Ein erster Erfolg war die Wiederherstellung der Laufbahn und der Weitsprunggrube auf dem Sportplatzgel\u00e4nde im Jahr 2020. Diese Anlage wird von den Sch\u00fclerinnen und Sch\u00fclern der Grundschule genutzt und vom Hausmeister Udo Folkerts und ehrenamtlichen Helfern des TVs gepflegt.<\/p>\n<p>&nbsp;<\/p>\n","protected":false},"excerpt":{"rendered":"<p>SPORT-AG Wir freuen uns \u00fcber eine Sport-AG f\u00fcr die Klassen 3 und 4. Das Angebot f\u00fchren f\u00fcr den TV Greetsiel Frau Mennenga und Frau Gelbrecht &hellip; <\/p>\n","protected":false},"author":1445,"featured_media":0,"parent":0,"menu_order":0,"comment_status":"closed","ping_status":"closed","template":"","meta":{"footnotes":""},"class_list":["post-1389","page","type-page","status-publish","hentry"],"_links":{"self":[{"href":"https:\/\/wordpress.nibis.de\/gsgreetsiel\/wp-json\/wp\/v2\/pages\/1389","targetHints":{"allow":["GET"]}}],"collection":[{"href":"https:\/\/wordpress.nibis.de\/gsgreetsiel\/wp-json\/wp\/v2\/pages"}],"about":[{"href":"https:\/\/wordpress.nibis.de\/gsgreetsiel\/wp-json\/wp\/v2\/types\/page"}],"author":[{"embeddable":true,"href":"https:\/\/wordpress.nibis.de\/gsgreetsiel\/wp-json\/wp\/v2\/users\/1445"}],"replies":[{"embeddable":true,"href":"https:\/\/wordpress.nibis.de\/gsgreetsiel\/wp-json\/wp\/v2\/comments?post=1389"}],"version-history":[{"count":11,"href":"https:\/\/wordpress.nibis.de\/gsgreetsiel\/wp-json\/wp\/v2\/pages\/1389\/revisions"}],"predecessor-version":[{"id":2191,"href":"https:\/\/wordpress.nibis.de\/gsgreetsiel\/wp-json\/wp\/v2\/pages\/1389\/revisions\/2191"}],"wp:attachment":[{"href":"https:\/\/wordpress.nibis.de\/gsgreetsiel\/wp-json\/wp\/v2\/media?parent=1389"}],"curies":[{"name":"wp","href":"https:\/\/api.w.org\/{rel}","templated":true}]}}