{"id":1429,"date":"2021-05-25T08:01:45","date_gmt":"2021-05-25T06:01:45","guid":{"rendered":"https:\/\/wordpress.nibis.de\/gsgreetsiel\/?page_id=1429"},"modified":"2021-06-07T21:17:44","modified_gmt":"2021-06-07T19:17:44","slug":"wi-prooten-platt","status":"publish","type":"page","link":"https:\/\/wordpress.nibis.de\/gsgreetsiel\/wi-prooten-platt\/","title":{"rendered":"Wi prooten Platt!"},"content":{"rendered":"<p><span style=\"font-family: 'comic sans ms', sans-serif;color: #008080;font-size: 24pt\"><span style=\"font-family: 'comic sans ms', sans-serif\"><span style=\"color: #0000ff\">Moin<\/span> <span style=\"color: #ff6600\">leev<\/span> <span style=\"color: #339966\">Kinder<\/span> <span style=\"color: #0000ff\">van<\/span> <span style=\"color: #00ccff\">de<\/span> <span style=\"color: #ff00ff\">Ubbo-Emmius-School<\/span> <span style=\"color: #ff0000\">in Greet<\/span>!<\/span><\/span><\/p>\n<p><span style=\"font-family: 'comic sans ms', sans-serif;color: #333399;font-size: 18pt\">Wi s\u00fcnd&#8230;<\/span><\/p>\n<p><span style=\"font-family: 'comic sans ms', sans-serif;color: #333399;font-size: 18pt\"><span style=\"color: #008080\"><strong>&#8222;Projektschule f\u00fcr Niederdeutsch\/Saterfriesisch&#8220;<\/strong>\u00a0&#8230;<\/span>und maaken uns upp Platt-Patt!<\/span><\/p>\n<p><span style=\"font-family: 'comic sans ms', sans-serif;color: #333399;font-size: 18pt\">Verseuk de App van&#8217;t RPZ (Regionales P\u00e4dagogisches Zentrum AURICH) :<\/span><\/p>\n<p><img loading=\"lazy\" decoding=\"async\" class=\"alignnone size-full wp-image-1432\" src=\"https:\/\/wordpress.nibis.de\/gsgreetsiel\/files\/2021\/05\/Image-1.png\" alt=\"\" width=\"300\" height=\"300\" srcset=\"https:\/\/wordpress.nibis.de\/gsgreetsiel\/files\/2021\/05\/Image-1.png 300w, https:\/\/wordpress.nibis.de\/gsgreetsiel\/files\/2021\/05\/Image-1-150x150.png 150w\" sizes=\"auto, (max-width: 300px) 100vw, 300px\" \/><\/p>\n<p><span style=\"font-family: 'comic sans ms', sans-serif;color: #333399;font-size: 18pt\"><a href=\"https:\/\/apps.apple.com\/de\/app\/plattino-die-plattlern-app\/id1565514424\">https:\/\/apps.apple.com\/de\/app\/plattino-die-plattlern-app\/id1565514424<\/a><\/span><\/p>\n<p>&nbsp;<\/p>\n<p><span style=\"font-family: 'comic sans ms', sans-serif;font-size: 18pt;color: #808000\">Wenn du geern bastelst und daarbi platt lernen willst, kiek di doch mal en Video an, wo man <span style=\"color: #ff0000\">Jonglierballen<\/span> s\u00fclmst maken kann.<\/span><\/p>\n<p><span style=\"font-family: 'comic sans ms', sans-serif;font-size: 18pt;color: #808000\">Kiek bi you tube: <\/span><\/p>\n<p><em><span style=\"font-family: 'comic sans ms', sans-serif;font-size: 18pt;color: #808000\">Platt mit Froo Sch. Jonglierballen s\u00fclmst maken!<\/span><\/em><\/p>\n<p><span style=\"font-family: 'comic sans ms', sans-serif;font-size: 14pt\"><a href=\"https:\/\/youtu.be\/zINyc7LYvtU\">https:\/\/youtu.be\/zINyc7LYvtU<\/a><\/span><\/p>\n<p><span style=\"font-family: 'comic sans ms', sans-serif;font-size: 14pt;color: #ff6600\">V\u00f6\u00f6l Spaa\u00df!!!<\/span><\/p>\n<p>&nbsp;<\/p>\n<p><span style=\"text-decoration: underline\"><strong><span style=\"font-family: 'comic sans ms', sans-serif;font-size: 14pt\">Hier sind noch mehr mooi Videos:<\/span><\/strong><\/span><\/p>\n<p><span style=\"font-family: 'comic sans ms', sans-serif;font-size: 14pt\">De Tahlen van 1-10: <a href=\"https:\/\/youtu.be\/yrNi4Wq_u6Y\">https:\/\/youtu.be\/yrNi4Wq_u6Y<\/a><\/span><\/p>\n<p><span style=\"font-family: 'comic sans ms', sans-serif;font-size: 14pt\">En Lesezeichen-Hart basteln: <a href=\"https:\/\/youtu.be\/5oilo-c8vTw\">https:\/\/youtu.be\/5oilo-c8vTw<\/a><\/span><\/p>\n<p><span style=\"font-family: 'comic sans ms', sans-serif;font-size: 14pt\">Filapper (Schmetterling) basteln: <a href=\"https:\/\/youtu.be\/b-AvcL3q_yE\">https:\/\/youtu.be\/b-AvcL3q_yE<\/a><\/span><\/p>\n<p>&nbsp;<\/p>\n","protected":false},"excerpt":{"rendered":"<p>Moin leev Kinder van de Ubbo-Emmius-School in Greet! Wi s\u00fcnd&#8230; &#8222;Projektschule f\u00fcr Niederdeutsch\/Saterfriesisch&#8220;\u00a0&#8230;und maaken uns upp Platt-Patt! Verseuk de App van&#8217;t RPZ (Regionales P\u00e4dagogisches Zentrum &hellip; <\/p>\n","protected":false},"author":1445,"featured_media":0,"parent":0,"menu_order":0,"comment_status":"closed","ping_status":"closed","template":"","meta":{"footnotes":""},"class_list":["post-1429","page","type-page","status-publish","hentry"],"_links":{"self":[{"href":"https:\/\/wordpress.nibis.de\/gsgreetsiel\/wp-json\/wp\/v2\/pages\/1429","targetHints":{"allow":["GET"]}}],"collection":[{"href":"https:\/\/wordpress.nibis.de\/gsgreetsiel\/wp-json\/wp\/v2\/pages"}],"about":[{"href":"https:\/\/wordpress.nibis.de\/gsgreetsiel\/wp-json\/wp\/v2\/types\/page"}],"author":[{"embeddable":true,"href":"https:\/\/wordpress.nibis.de\/gsgreetsiel\/wp-json\/wp\/v2\/users\/1445"}],"replies":[{"embeddable":true,"href":"https:\/\/wordpress.nibis.de\/gsgreetsiel\/wp-json\/wp\/v2\/comments?post=1429"}],"version-history":[{"count":10,"href":"https:\/\/wordpress.nibis.de\/gsgreetsiel\/wp-json\/wp\/v2\/pages\/1429\/revisions"}],"predecessor-version":[{"id":1486,"href":"https:\/\/wordpress.nibis.de\/gsgreetsiel\/wp-json\/wp\/v2\/pages\/1429\/revisions\/1486"}],"wp:attachment":[{"href":"https:\/\/wordpress.nibis.de\/gsgreetsiel\/wp-json\/wp\/v2\/media?parent=1429"}],"curies":[{"name":"wp","href":"https:\/\/api.w.org\/{rel}","templated":true}]}}