{"id":22,"date":"2017-09-18T20:35:41","date_gmt":"2017-09-18T18:35:41","guid":{"rendered":"http:\/\/wordpress.nibis.de\/gsgreetsiel\/?page_id=22"},"modified":"2024-02-23T12:02:17","modified_gmt":"2024-02-23T11:02:17","slug":"ubbo-emmius","status":"publish","type":"page","link":"https:\/\/wordpress.nibis.de\/gsgreetsiel\/ubbo-emmius\/","title":{"rendered":"Ubbo Emmius"},"content":{"rendered":"<p><strong>Ubbo Emmius<\/strong> (1547 &#8211; 1625) war Theologe, Historiker, P\u00e4dagoge und Gr\u00fcndungsrektor der Universit\u00e4t Groningen (Niederlande).<\/p>\n<p><span style=\"font-size: 24pt\">1547<\/span> wurde Ubbo Emmius als Sohn des evangelisch-reformierten Pastors Emme Dyken und dessen Ehefrau Elke Tjard, der Tochter des B\u00fcrgermeisters in Norden (Niedersachsen), in Greetsiel geboren. Er besuchte die Lateinschule in Emden und anschlie\u00dfend das &#8222;Gymnasium illustre&#8220; in Bremen. Zwei weitere Ausbildungsjahre an der Lateinschule in Norden folgten.<\/p>\n<p><span style=\"font-size: 24pt\">1569<\/span> finden wir ihn an der Universit\u00e4t Rostock, wo der Historiker Chythraeus nachhaltig Einfluss auf ihn aus\u00fcbte.<\/p>\n<p><span style=\"font-size: 24pt\">1574<\/span> kehrte er aufgrund des Todes seines Vaters nach Greetsiel zur\u00fcck. Zwei Jahre sp\u00e4ter verlie\u00df er das ostfriesische Fischerdorf und wanderte zu Fu\u00df in Richtung S\u00fcden. Auf seiner Wanderung entlang des Rheins machte er Station in Heidelberg und Freiburg, besuchte in Basel das Grab seines Vorbildes Erasmus von Rotterdam und gelangte schlie\u00dflich an seinen zweiten Studienort: Genf. Hier wurde er Zeuge des theologischen Parteiengewirrs, das in endlosen K\u00e4mpfen zum definitiven Riss zwischen Lutheranern und Reformierten f\u00fchrte. In dieser Stadt, in der dem Humanismus die neue reformatorische Linie gegeben wurde, fand er seinen festen Standpunkt: den religi\u00f6sen und den politischen. (Derk de Haan)<\/p>\n<p><span style=\"font-size: 24pt\">1578<\/span> kehrte er nach Ostfriesland zur\u00fcck. Ihm wurden in Norden alternativ Pfarramt und Rektorat der Lateinschule angeboten. Er entschied sich f\u00fcr die Lehrt\u00e4tigkeit und war 9 Jahre lang Rektor seiner ehemaligen Ausbildungsst\u00e4tte, dem heutigen &#8222;Ulrichsgymnasium&#8220;.<\/p>\n<p><span style=\"font-size: 24pt\">1587<\/span> wurde er Opfer der Religionsstreitigkeit einer ostfriesischen Grafenfamilie und wechselte 1588 nach Leer, wo er ebenfalls Rektor der Lateinschule des heutigen Ubbo-Emmius-Gymnasiums wurde.<\/p>\n<p><span style=\"font-size: 24pt\">1596<\/span> folgte er einem Ruf nach Groningen und wurde zum Gr\u00fcnder der dortigen Universit\u00e4t. Im Dezember 1625 starb Ubbo Emmius \u00a0hochbetagt.<\/p>\n<p>&nbsp;<\/p>\n<p><strong>Werk<\/strong><br \/>\nEin Gro\u00dfteil seines wissenschaftlichen Wirkens bezieht sich auf die religi\u00f6sen und politischen Streitigkeiten seiner Zeit. Von den Niederlanden aus f\u00fchrte er einen schriftlichen Kampf gegen die lutherische Hofpartei in Aurich und gegen die absolute F\u00fcrstenherrschaft in Ostfriesland. Seine aufkl\u00e4rerischen B\u00fccher und Schriften wurden \u00f6ffentlich verbrannt.<\/p>\n<p>Sein ber\u00fchmtestes Werk sind die<em> Rerum Frisicarum historiae libri 60<\/em> (&#8222;Die sechzig B\u00fccher der friesischen Geschichte&#8220;), versehen mit einer detailgetreuen Karte Ostfrieslands. Seine politischen Schriften und die Briefwechsel mit den f\u00fchrenden M\u00e4nnern seiner Zeit, in denen er das Widerstandsrecht des Volkes gegen die Obrigkeit vertritt, kennzeichnen ihn als einen Vorl\u00e4ufer des Parlamentarismus und des Revolutionsrechtes, von dem eine direkte Linie zu Jean Jacques Rousseau und in die Franz\u00f6sische Revolution f\u00fchrt.<\/p>\n","protected":false},"excerpt":{"rendered":"<p>Ubbo Emmius (1547 &#8211; 1625) war Theologe, Historiker, P\u00e4dagoge und Gr\u00fcndungsrektor der Universit\u00e4t Groningen (Niederlande). 1547 wurde Ubbo Emmius als Sohn des evangelisch-reformierten Pastors Emme &hellip; <\/p>\n","protected":false},"author":9192381,"featured_media":0,"parent":0,"menu_order":0,"comment_status":"closed","ping_status":"closed","template":"","meta":{"footnotes":""},"class_list":["post-22","page","type-page","status-publish","hentry"],"_links":{"self":[{"href":"https:\/\/wordpress.nibis.de\/gsgreetsiel\/wp-json\/wp\/v2\/pages\/22","targetHints":{"allow":["GET"]}}],"collection":[{"href":"https:\/\/wordpress.nibis.de\/gsgreetsiel\/wp-json\/wp\/v2\/pages"}],"about":[{"href":"https:\/\/wordpress.nibis.de\/gsgreetsiel\/wp-json\/wp\/v2\/types\/page"}],"author":[{"embeddable":true,"href":"https:\/\/wordpress.nibis.de\/gsgreetsiel\/wp-json\/wp\/v2\/users\/9192381"}],"replies":[{"embeddable":true,"href":"https:\/\/wordpress.nibis.de\/gsgreetsiel\/wp-json\/wp\/v2\/comments?post=22"}],"version-history":[{"count":11,"href":"https:\/\/wordpress.nibis.de\/gsgreetsiel\/wp-json\/wp\/v2\/pages\/22\/revisions"}],"predecessor-version":[{"id":2197,"href":"https:\/\/wordpress.nibis.de\/gsgreetsiel\/wp-json\/wp\/v2\/pages\/22\/revisions\/2197"}],"wp:attachment":[{"href":"https:\/\/wordpress.nibis.de\/gsgreetsiel\/wp-json\/wp\/v2\/media?parent=22"}],"curies":[{"name":"wp","href":"https:\/\/api.w.org\/{rel}","templated":true}]}}