{"id":438,"date":"2019-02-06T18:16:54","date_gmt":"2019-02-06T17:16:54","guid":{"rendered":"http:\/\/wordpress.nibis.de\/gsgreetsiel\/?page_id=438"},"modified":"2024-02-29T18:10:15","modified_gmt":"2024-02-29T17:10:15","slug":"foerderverein","status":"publish","type":"page","link":"https:\/\/wordpress.nibis.de\/gsgreetsiel\/foerderverein\/","title":{"rendered":"F\u00f6rderverein"},"content":{"rendered":"<p><strong>F\u00f6rderverein der Grundschule Greetsiel e.V.<\/strong><\/p>\n<p>Der F\u00f6rderverein der Grundschule Greetsiel wurde im Jahr 1994 gegr\u00fcndet und ist ein eingetragener Verein. Er besteht in diesem Jahr seit 30 Jahren und hat momentan \u00fcber 60 Mitglieder.<\/p>\n<p>Der Verein hat es sich zur Aufgabe gemacht, die Bed\u00fcrfnisse der Schule zu unterst\u00fctzen und das Schulleben durch einzelne Aktionen zu bereichern. Jeder kann Mitglied des Vereines werden und zahlt einen Jahresbeitrag in H\u00f6he von 8 Euro im Monat. Anmeldungen werden j\u00e4hrlich an die neuen Schulanf\u00e4ngerInnen ausgegeben oder sind jederzeit in der Schule \u00fcber das Sekretariat erh\u00e4ltlich. Oder weiter unten als Download.<\/p>\n<p>Finanzielle Unterst\u00fctzung erh\u00e4lt der Verein durch Spendenaktionen \u00f6ffentlicher Institute, wie beispielsweise Banken oder Sparkassen (Gewinn-Sparen). Regelm\u00e4\u00dfig erh\u00e4lt der Verein eine Dividende f\u00fcr die auf dem Schuldach angebrachte Photovoltaikanlage, die vom Schultr\u00e4ger, der Gemeinde, direkt an den Verein gespendet wird. Mitunter erh\u00e4lt der Verein Einzelspenden unterschiedlichster Personen.<\/p>\n<p>Zurzeit setzt sich der Vorstand aus folgenden Mitgliedern zusammen:<\/p>\n<ul>\n<li>Esther M\u00fchlhausen-Ackermann (1. Vorsitzende)<\/li>\n<li>Silke de Beer (2. Vorsitzende)<\/li>\n<li>Silke Jacobsen (Kassenwartin)<\/li>\n<li>Tanja R\u00fcssmann-de Vries (Schriftf\u00fchrerin)<\/li>\n<\/ul>\n<p>&nbsp;<\/p>\n<p><strong>&#8211;&gt; Kleiner Beitrag, gro\u00dfe Wirkung &#8211; Wir freuen uns auf Ihre Unterst\u00fctzung! Werden Sie Mitglied.\u00a0<\/strong><\/p>\n<p>Einfach die Beitrittserkl\u00e4rung herunterladen, ausf\u00fcllen und in der Schule abgeben.<br \/>\n8 \u20ac im Jahr, die sich lohnen. Vielen Dank!<br \/>\nGemeinsam sind wir viele.<\/p>\n<p><a href=\"https:\/\/wordpress.nibis.de\/gsgreetsiel\/files\/2024\/02\/Beitrittserklaerung.pdf\">Beitrittserkl\u00e4rung<\/a><\/p>\n<p>&nbsp;<\/p>\n<p><span style=\"text-decoration: underline\"><strong>&#8230;und das hat der F\u00f6rderverein bewirkt:<\/strong><\/span><\/p>\n<p><strong>SPENDE F\u00dcR DEN F\u00d6RDERVEREIN<\/strong><\/p>\n<p>Eine Spende \u00fcber 901,97 \u20ac konnte Frau M\u00fchlhausen-Ackermann im Herbst f\u00fcr die Solaranlage auf dem Turnhallendach entgegennehmen. Die Spende bezieht sich auf die letzten zwei Jahre.<\/p>\n<p><img loading=\"lazy\" decoding=\"async\" class=\"alignnone size-medium wp-image-2133\" src=\"https:\/\/wordpress.nibis.de\/gsgreetsiel\/files\/2023\/12\/Forderverein-Spende-2023-300x225.jpg\" alt=\"\" width=\"300\" height=\"225\" srcset=\"https:\/\/wordpress.nibis.de\/gsgreetsiel\/files\/2023\/12\/Forderverein-Spende-2023-300x225.jpg 300w, https:\/\/wordpress.nibis.de\/gsgreetsiel\/files\/2023\/12\/Forderverein-Spende-2023-1024x768.jpg 1024w, https:\/\/wordpress.nibis.de\/gsgreetsiel\/files\/2023\/12\/Forderverein-Spende-2023-768x576.jpg 768w, https:\/\/wordpress.nibis.de\/gsgreetsiel\/files\/2023\/12\/Forderverein-Spende-2023-1536x1152.jpg 1536w, https:\/\/wordpress.nibis.de\/gsgreetsiel\/files\/2023\/12\/Forderverein-Spende-2023-2048x1536.jpg 2048w\" sizes=\"auto, (max-width: 300px) 100vw, 300px\" \/><\/p>\n<p>&nbsp;<\/p>\n<p><strong>SCHULB\u00dcCHEREI<\/strong><\/p>\n<p>Seit September 2023 ist unsere neue Schulb\u00fccherei er\u00f6ffnet. Dank der gro\u00dfen Unterst\u00fctzung beim Umzug aus dem Turnhallengeb\u00e4ude ins Schulgeb\u00e4ude durch die Lehrerinnen und die Ausstattung mit neuen M\u00f6beln und B\u00fcchern durch den F\u00f6rderverein, k\u00f6nnen die Sch\u00fclerinnen und Sch\u00fcler nun Schm\u00f6kern, Lesen und B\u00fccher f\u00fcr zu Hause ausleihen.<\/p>\n<p>Die Lehrerinnen und Mitarbeiterinnen sowie ein Elterndienst sorgen daf\u00fcr, dass die B\u00fccherei besucht regelm\u00e4\u00dfig besucht werden kann.<\/p>\n<p>Vielen Dank an den F\u00f6rderverein f\u00fcr die gro\u00dfe finanzielle Unterst\u00fctzung!<\/p>\n<p><img loading=\"lazy\" decoding=\"async\" class=\"alignnone size-medium wp-image-2087\" src=\"https:\/\/wordpress.nibis.de\/gsgreetsiel\/files\/2023\/12\/IMG_8978-300x225.jpg\" alt=\"\" width=\"300\" height=\"225\" srcset=\"https:\/\/wordpress.nibis.de\/gsgreetsiel\/files\/2023\/12\/IMG_8978-300x225.jpg 300w, https:\/\/wordpress.nibis.de\/gsgreetsiel\/files\/2023\/12\/IMG_8978-1024x768.jpg 1024w, https:\/\/wordpress.nibis.de\/gsgreetsiel\/files\/2023\/12\/IMG_8978-768x576.jpg 768w, https:\/\/wordpress.nibis.de\/gsgreetsiel\/files\/2023\/12\/IMG_8978-1536x1152.jpg 1536w, https:\/\/wordpress.nibis.de\/gsgreetsiel\/files\/2023\/12\/IMG_8978-2048x1536.jpg 2048w\" sizes=\"auto, (max-width: 300px) 100vw, 300px\" \/> <img loading=\"lazy\" decoding=\"async\" class=\"alignnone size-medium wp-image-2090\" src=\"https:\/\/wordpress.nibis.de\/gsgreetsiel\/files\/2023\/12\/IMG_8981-300x225.jpg\" alt=\"\" width=\"300\" height=\"225\" srcset=\"https:\/\/wordpress.nibis.de\/gsgreetsiel\/files\/2023\/12\/IMG_8981-300x225.jpg 300w, https:\/\/wordpress.nibis.de\/gsgreetsiel\/files\/2023\/12\/IMG_8981-1024x768.jpg 1024w, https:\/\/wordpress.nibis.de\/gsgreetsiel\/files\/2023\/12\/IMG_8981-768x576.jpg 768w, https:\/\/wordpress.nibis.de\/gsgreetsiel\/files\/2023\/12\/IMG_8981-1536x1152.jpg 1536w, https:\/\/wordpress.nibis.de\/gsgreetsiel\/files\/2023\/12\/IMG_8981-2048x1536.jpg 2048w\" sizes=\"auto, (max-width: 300px) 100vw, 300px\" \/> <img loading=\"lazy\" decoding=\"async\" class=\"alignnone size-medium wp-image-2086\" src=\"https:\/\/wordpress.nibis.de\/gsgreetsiel\/files\/2023\/12\/IMG_8977-300x225.jpg\" alt=\"\" width=\"300\" height=\"225\" srcset=\"https:\/\/wordpress.nibis.de\/gsgreetsiel\/files\/2023\/12\/IMG_8977-300x225.jpg 300w, https:\/\/wordpress.nibis.de\/gsgreetsiel\/files\/2023\/12\/IMG_8977-1024x768.jpg 1024w, https:\/\/wordpress.nibis.de\/gsgreetsiel\/files\/2023\/12\/IMG_8977-768x576.jpg 768w, https:\/\/wordpress.nibis.de\/gsgreetsiel\/files\/2023\/12\/IMG_8977-1536x1152.jpg 1536w, https:\/\/wordpress.nibis.de\/gsgreetsiel\/files\/2023\/12\/IMG_8977-2048x1536.jpg 2048w\" sizes=\"auto, (max-width: 300px) 100vw, 300px\" \/> <img loading=\"lazy\" decoding=\"async\" class=\"alignnone size-medium wp-image-2085\" src=\"https:\/\/wordpress.nibis.de\/gsgreetsiel\/files\/2023\/12\/IMG_8976-225x300.jpg\" alt=\"\" width=\"225\" height=\"300\" srcset=\"https:\/\/wordpress.nibis.de\/gsgreetsiel\/files\/2023\/12\/IMG_8976-225x300.jpg 225w, https:\/\/wordpress.nibis.de\/gsgreetsiel\/files\/2023\/12\/IMG_8976-768x1024.jpg 768w, https:\/\/wordpress.nibis.de\/gsgreetsiel\/files\/2023\/12\/IMG_8976-1152x1536.jpg 1152w, https:\/\/wordpress.nibis.de\/gsgreetsiel\/files\/2023\/12\/IMG_8976-1536x2048.jpg 1536w, https:\/\/wordpress.nibis.de\/gsgreetsiel\/files\/2023\/12\/IMG_8976-scaled.jpg 1920w\" sizes=\"auto, (max-width: 225px) 100vw, 225px\" \/><\/p>\n<p>&nbsp;<\/p>\n<p><strong>FRANZ<\/strong><\/p>\n<p>F\u00fcr die Klasse 1 im Schuljahr 2023 \/ 2024 \u00fcberreichte Frau M\u00fchlhausen-Ackermann jedem Kind einen kleinen Franz &#8211; das Zebra passend zum Deutschunterricht.<\/p>\n<p>Vielen Dank an den F\u00f6rderverein &#8211; und damit an alle f\u00f6rdernden Mitglieder &#8211; f\u00fcr die gro\u00dfartige und umfangreiche Unterst\u00fctzung und F\u00f6rderung der Sch\u00fclerinnen und Sch\u00fcler in vielen Bereichen des Schulalltags! Frau M\u00fchlhausen-Ackermann und Frau R\u00fcssmann-de Vries sorgen sehr achtsam daf\u00fcr, dass die Bed\u00fcrfnisse unserer Schulkinder Beachtung finden! Herzlichen Dank im Namen der Kinder f\u00fcr diesen Einsatz!<\/p>\n<p>&nbsp;<\/p>\n<p>&nbsp;<\/p>\n<p><strong>Einsatz der Spendengelder<\/strong><\/p>\n<p>Seit vielen Schuljahren \u00fcbernimmt der F\u00f6rderverein die Buskosten f\u00fcr die Theaterfahrt zum Weihnachtsm\u00e4rchen nach Norden. 2016 wurden bei einem Sch\u00fclerInnen-Spendenlauf 10.000 Euro erlaufen!!! Unendlich viele Eltern, Gro\u00dfeltern, Familienangeh\u00f6rige, Freunde, Greetsieler und Krummh\u00f6rner Firmen sponserten einzelne Kinder. Der F\u00f6rderverein verwaltete das Geld und die Kolleginnen suchten zusammen mit der Gemeinde die Kletterwand f\u00fcr den Schulhof aus.<\/p>\n<p>Zum Karneval und bei Sommerfesten \u00fcbernimmt der Verein ein gesundes Fr\u00fchst\u00fcck, Getr\u00e4nke und Grillw\u00fcrstchen f\u00fcr alle.<\/p>\n<p>Die j\u00fcngsten Anschaffungen des Vereines waren 2018 neue Spielger\u00e4te f\u00fcr die H\u00fctte auf dem Schulhof im Wert von 1000 Euro. Dort leihen Kinder in den Pausen Spielger\u00e4te aus.<\/p>\n<p>Jede Klasse erhielt ein Spiel f\u00fcr die Regenpause und einige \u00dcberraschungen in einem Weihnachtssack. Immer wieder werden die B\u00fccher in der Schulb\u00fccherei aufgestockt. In diesem Jahr hat der F\u00f6rderverein mit allen Kindern der Schule Lebkuchenh\u00e4uschen beklebt.<\/p>\n<p>Die genauen Ausgaben erf\u00e4hrt man auf der Mitgliederversammlung des Vereines.<\/p>\n<p>Hat jemand Interesse und Freude, Ideen einzubringen oder aktiv im Vorstand zu arbeiten? Wir freuen uns! Der derzeitige Vorstand setzt sich zu 3\/4 aus ehemaligen Eltern zusammen!!! Wir verj\u00fcngen uns gerne!<\/p>\n<p>Herzliche Gr\u00fc\u00dfe,<\/p>\n<p>Esther M\u00fchlhausen-Ackermann (1. Vorsitzende)<\/p>\n<p style=\"text-align: justify\">\n","protected":false},"excerpt":{"rendered":"<p>F\u00f6rderverein der Grundschule Greetsiel e.V. Der F\u00f6rderverein der Grundschule Greetsiel wurde im Jahr 1994 gegr\u00fcndet und ist ein eingetragener Verein. Er besteht in diesem Jahr &hellip; <\/p>\n","protected":false},"author":1445,"featured_media":0,"parent":0,"menu_order":0,"comment_status":"closed","ping_status":"closed","template":"","meta":{"footnotes":""},"class_list":["post-438","page","type-page","status-publish","hentry"],"_links":{"self":[{"href":"https:\/\/wordpress.nibis.de\/gsgreetsiel\/wp-json\/wp\/v2\/pages\/438","targetHints":{"allow":["GET"]}}],"collection":[{"href":"https:\/\/wordpress.nibis.de\/gsgreetsiel\/wp-json\/wp\/v2\/pages"}],"about":[{"href":"https:\/\/wordpress.nibis.de\/gsgreetsiel\/wp-json\/wp\/v2\/types\/page"}],"author":[{"embeddable":true,"href":"https:\/\/wordpress.nibis.de\/gsgreetsiel\/wp-json\/wp\/v2\/users\/1445"}],"replies":[{"embeddable":true,"href":"https:\/\/wordpress.nibis.de\/gsgreetsiel\/wp-json\/wp\/v2\/comments?post=438"}],"version-history":[{"count":14,"href":"https:\/\/wordpress.nibis.de\/gsgreetsiel\/wp-json\/wp\/v2\/pages\/438\/revisions"}],"predecessor-version":[{"id":2206,"href":"https:\/\/wordpress.nibis.de\/gsgreetsiel\/wp-json\/wp\/v2\/pages\/438\/revisions\/2206"}],"wp:attachment":[{"href":"https:\/\/wordpress.nibis.de\/gsgreetsiel\/wp-json\/wp\/v2\/media?parent=438"}],"curies":[{"name":"wp","href":"https:\/\/api.w.org\/{rel}","templated":true}]}}