{"id":490,"date":"2026-04-27T10:08:07","date_gmt":"2026-04-27T08:08:07","guid":{"rendered":"https:\/\/wordpress.nibis.de\/gsh\/?page_id=490"},"modified":"2026-04-28T08:58:30","modified_gmt":"2026-04-28T06:58:30","slug":"willkommen","status":"publish","type":"page","link":"https:\/\/wordpress.nibis.de\/gsh\/","title":{"rendered":"WILLKOMMEN"},"content":{"rendered":"\n<p>Die offene Ganztagsgrundschule M\u00fchlenfeld liegt in einem der elf Ortsteile der Stadt Seelze, im Westen von Hannover \u2013 nur etwa zwei Kilometer von der Stadtgrenze entfernt. Der beschauliche Ort mit rund 1.800 Einwohnerinnen und Einwohnern bietet eine naturnahe Umgebung und ein starkes Gemeinschaftsgef\u00fchl \u2013 ideale Voraussetzungen f\u00fcr ein lebendiges Schulleben.<\/p>\n\n\n\n<p>Unsere Schule wird nicht nur von Kindern aus Harenberg besucht, sondern auch von Sch\u00fclerinnen und Sch\u00fclern aus D\u00f6teberg, Velber, Almhorst, Kirchwehren und Lathwehren. Die Kinder aus den umliegenden Ortsteilen erreichen uns t\u00e4glich bequem mit dem Linienbus.<\/p>\n\n\n\n<p>Auch r\u00e4umlich ist die Schule gut ausgestattet: Der Sportunterricht findet in der eigenen Turnhalle statt, und am Ortsausgang steht ein vereinseigener Sportplatz zur Verf\u00fcgung, den wir regelm\u00e4\u00dfig nutzen.<\/p>\n\n\n\n<p>F\u00fcr den Schwimmunterricht fahren unsere Drittkl\u00e4ssler regelm\u00e4\u00dfig mit dem Bus zur n\u00e4chstgelegenen Schwimmhalle \u2013 ein wichtiger Bestandteil unseres vielf\u00e4ltigen Sportangebots.<\/p>\n\n\n\n<p>Direkt neben der Schule befindet sich zudem eine Kindertagesst\u00e4tte \u2013 so gelingt der \u00dcbergang von der Kita in die Grundschule besonders harmonisch.<\/p>\n\n\n\n<p>Unsere Schule ist ein Ort des Lernens, Lebens und Miteinanders \u2013 mitten in der Gemeinschaft, nah an der Natur und doch stadtnah gelegen.<\/p>\n\n\n<style type=\"text\/css\" scoped>.rbs_gallery_69f26a60c697dSpinner{\r\n\t\t\t\tmargin: 50px auto;\r\n\t\t\t\twidth: 50px;\r\n\t\t\t\theight: 40px;\r\n\t\t\t\ttext-align: center;\r\n\t\t\t\tfont-size: 10px;\r\n\t\t\t}\r\n\t\t\t.rbs_gallery_69f26a60c697dSpinner > div{\r\n\t\t\t  background-color: #333;\r\n\t\t\t  height: 100%;\r\n\t\t\t  width: 6px;\r\n\t\t\t  display: inline-block;\r\n\t\t\t  -webkit-animation: rbs_gallery_69f26a60c697d-stretchdelay 1.2s infinite ease-in-out;\r\n\t\t\t  animation: rbs_gallery_69f26a60c697d-stretchdelay 1.2s infinite ease-in-out;\r\n\t\t\t}\r\n\t\t\t.rbs_gallery_69f26a60c697dSpinner .rbs_gallery_69f26a60c697dRect2 {\r\n\t\t\t  -webkit-animation-delay: -1.1s;\r\n\t\t\t  animation-delay: -1.1s;\r\n\t\t\t}\r\n\t\t\t.rbs_gallery_69f26a60c697dSpinner .rbs_gallery_69f26a60c697dRect3 {\r\n\t\t\t  -webkit-animation-delay: -1.0s;\r\n\t\t\t  animation-delay: -1.0s;\r\n\t\t\t}\r\n\t\t\t.rbs_gallery_69f26a60c697dSpinner .rbs_gallery_69f26a60c697dRect4 {\r\n\t\t\t  -webkit-animation-delay: -0.9s;\r\n\t\t\t  animation-delay: -0.9s;\r\n\t\t\t}\r\n\t\t\t.rbs_gallery_69f26a60c697dSpinner .rbs_gallery_69f26a60c697dRect5 {\r\n\t\t\t  -webkit-animation-delay: -0.8s;\r\n\t\t\t  animation-delay: -0.8s;\r\n\t\t\t}\r\n\t\t\t@-webkit-keyframes rbs_gallery_69f26a60c697d-stretchdelay {\r\n\t\t\t  0%, 40%, 100% { -webkit-transform: scaleY(0.4) }  \r\n\t\t\t  20% { -webkit-transform: scaleY(1.0) }\r\n\t\t\t}\r\n\t\t\t@keyframes rbs_gallery_69f26a60c697d-stretchdelay {\r\n\t\t\t  0%, 40%, 100% { \r\n\t\t\t    transform: scaleY(0.4);\r\n\t\t\t    -webkit-transform: scaleY(0.4);\r\n\t\t\t  }  20% { \r\n\t\t\t    transform: scaleY(1.0);\r\n\t\t\t    -webkit-transform: scaleY(1.0);\r\n\t\t\t  }\r\n\t\t\t}\r\n\t\t<\/style><div class=\"robo-gallery-wrap robo-gallery-wrap-id456 robo-gallery-grid\" ><div id=\"rbs_gallery_69f26a60c697d-block-loader\" class=\"rbs_gallery_69f26a60c697dSpinner\"><div class=\"rbs_gallery_69f26a60c697dRect1\"><\/div> <div class=\"rbs_gallery_69f26a60c697dRect2\"><\/div> <div class=\"rbs_gallery_69f26a60c697dRect3\"><\/div> <div class=\"rbs_gallery_69f26a60c697dRect4\"><\/div> <div class=\"rbs_gallery_69f26a60c697dRect5\"><\/div><\/div><div id=\"robo_gallery_main_block_rbs_gallery_69f26a60c697d\" class=\"robogallery-gallery-456\" style=\"width:100%;  display: none;\"><div id=\"rbs_gallery_69f26a60c697d\" data-options=\"rbs_gallery_69f26a60c697d\" style=\"width:100%;\" class=\"robo_gallery  \"><div class=\"rbs-img  category456 \" ><div class=\"rbs-img-image   rbs-lightbox \" ><div class=\"rbs-img-thumbs\"  data-thumbnail=\"https:\/\/wordpress.nibis.de\/gsh\/files\/2026\/04\/IMG_1926-300x225.jpg\"  title=\"IMG_1926\"  data-width=\"300\"  data-height=\"225\" ><\/div><div class=\"rbs-img-data-popup\"  data-popup=\"https:\/\/wordpress.nibis.de\/gsh\/files\/2026\/04\/IMG_1926-scaled.jpg\"  title=\"IMG_1926\" ><\/div><div class=\"thumbnail-overlay\"><div class=\"rbsTitle \">IMG_1926<\/div><div class=\"rbsIcons\"><i class=\"fa fa-search-plus rbsZoomIcon \" ><\/i><\/div><\/div><\/div><\/div><div class=\"rbs-img  category456 \" ><div class=\"rbs-img-image   rbs-lightbox \" ><div class=\"rbs-img-thumbs\"  data-thumbnail=\"https:\/\/wordpress.nibis.de\/gsh\/files\/2026\/04\/IMG_1927-225x300.jpg\"  title=\"IMG_1927\"  data-width=\"225\"  data-height=\"300\" ><\/div><div class=\"rbs-img-data-popup\"  data-popup=\"https:\/\/wordpress.nibis.de\/gsh\/files\/2026\/04\/IMG_1927-scaled.jpg\"  title=\"IMG_1927\" ><\/div><div class=\"thumbnail-overlay\"><div class=\"rbsTitle \">IMG_1927<\/div><div class=\"rbsIcons\"><i class=\"fa fa-search-plus rbsZoomIcon \" ><\/i><\/div><\/div><\/div><\/div><div class=\"rbs-img  category456 \" ><div class=\"rbs-img-image   rbs-lightbox \" ><div class=\"rbs-img-thumbs\"  data-thumbnail=\"https:\/\/wordpress.nibis.de\/gsh\/files\/2026\/04\/IMG_1857-300x225.jpg\"  title=\"IMG_1857\"  data-width=\"300\"  data-height=\"225\" ><\/div><div class=\"rbs-img-data-popup\"  data-popup=\"https:\/\/wordpress.nibis.de\/gsh\/files\/2026\/04\/IMG_1857.jpg\"  title=\"IMG_1857\" ><\/div><div class=\"thumbnail-overlay\"><div class=\"rbsTitle \">IMG_1857<\/div><div class=\"rbsIcons\"><i class=\"fa fa-search-plus rbsZoomIcon \" ><\/i><\/div><\/div><\/div><\/div><div class=\"rbs-img  category456 \" ><div class=\"rbs-img-image   rbs-lightbox \" ><div class=\"rbs-img-thumbs\"  data-thumbnail=\"https:\/\/wordpress.nibis.de\/gsh\/files\/2026\/04\/IMG_1858-300x225.jpg\"  title=\"IMG_1858\"  data-width=\"300\"  data-height=\"225\" ><\/div><div class=\"rbs-img-data-popup\"  data-popup=\"https:\/\/wordpress.nibis.de\/gsh\/files\/2026\/04\/IMG_1858.jpg\"  title=\"IMG_1858\" ><\/div><div class=\"thumbnail-overlay\"><div class=\"rbsTitle \">IMG_1858<\/div><div class=\"rbsIcons\"><i class=\"fa fa-search-plus rbsZoomIcon \" ><\/i><\/div><\/div><\/div><\/div><div class=\"rbs-img  category456 \" ><div class=\"rbs-img-image   rbs-lightbox \" ><div class=\"rbs-img-thumbs\"  data-thumbnail=\"https:\/\/wordpress.nibis.de\/gsh\/files\/2026\/04\/IMG_1856-300x225.jpg\"  title=\"IMG_1856\"  data-width=\"300\"  data-height=\"225\" ><\/div><div class=\"rbs-img-data-popup\"  data-popup=\"https:\/\/wordpress.nibis.de\/gsh\/files\/2026\/04\/IMG_1856.jpg\"  title=\"IMG_1856\" ><\/div><div class=\"thumbnail-overlay\"><div class=\"rbsTitle \">IMG_1856<\/div><div class=\"rbsIcons\"><i class=\"fa fa-search-plus rbsZoomIcon \" ><\/i><\/div><\/div><\/div><\/div><div class=\"rbs-img  category456 \" ><div class=\"rbs-img-image   rbs-lightbox \" ><div class=\"rbs-img-thumbs\"  data-thumbnail=\"https:\/\/wordpress.nibis.de\/gsh\/files\/2026\/04\/IMG_1855-1-300x225.jpg\"  title=\"IMG_1855-1\"  data-width=\"300\"  data-height=\"225\" ><\/div><div class=\"rbs-img-data-popup\"  data-popup=\"https:\/\/wordpress.nibis.de\/gsh\/files\/2026\/04\/IMG_1855-1.jpg\"  title=\"IMG_1855-1\" ><\/div><div class=\"thumbnail-overlay\"><div class=\"rbsTitle \">IMG_1855-1<\/div><div class=\"rbsIcons\"><i class=\"fa fa-search-plus rbsZoomIcon \" ><\/i><\/div><\/div><\/div><\/div><div class=\"rbs-img  category456 \" ><div class=\"rbs-img-image   rbs-lightbox \" ><div class=\"rbs-img-thumbs\"  data-thumbnail=\"https:\/\/wordpress.nibis.de\/gsh\/files\/2026\/04\/IMG_1859-300x225.jpg\"  title=\"IMG_1859\"  data-width=\"300\"  data-height=\"225\" ><\/div><div class=\"rbs-img-data-popup\"  data-popup=\"https:\/\/wordpress.nibis.de\/gsh\/files\/2026\/04\/IMG_1859.jpg\"  title=\"IMG_1859\" ><\/div><div class=\"thumbnail-overlay\"><div class=\"rbsTitle \">IMG_1859<\/div><div class=\"rbsIcons\"><i class=\"fa fa-search-plus rbsZoomIcon \" ><\/i><\/div><\/div><\/div><\/div><div class=\"rbs-img  category456 \" ><div class=\"rbs-img-image   rbs-lightbox \" ><div class=\"rbs-img-thumbs\"  data-thumbnail=\"https:\/\/wordpress.nibis.de\/gsh\/files\/2026\/01\/IMG_9931-300x225.jpg\"  title=\"IMG_9931\"  data-width=\"300\"  data-height=\"225\" ><\/div><div class=\"rbs-img-data-popup\"  data-popup=\"https:\/\/wordpress.nibis.de\/gsh\/files\/2026\/01\/IMG_9931-scaled.jpg\"  title=\"IMG_9931\" ><\/div><div class=\"thumbnail-overlay\"><div class=\"rbsTitle \">IMG_9931<\/div><div class=\"rbsIcons\"><i class=\"fa fa-search-plus rbsZoomIcon \" ><\/i><\/div><\/div><\/div><\/div><div class=\"rbs-img  category456 \" ><div class=\"rbs-img-image   rbs-lightbox \" ><div class=\"rbs-img-thumbs\"  data-thumbnail=\"https:\/\/wordpress.nibis.de\/gsh\/files\/2025\/10\/IMG_9887-2-300x225.jpg\"  title=\"IMG_9887-2\"  data-width=\"300\"  data-height=\"225\" ><\/div><div class=\"rbs-img-data-popup\"  data-popup=\"https:\/\/wordpress.nibis.de\/gsh\/files\/2025\/10\/IMG_9887-2-scaled.jpg\"  title=\"IMG_9887-2\" ><\/div><div class=\"thumbnail-overlay\"><div class=\"rbsTitle \">IMG_9887-2<\/div><div class=\"rbsIcons\"><i class=\"fa fa-search-plus rbsZoomIcon \" ><\/i><\/div><\/div><\/div><\/div><div class=\"rbs-img  category456 \" ><div class=\"rbs-img-image   rbs-lightbox \" ><div class=\"rbs-img-thumbs\"  data-thumbnail=\"https:\/\/wordpress.nibis.de\/gsh\/files\/2026\/04\/IMG_1929-300x225.jpg\"  title=\"IMG_1929\"  data-width=\"300\"  data-height=\"225\" ><\/div><div class=\"rbs-img-data-popup\"  data-popup=\"https:\/\/wordpress.nibis.de\/gsh\/files\/2026\/04\/IMG_1929-scaled.jpg\"  title=\"IMG_1929\" ><\/div><div class=\"thumbnail-overlay\"><div class=\"rbsTitle \">IMG_1929<\/div><div class=\"rbsIcons\"><i class=\"fa fa-search-plus rbsZoomIcon \" ><\/i><\/div><\/div><\/div><\/div><div class=\"rbs-img  category456 \" ><div class=\"rbs-img-image   rbs-lightbox \" ><div class=\"rbs-img-thumbs\"  data-thumbnail=\"https:\/\/wordpress.nibis.de\/gsh\/files\/2026\/04\/IMG_1928-300x225.jpg\"  title=\"IMG_1928\"  data-width=\"300\"  data-height=\"225\" ><\/div><div class=\"rbs-img-data-popup\"  data-popup=\"https:\/\/wordpress.nibis.de\/gsh\/files\/2026\/04\/IMG_1928-scaled.jpg\"  title=\"IMG_1928\" ><\/div><div class=\"thumbnail-overlay\"><div class=\"rbsTitle \">IMG_1928<\/div><div class=\"rbsIcons\"><i class=\"fa fa-search-plus rbsZoomIcon \" ><\/i><\/div><\/div><\/div><\/div><\/div><\/div><\/div><script>var rbs_gallery_69f26a60c697d = {\"version\":\"5.1.4\",\"id\":456,\"class\":\"id456\",\"roboGalleryDelay\":1000,\"mainContainer\":\"#robo_gallery_main_block_rbs_gallery_69f26a60c697d\",\"loadingContainer\":\"#rbs_gallery_69f26a60c697d-block-loader\",\"loadingContainerObj\":\"rbs_gallery_69f26a60c697d-block-loader\",\"columnWidth\":\"auto\",\"columns\":3,\"resolutions\":[{\"columnWidth\":\"auto\",\"columns\":3,\"maxWidth\":960},{\"columnWidth\":\"auto\",\"columns\":2,\"maxWidth\":650},{\"columnWidth\":\"auto\",\"columns\":1,\"maxWidth\":450}],\"lightboxOptions\":{\"gallery\":{\"enabled\":true,\"tCounter\":\"%curr% of %total%\"}},\"overlayEffect\":\"direction-aware-fade\",\"boxesToLoadStart\":12,\"boxesToLoad\":8,\"waitUntilThumbLoads\":1,\"LoadingWord\":\"Loading...\",\"loadMoreWord\":\"Load More\",\"noMoreEntriesWord\":\"No More Entries\",\"horizontalSpaceBetweenBoxes\":15,\"verticalSpaceBetweenBoxes\":15,\"lazyLoad\":1,\"wrapContainer\":\"#robo-gallery-wrap-rbs_gallery_69f26a60c697d\"};<\/script>","protected":false},"excerpt":{"rendered":"<p>Die offene Ganztagsgrundschule M\u00fchlenfeld liegt in einem der elf Ortsteile der Stadt Seelze, im Westen von Hannover \u2013 nur etwa zwei Kilometer von der Stadtgrenze entfernt. Der beschauliche Ort mit rund 1.800 Einwohnerinnen und Einwohnern bietet eine naturnahe Umgebung und ein starkes Gemeinschaftsgef\u00fchl \u2013 ideale Voraussetzungen f\u00fcr ein lebendiges Schulleben. Unsere Schule wird nicht nur [&hellip;]<\/p>\n","protected":false},"author":9194667,"featured_media":0,"parent":0,"menu_order":0,"comment_status":"closed","ping_status":"closed","template":"","meta":{"footnotes":""},"class_list":["post-490","page","type-page","status-publish","hentry"],"_links":{"self":[{"href":"https:\/\/wordpress.nibis.de\/gsh\/wp-json\/wp\/v2\/pages\/490","targetHints":{"allow":["GET"]}}],"collection":[{"href":"https:\/\/wordpress.nibis.de\/gsh\/wp-json\/wp\/v2\/pages"}],"about":[{"href":"https:\/\/wordpress.nibis.de\/gsh\/wp-json\/wp\/v2\/types\/page"}],"author":[{"embeddable":true,"href":"https:\/\/wordpress.nibis.de\/gsh\/wp-json\/wp\/v2\/users\/9194667"}],"replies":[{"embeddable":true,"href":"https:\/\/wordpress.nibis.de\/gsh\/wp-json\/wp\/v2\/comments?post=490"}],"version-history":[{"count":2,"href":"https:\/\/wordpress.nibis.de\/gsh\/wp-json\/wp\/v2\/pages\/490\/revisions"}],"predecessor-version":[{"id":521,"href":"https:\/\/wordpress.nibis.de\/gsh\/wp-json\/wp\/v2\/pages\/490\/revisions\/521"}],"wp:attachment":[{"href":"https:\/\/wordpress.nibis.de\/gsh\/wp-json\/wp\/v2\/media?parent=490"}],"curies":[{"name":"wp","href":"https:\/\/api.w.org\/{rel}","templated":true}]}}