{"id":118,"date":"2019-10-25T12:26:55","date_gmt":"2019-10-25T10:26:55","guid":{"rendered":"https:\/\/wordpress.nibis.de\/gshaarentor\/?page_id=118"},"modified":"2023-01-11T12:08:38","modified_gmt":"2023-01-11T11:08:38","slug":"schule-2","status":"publish","type":"page","link":"https:\/\/wordpress.nibis.de\/gshaarentor\/schule-2\/","title":{"rendered":"\u00dcber uns"},"content":{"rendered":"\n<p>Die Grundschule Haarentor ist eine zweiz\u00fcgige, verl\u00e4ssliche Grundschule im Herzen von Oldenburg. Momentan werden die Kinder von zw\u00f6lf Lehrkr\u00e4ften und einer F\u00f6rderschullehrkraft unterrichtet und unterst\u00fctzt.\u00a0<\/p>\n<p>Verl\u00e4sslich bedeutet, dass der Schulvormittag von 07:50 Uhr bis 12:45 Uhr ohne Stundenausfall stattfindet. Die optionale Betreuungszeit f\u00fcr die Klassen 1 und 2 von 12:00 Uhr bis 12:45 Uhr ist f\u00fcr die Eltern kostenfrei und wird von den p\u00e4dagogischen Mitarbeiterinnen \u00fcbernommen.<\/p>\n<p>An die Grundschule angrenzend befindet sich der Hort. Dieser wird vom Verein f\u00fcr Kinder organisiert ebenso wie der an den Unterricht anschlie\u00dfende Mittagstisch. Beide bieten eine Betreuungsm\u00f6glichkeit nach der Unterrichtszeit an. Anmeldungen hierf\u00fcr m\u00fcssen im Januar beim Verein f\u00fcr Kinder erfolgen.<\/p>\n<p>\u00a0<\/p>\n","protected":false},"excerpt":{"rendered":"<p>Die Grundschule Haarentor ist eine zweiz\u00fcgige, verl\u00e4ssliche Grundschule im Herzen von Oldenburg. Momentan werden die Kinder von zw\u00f6lf Lehrkr\u00e4ften und einer F\u00f6rderschullehrkraft unterrichtet und unterst\u00fctzt.\u00a0 Verl\u00e4sslich bedeutet, dass der Schulvormittag von 07:50 Uhr bis 12:45 Uhr ohne Stundenausfall stattfindet. Die optionale Betreuungszeit f\u00fcr die Klassen 1 und 2 von 12:00 Uhr bis 12:45 Uhr ist f\u00fcr die Eltern kostenfrei und wird von den p\u00e4dagogischen Mitarbeiterinnen \u00fcbernommen. An die Grundschule angrenzend befindet sich der Hort. Dieser wird vom Verein f\u00fcr Kinder&#8230;<\/p>\n<p class=\"read-more\"><a class=\"btn btn-default\" href=\"https:\/\/wordpress.nibis.de\/gshaarentor\/schule-2\/\">Weiterlesen<span class=\"screen-reader-text\"> Weiterlesen<\/span><\/a><\/p>\n","protected":false},"author":9192764,"featured_media":0,"parent":0,"menu_order":0,"comment_status":"closed","ping_status":"closed","template":"","meta":{"footnotes":""},"class_list":["post-118","page","type-page","status-publish","hentry"],"_links":{"self":[{"href":"https:\/\/wordpress.nibis.de\/gshaarentor\/wp-json\/wp\/v2\/pages\/118","targetHints":{"allow":["GET"]}}],"collection":[{"href":"https:\/\/wordpress.nibis.de\/gshaarentor\/wp-json\/wp\/v2\/pages"}],"about":[{"href":"https:\/\/wordpress.nibis.de\/gshaarentor\/wp-json\/wp\/v2\/types\/page"}],"author":[{"embeddable":true,"href":"https:\/\/wordpress.nibis.de\/gshaarentor\/wp-json\/wp\/v2\/users\/9192764"}],"replies":[{"embeddable":true,"href":"https:\/\/wordpress.nibis.de\/gshaarentor\/wp-json\/wp\/v2\/comments?post=118"}],"version-history":[{"count":8,"href":"https:\/\/wordpress.nibis.de\/gshaarentor\/wp-json\/wp\/v2\/pages\/118\/revisions"}],"predecessor-version":[{"id":432,"href":"https:\/\/wordpress.nibis.de\/gshaarentor\/wp-json\/wp\/v2\/pages\/118\/revisions\/432"}],"wp:attachment":[{"href":"https:\/\/wordpress.nibis.de\/gshaarentor\/wp-json\/wp\/v2\/media?parent=118"}],"curies":[{"name":"wp","href":"https:\/\/api.w.org\/{rel}","templated":true}]}}