{"id":146,"date":"2020-04-29T13:18:00","date_gmt":"2020-04-29T11:18:00","guid":{"rendered":"https:\/\/wordpress.nibis.de\/gshaarentor\/?page_id=146"},"modified":"2022-12-09T21:38:27","modified_gmt":"2022-12-09T20:38:27","slug":"links-zu-lernprogrammen","status":"publish","type":"page","link":"https:\/\/wordpress.nibis.de\/gshaarentor\/links-zu-lernprogrammen\/","title":{"rendered":"Links zu Lernprogrammen"},"content":{"rendered":"\n<ul>\n<li><a href=\"https:\/\/antolin.westermann.de\/\">https:\/\/antolin.westermann.de\/<\/a>\u00a0<\/li>\n<\/ul>\n<p>Mit Hilfe des Online-Programms Antolin k\u00f6nnen die Kinder Quizfragen zu gelesenen B\u00fcchern beantworten und sich dadurch Punkte verdienen. Dies f\u00f6rdert einerseits das Leseverst\u00e4ndnis und andererseits motiviert es die Kinder zum Lesen.<\/p>\n<ul>\n<li><a href=\"https:\/\/klexikon.zum.de\/\">https:\/\/klexikon.zum.de\/<\/a><\/li>\n<\/ul>\n<p>Klexikon ist ein Nachschlagewerk f\u00fcr Kinder.<\/p>\n<ul>\n<li><a href=\"https:\/\/alfons.westermann.de\/alfons\/#\/information\">https:\/\/alfons.westermann.de\/alfons\/#\/information<\/a><\/li>\n<\/ul>\n\n\n\n<div class=\"wp-block-group\"><div class=\"wp-block-group__inner-container is-layout-flow wp-block-group-is-layout-flow\">\n<p>Durch Alfons k\u00f6nnen die Kompetenzbereiche in Mathematik, Deutsch und Englisch gezielt ge\u00fcbt und gef\u00f6rdert werden. <\/p>\n\n\n<\/div><\/div>\n\n\n","protected":false},"excerpt":{"rendered":"<p>https:\/\/antolin.westermann.de\/\u00a0 Mit Hilfe des Online-Programms Antolin k\u00f6nnen die Kinder Quizfragen zu gelesenen B\u00fcchern beantworten und sich dadurch Punkte verdienen. Dies f\u00f6rdert einerseits das Leseverst\u00e4ndnis und andererseits motiviert es die Kinder zum Lesen. https:\/\/klexikon.zum.de\/ Klexikon ist ein Nachschlagewerk f\u00fcr Kinder. https:\/\/alfons.westermann.de\/alfons\/#\/information Durch Alfons k\u00f6nnen die Kompetenzbereiche in Mathematik, Deutsch und Englisch gezielt ge\u00fcbt und gef\u00f6rdert werden.<\/p>\n","protected":false},"author":9192764,"featured_media":0,"parent":0,"menu_order":0,"comment_status":"closed","ping_status":"closed","template":"","meta":{"footnotes":""},"class_list":["post-146","page","type-page","status-publish","hentry"],"_links":{"self":[{"href":"https:\/\/wordpress.nibis.de\/gshaarentor\/wp-json\/wp\/v2\/pages\/146","targetHints":{"allow":["GET"]}}],"collection":[{"href":"https:\/\/wordpress.nibis.de\/gshaarentor\/wp-json\/wp\/v2\/pages"}],"about":[{"href":"https:\/\/wordpress.nibis.de\/gshaarentor\/wp-json\/wp\/v2\/types\/page"}],"author":[{"embeddable":true,"href":"https:\/\/wordpress.nibis.de\/gshaarentor\/wp-json\/wp\/v2\/users\/9192764"}],"replies":[{"embeddable":true,"href":"https:\/\/wordpress.nibis.de\/gshaarentor\/wp-json\/wp\/v2\/comments?post=146"}],"version-history":[{"count":19,"href":"https:\/\/wordpress.nibis.de\/gshaarentor\/wp-json\/wp\/v2\/pages\/146\/revisions"}],"predecessor-version":[{"id":396,"href":"https:\/\/wordpress.nibis.de\/gshaarentor\/wp-json\/wp\/v2\/pages\/146\/revisions\/396"}],"wp:attachment":[{"href":"https:\/\/wordpress.nibis.de\/gshaarentor\/wp-json\/wp\/v2\/media?parent=146"}],"curies":[{"name":"wp","href":"https:\/\/api.w.org\/{rel}","templated":true}]}}