{"id":171,"date":"2020-05-08T13:18:07","date_gmt":"2020-05-08T11:18:07","guid":{"rendered":"https:\/\/wordpress.nibis.de\/gshaarentor\/?page_id=171"},"modified":"2025-10-28T14:18:30","modified_gmt":"2025-10-28T13:18:30","slug":"datenschutzerklaerung","status":"publish","type":"page","link":"https:\/\/wordpress.nibis.de\/gshaarentor\/datenschutzerklaerung\/","title":{"rendered":"Datenschutzerkl\u00e4rung"},"content":{"rendered":"\n<p><strong>I. Name und Anschrift des Verantwortlichen<br>Grundschule Haarentor<\/strong><br> Sch\u00fctzenweg 25<br> 26129 Oldenburg<br> Telefon: 0441\/72975<br> E-Mail: &#x53;&#x63;&#x68;&#x75;&#x6c;&#108;&#101;&#105;&#116;ung&#x40;&#x67;&#x73;&#x2d;&#x68;&#x61;&#97;&#114;&#101;nto&#x72;&#x2e;&#x65;&#x75;<\/p>\n\n\n\n<p><strong>Vertretungsberechtigt<\/strong><br>Christina Fisahn, komm. Schulleiterin<\/p>\n\n\n\n<p><strong>II. Kontaktdaten der oder des beh\u00f6rdlichen Datenschutzbeauftragten<br>\n<\/strong>Tel.:<br>\nFax.:<br>\nE-Mail:<\/p>\n\n\n\n<p><strong>III. Name und Anschrift unseres Host-Providers<br>\n<\/strong>Nieders\u00e4chsisches Landesinstitut f\u00fcr schulische Qualit\u00e4tsentwicklung (NLQ)<br>\nvertreten durch die Pr\u00e4sidentin Frau Dr. Elke Richlick<br>\nKe\u00dflerstra\u00dfe 52<br>\n31134 Hildesheim<\/p>\n\n\n\n<p><strong>IV. Bereitstellung der Website und Erstellung von Logfiles<br>\n<\/strong>Bei jedem Aufruf unserer Internetseite erfasst unser System \nautomatisiert Daten und Informationen vom Computersystem des aufrufenden\n Rechners. Folgende Daten werden hierbei erhoben:<\/p>\n\n\n\n<p>(1) Datum und Uhrzeit des Zugriffes<br>\n(2) Vom System protokollierte Fehler beim Aufruf unserer Seiten<br>\n(3) Die IP-Adresse des Nutzers<br>\n(4) Die Betriebssystemversion des Nutzers<br>\n(5) Der Browsertyp des Nutzers<br>\n(6) Die vom Nutzer aufgerufene Seite<br>\n(7) Die Weiterleitung auf eine externe Seite<\/p>\n\n\n\n<p>Die Daten werden in den Logfiles gespeichert. Eine Speicherung dieser\n Daten zusammen mit anderen personenbezogenen Daten des Nutzers findet \nnicht statt. Zweck der Datenspeicherung ist technische Optimierung \nunserer Internetseite. Rechtsgrundlage f\u00fcr die vor\u00fcbergehende \nSpeicherung der Daten ist Art. 6 Abs.1 lit.f DSGVO.<\/p>\n\n\n\n<p>Die Daten werden f\u00fcr 52 Wochen gespeichert, sie werden lediglich statistisch ausgewertet. Danach werden sie gel\u00f6scht.<\/p>\n\n\n\n<p><strong>V. Verwendung von Cookies<br>\n<\/strong>Beim Anmelden in WordPress werden Cookies eingerichtet, um die \nAnmeldeinformationen und Anzeigeoptionen zu speichern. Anmelde-Cookies \nverfallen nach zwei Tagen und Cookies f\u00fcr die Anzeigeoptionen nach einem\n Jahr. Falls Sie bei der Anmeldung \u201eAngemeldet bleiben\u201c ausgew\u00e4hlt \nhaben, wird Ihre Anmeldung zwei Wochen lang aufrechterhalten. Mit der \nAbmeldung aus Ihrem Konto werden die Anmelde-Cookies gel\u00f6scht.<\/p>\n\n\n\n<p><strong>VI. Speicherung personenbezogener Daten bei Kontaktaufnahme<br>\n<\/strong>Sofern Sie per E-Mail den Kontakt mit uns aufnehmen, werden die\n von Ihnen \u00fcbermittelten personenbezogenen Daten automatisch \ngespeichert. Diese Daten werden f\u00fcr Zwecke der Bearbeitung Ihres \nAnliegens und der Kontaktaufnahme mit Ihnen gespeichert.<\/p>\n\n\n\n<p>Wenn Sie Gebrauch von unserem Kontaktformular machen, werden die \nfolgenden personenbezogenen Daten von Ihnen gespeichert: Ihr Name, Ihre \nAnschrift, Ihre E-Mail-Adresse.<\/p>\n\n\n\n<p>Die L\u00f6schung der Daten erfolgt, sobald deren Speicherung f\u00fcr die Bearbeitung Ihres Anliegens nicht mehr erforderlich ist.<\/p>\n\n\n\n<p><strong>VII. Kontaktformulare<br>\n<\/strong>Wenn Sie einen Kommentar auf unserer Website schreiben, kann \ndas eine Einwilligung sein, Ihren Namen, E-Mailadresse und Website in \nCookies zu speichern. Dies ist eine Komfortfunktion, damit Sie nicht, \nwenn Sie einen weiteren Kommentar schreiben, all diese Daten erneut \neingeben m\u00fcssen. Diese Cookies werden ein Jahr lang gespeichert.<\/p>\n\n\n\n<p><strong>VIII. Medien<br>\n<\/strong>Wenn Sie ein registrierter Benutzer sind und Fotos auf diese \nWebsite laden, sollten Sie vermeiden Fotos mit einer EXIF-GPS-Standort \nhochzuladen. Besucher dieser Website k\u00f6nnten Fotos, die auf dieser \nWebsite gespeichert sind, herunterladen und deren Standort-Informationen\n extrahieren.<\/p>\n\n\n\n<p><strong>IX. Eingebettete Inhalte von anderen Websites<br>\n<\/strong>Beitr\u00e4ge auf dieser Website k\u00f6nnen eingebettete Inhalte \nbeinhalten (z. B. Videos, Bilder, Beitr\u00e4ge etc.). Eingebettete Inhalte \nvon anderen Websites verhalten sich exakt so, als ob der Besucher die \nandere Website besucht h\u00e4tte.<br>\nDiese Websites k\u00f6nnen Daten \u00fcber Sie sammeln, Cookies benutzen, \nzus\u00e4tzliche Tracking-Dienste von Dritten einbetten und Ihre Interaktion \nmit diesem eingebetteten Inhalt aufzeichnen, inklusive Ihrer Interaktion\n mit dem eingebetteten Inhalt, falls Sie ein Konto haben und auf dieser \nWebsite angemeldet sind.\u201c<\/p>\n\n\n\n<p><strong>X. Betroffenenrechte<br>\n<\/strong>Sie k\u00f6nnen folgende Rechte geltend machen:<\/p>\n\n\n\n<p><em>\u2022 Auskunft\/ Akteneinsicht<\/em><br>\nGem. Art. 15 DSGVO haben Sie das Recht, Auskunft bzw. Akteneinsicht \u00fcber\n die von uns verarbeiteten personenbezogenen Daten zu erhalten.<\/p>\n\n\n\n<p><em>\u2022 Berichtigung<\/em><br>\nSind bei uns gespeicherte personenbezogene Daten unrichtig oder \nunvollst\u00e4ndig, haben Sie gem. Art. 16 DSGVO das Recht, diese berichtigen\n bzw. vervollst\u00e4ndigen zu lassen.<\/p>\n\n\n\n<p><em>\u2022 L\u00f6schung<\/em><br>\nArt. 17 DSGVO normiert das Recht auf L\u00f6schung personenbezogener Daten. \nDieses Recht steht Ihnen insbesondere dann zu, wenn die Speicherung der \npersonenbezogenen Daten zur Erf\u00fcllung unserer gesetzlichen Aufgaben \nnicht mehr erforderlich ist oder Sie Ihre Einwilligung zur \nDatenverarbeitung mit Wirkung f\u00fcr die Zukunft widerrufen haben.<\/p>\n\n\n\n<p><em>\u2022 Einschr\u00e4nkung der Verarbeitung<\/em><br>\nGem. Art. 18 DSGVO k\u00f6nnen Sie die Einschr\u00e4nkung der personenbezogenen Daten verlangen, wenn<br>\n\u2013 die Richtigkeit der Daten von Ihnen bestritten wird<br>\n\u2013 die Verarbeitung unrechtm\u00e4\u00dfig ist, Sie aber deren L\u00f6schung ablehnen<br>\n\u2013 wir die Daten nicht mehr ben\u00f6tigen, Sie jedoch diese zur \nGeltendmachung, Aus\u00fcbung oder Verteidigung von Rechtsanspr\u00fcchen \nben\u00f6tigen<br>\n\u2013 oder Sie gem\u00e4\u00df Art. 21 DSGVO Widerspruch gegen die Verarbeitung eingelegt haben<\/p>\n\n\n\n<p><em>\u2022 Widerspruch<\/em><br>\nSie k\u00f6nnen bei Gr\u00fcnden, die sich aus Ihrer besonderen Situation ergeben,\n ein Widerspruchsrecht geltend machen. Gem. Art. 21 DSGVO ist jedoch zu \nber\u00fccksichtigten, ob schutzw\u00fcrdige Gr\u00fcnde f\u00fcr die Verarbeitung vorliegen\n oder die Verarbeitung der Geltendmachung, Aus\u00fcbung oder Verteidigung \nvon Rechtsanspr\u00fcchen dient.<\/p>\n\n\n\n<p><em>\u2022 Daten\u00fcbertragbarkeit<\/em><br>\nIst die Verarbeitung Ihrer Daten mit Hilfe eines automatisierten \nVerfahrens erfolgt, haben Sie gem. Art. 20 DSGVO das Recht, die Daten in\n einem g\u00e4ngigen und maschinenlesbaren Format zu erhalten und an eine \nandere Schule zu \u00fcbermitteln bzw. durch uns \u00fcbermitteln zu lassen.<\/p>\n\n\n\n<p><em>\u2022 Widerruf der Einwilligung<\/em><br>\nSie haben gem. Art. 7 Absatz 3 DSGVO das Recht, uns erteilte Einwilligungen jederzeit mit Wirkung f\u00fcr die Zukunft zu widerrufen.<\/p>\n\n\n\n<p><em>\u2022 Beschwerde<\/em><br>\nArt. 77 DSGVO normiert ein Beschwerderecht bei der Aufsichtsbeh\u00f6rde. Die\n f\u00fcr uns zust\u00e4ndige Aufsichtsbeh\u00f6rde ist die Landesbeauftragte f\u00fcr den \nDatenschutz Niedersachsen, Prinzenstra\u00dfe 5, 30159 Hannover. E-Mail: \n&#x70;&#x6f;&#x73;&#x74;&#x73;&#x74;&#x65;&#108;&#108;&#101;&#64;&#108;fd&#46;n&#x69;&#x65;&#x64;&#x65;&#x72;&#x73;&#x61;&#x63;&#104;&#115;&#101;&#110;&#46;de<\/p>\n","protected":false},"excerpt":{"rendered":"<p>I. Name und Anschrift des VerantwortlichenGrundschule Haarentor Sch\u00fctzenweg 25 26129 Oldenburg Telefon: 0441\/72975 E-Mail: &#x53;&#99;&#x68;&#x75;&#108;&#x6c;&#x65;&#105;&#x74;&#x75;&#110;&#x67;&#x40;g&#x73;&#x2d;h&#x61;&#97;r&#x65;&#110;t&#x6f;&#114;&#46;&#x65;&#117; VertretungsberechtigtChristina Fisahn, komm. Schulleiterin II. Kontaktdaten der oder des beh\u00f6rdlichen Datenschutzbeauftragten Tel.: Fax.: E-Mail: III. Name und Anschrift unseres Host-Providers Nieders\u00e4chsisches Landesinstitut f\u00fcr schulische Qualit\u00e4tsentwicklung (NLQ) vertreten durch die Pr\u00e4sidentin Frau Dr. Elke Richlick Ke\u00dflerstra\u00dfe 52 31134 Hildesheim IV. Bereitstellung der Website und Erstellung von Logfiles Bei jedem Aufruf unserer Internetseite erfasst unser System automatisiert Daten und Informationen vom Computersystem des aufrufenden Rechners. Folgende Daten&#8230;<\/p>\n<p class=\"read-more\"><a class=\"btn btn-default\" href=\"https:\/\/wordpress.nibis.de\/gshaarentor\/datenschutzerklaerung\/\">Weiterlesen<span class=\"screen-reader-text\"> Weiterlesen<\/span><\/a><\/p>\n","protected":false},"author":9192764,"featured_media":0,"parent":0,"menu_order":0,"comment_status":"closed","ping_status":"closed","template":"","meta":{"footnotes":""},"class_list":["post-171","page","type-page","status-publish","hentry"],"_links":{"self":[{"href":"https:\/\/wordpress.nibis.de\/gshaarentor\/wp-json\/wp\/v2\/pages\/171","targetHints":{"allow":["GET"]}}],"collection":[{"href":"https:\/\/wordpress.nibis.de\/gshaarentor\/wp-json\/wp\/v2\/pages"}],"about":[{"href":"https:\/\/wordpress.nibis.de\/gshaarentor\/wp-json\/wp\/v2\/types\/page"}],"author":[{"embeddable":true,"href":"https:\/\/wordpress.nibis.de\/gshaarentor\/wp-json\/wp\/v2\/users\/9192764"}],"replies":[{"embeddable":true,"href":"https:\/\/wordpress.nibis.de\/gshaarentor\/wp-json\/wp\/v2\/comments?post=171"}],"version-history":[{"count":5,"href":"https:\/\/wordpress.nibis.de\/gshaarentor\/wp-json\/wp\/v2\/pages\/171\/revisions"}],"predecessor-version":[{"id":553,"href":"https:\/\/wordpress.nibis.de\/gshaarentor\/wp-json\/wp\/v2\/pages\/171\/revisions\/553"}],"wp:attachment":[{"href":"https:\/\/wordpress.nibis.de\/gshaarentor\/wp-json\/wp\/v2\/media?parent=171"}],"curies":[{"name":"wp","href":"https:\/\/api.w.org\/{rel}","templated":true}]}}