{"id":182,"date":"2020-05-15T13:10:48","date_gmt":"2020-05-15T11:10:48","guid":{"rendered":"https:\/\/wordpress.nibis.de\/gshaarentor\/?page_id=182"},"modified":"2025-08-20T11:19:39","modified_gmt":"2025-08-20T09:19:39","slug":"informationen-zur-einschulung","status":"publish","type":"page","link":"https:\/\/wordpress.nibis.de\/gshaarentor\/informationen-zur-einschulung\/","title":{"rendered":"Informationen zur Einschulung"},"content":{"rendered":"\n<p>Die Einschulung im Schuljahr 2026\/27 wird am Samstag, 15. August 2026 stattfinden.<\/p>\n<p>Ein Elternabend mit n\u00e4heren Informationen wird vor den Sommerferien 2026 einberufen. Hierzu erhalten alle an der Grundschule Haarentor angemeldeten zuk\u00fcnftigen Erstkl\u00e4ssler\/innen postalisch Bescheid.<\/p>\n<p>\u00a0<\/p>\n<p>Der \u00dcbergang Ihres Kindes in die Grundschule stellt &#8211; nach dem Besuch des Kindergartens &#8211; einen gro\u00dfen weiteren Schritt dar. Selbstverst\u00e4ndlich ist dieser neue Lebensabschnitt auch mit vielen Fragen verbunden. Wie wird meinem Kind der \u00dcbergang gelingen? Welche Klassenlehrkraft wird es bekommen? Eventuell fragen Sie sich aber auch, was ihr Kind vor Schuleintritt schon k\u00f6nnen sollte. Diese Frage k\u00f6nnen wir im Folgenden bereits beantworten.<\/p>\n<p>Ihr Kind muss weder einige W\u00f6rter lesen, schreiben oder bereits erste Plusaufgaben rechnen k\u00f6nnen, um einen erfolgreichen Schulantritt zu erfahren. Wichtig sind zun\u00e4chst eine soziale und emotionale Reife (Regelverst\u00e4ndnis, Teil einer Gruppe sein k\u00f6nnen und ein gewisses Ma\u00df an Selbstst\u00e4ndigkeit), sprachliche Fertigkeiten sowie k\u00f6rperliche Reife (selbstst\u00e4ndiges An- und Ausziehen von Schuhe und Jacke oder auch das Tragen des Schulranzens).<\/p>\n","protected":false},"excerpt":{"rendered":"<p>Die Einschulung im Schuljahr 2026\/27 wird am Samstag, 15. August 2026 stattfinden. Ein Elternabend mit n\u00e4heren Informationen wird vor den Sommerferien 2026 einberufen. Hierzu erhalten alle an der Grundschule Haarentor angemeldeten zuk\u00fcnftigen Erstkl\u00e4ssler\/innen postalisch Bescheid. \u00a0 Der \u00dcbergang Ihres Kindes in die Grundschule stellt &#8211; nach dem Besuch des Kindergartens &#8211; einen gro\u00dfen weiteren Schritt dar. Selbstverst\u00e4ndlich ist dieser neue Lebensabschnitt auch mit vielen Fragen verbunden. Wie wird meinem Kind der \u00dcbergang gelingen? Welche Klassenlehrkraft wird es bekommen? Eventuell fragen&#8230;<\/p>\n<p class=\"read-more\"><a class=\"btn btn-default\" href=\"https:\/\/wordpress.nibis.de\/gshaarentor\/informationen-zur-einschulung\/\">Weiterlesen<span class=\"screen-reader-text\"> Weiterlesen<\/span><\/a><\/p>\n","protected":false},"author":9192764,"featured_media":0,"parent":0,"menu_order":0,"comment_status":"closed","ping_status":"closed","template":"","meta":{"footnotes":""},"class_list":["post-182","page","type-page","status-publish","hentry"],"_links":{"self":[{"href":"https:\/\/wordpress.nibis.de\/gshaarentor\/wp-json\/wp\/v2\/pages\/182","targetHints":{"allow":["GET"]}}],"collection":[{"href":"https:\/\/wordpress.nibis.de\/gshaarentor\/wp-json\/wp\/v2\/pages"}],"about":[{"href":"https:\/\/wordpress.nibis.de\/gshaarentor\/wp-json\/wp\/v2\/types\/page"}],"author":[{"embeddable":true,"href":"https:\/\/wordpress.nibis.de\/gshaarentor\/wp-json\/wp\/v2\/users\/9192764"}],"replies":[{"embeddable":true,"href":"https:\/\/wordpress.nibis.de\/gshaarentor\/wp-json\/wp\/v2\/comments?post=182"}],"version-history":[{"count":11,"href":"https:\/\/wordpress.nibis.de\/gshaarentor\/wp-json\/wp\/v2\/pages\/182\/revisions"}],"predecessor-version":[{"id":535,"href":"https:\/\/wordpress.nibis.de\/gshaarentor\/wp-json\/wp\/v2\/pages\/182\/revisions\/535"}],"wp:attachment":[{"href":"https:\/\/wordpress.nibis.de\/gshaarentor\/wp-json\/wp\/v2\/media?parent=182"}],"curies":[{"name":"wp","href":"https:\/\/api.w.org\/{rel}","templated":true}]}}