{"id":187,"date":"2020-05-15T13:38:30","date_gmt":"2020-05-15T11:38:30","guid":{"rendered":"https:\/\/wordpress.nibis.de\/gshaarentor\/?page_id=187"},"modified":"2022-12-10T16:36:42","modified_gmt":"2022-12-10T15:36:42","slug":"eltern-2","status":"publish","type":"page","link":"https:\/\/wordpress.nibis.de\/gshaarentor\/eltern-2\/","title":{"rendered":"Eltern"},"content":{"rendered":"\n<p>Eine vertrauensvolle Zusammenarbeit zwischen der Elternschaft und der Schule ist eine wesentliche Voraussetzung f\u00fcr erfolgreiches Lernen und eine gute schulische Entwicklung eines jeden Kindes. Hierzu finden regelm\u00e4\u00dfige Gespr\u00e4che zur individuellen Lernentwicklung sowie Elternabende zu verschiedenen p\u00e4dagogischen Themen statt.<\/p>\n<p>Neben den offiziellen Elternsprechtagen, k\u00f6nnen Sie jederzeit einen Gespr\u00e4chstermin mit den Lehrkr\u00e4ften Ihres Kindes vereinbaren. Dies geschieht entweder per Mail (siehe Kontakt) oder auch \u00fcber den Schulplaner. Da wir uns f\u00fcr Sie und Ihr Anliegen gerne Zeit nehmen wollen, sehen Sie bitte von spontanen Gespr\u00e4chen ab, sondern nutzen Sie die M\u00f6glichkeit eines individuellen Gespr\u00e4chstermins.<\/p>\n<p>Innerhalb des Schuljahres finden dar\u00fcber hinaus auch verschiedene Veranstaltungen statt, zu denen wir Sie gerne einladen. Dies k\u00f6nnen Projekttage, Theaterauff\u00fchrungen, Basteltage oder auch eine Klassenfeier sein. Durch die Mitwirkung der Elternschaft k\u00f6nnen wir den Kindern gemeinsam Projekte und Ausfl\u00fcge erm\u00f6glichen, die ohne Hilfe nur schwer umsetzbar w\u00e4ren.<\/p>\n<p>Weitere M\u00f6glichkeiten der Mitwirkung und Mitgestaltung des Schullebens bieten sich durch die \u00dcbernahme von Elternvertretungen in den Klassenschaften sowie durch Vertretungen in den Konferenzen. Auch die Mitgliedschaft im F\u00f6rderverein der Grundschule Haarentor erm\u00f6glicht eine Unterst\u00fctzung bei Projekten und Anschaffungen, die am Ende allen Sch\u00fclerinnen und Sch\u00fclern der Schule zu Gute kommen.<\/p>\n","protected":false},"excerpt":{"rendered":"<p>Eine vertrauensvolle Zusammenarbeit zwischen der Elternschaft und der Schule ist eine wesentliche Voraussetzung f\u00fcr erfolgreiches Lernen und eine gute schulische Entwicklung eines jeden Kindes. Hierzu finden regelm\u00e4\u00dfige Gespr\u00e4che zur individuellen Lernentwicklung sowie Elternabende zu verschiedenen p\u00e4dagogischen Themen statt. Neben den offiziellen Elternsprechtagen, k\u00f6nnen Sie jederzeit einen Gespr\u00e4chstermin mit den Lehrkr\u00e4ften Ihres Kindes vereinbaren. Dies geschieht entweder per Mail (siehe Kontakt) oder auch \u00fcber den Schulplaner. Da wir uns f\u00fcr Sie und Ihr Anliegen gerne Zeit nehmen wollen, sehen Sie bitte&#8230;<\/p>\n<p class=\"read-more\"><a class=\"btn btn-default\" href=\"https:\/\/wordpress.nibis.de\/gshaarentor\/eltern-2\/\">Weiterlesen<span class=\"screen-reader-text\"> Weiterlesen<\/span><\/a><\/p>\n","protected":false},"author":9192764,"featured_media":0,"parent":0,"menu_order":0,"comment_status":"closed","ping_status":"closed","template":"","meta":{"footnotes":""},"class_list":["post-187","page","type-page","status-publish","hentry"],"_links":{"self":[{"href":"https:\/\/wordpress.nibis.de\/gshaarentor\/wp-json\/wp\/v2\/pages\/187","targetHints":{"allow":["GET"]}}],"collection":[{"href":"https:\/\/wordpress.nibis.de\/gshaarentor\/wp-json\/wp\/v2\/pages"}],"about":[{"href":"https:\/\/wordpress.nibis.de\/gshaarentor\/wp-json\/wp\/v2\/types\/page"}],"author":[{"embeddable":true,"href":"https:\/\/wordpress.nibis.de\/gshaarentor\/wp-json\/wp\/v2\/users\/9192764"}],"replies":[{"embeddable":true,"href":"https:\/\/wordpress.nibis.de\/gshaarentor\/wp-json\/wp\/v2\/comments?post=187"}],"version-history":[{"count":2,"href":"https:\/\/wordpress.nibis.de\/gshaarentor\/wp-json\/wp\/v2\/pages\/187\/revisions"}],"predecessor-version":[{"id":413,"href":"https:\/\/wordpress.nibis.de\/gshaarentor\/wp-json\/wp\/v2\/pages\/187\/revisions\/413"}],"wp:attachment":[{"href":"https:\/\/wordpress.nibis.de\/gshaarentor\/wp-json\/wp\/v2\/media?parent=187"}],"curies":[{"name":"wp","href":"https:\/\/api.w.org\/{rel}","templated":true}]}}