{"id":245,"date":"2021-05-18T10:23:05","date_gmt":"2021-05-18T08:23:05","guid":{"rendered":"https:\/\/wordpress.nibis.de\/gshaarentor\/?page_id=245"},"modified":"2025-10-28T13:57:27","modified_gmt":"2025-10-28T12:57:27","slug":"kontakt","status":"publish","type":"page","link":"https:\/\/wordpress.nibis.de\/gshaarentor\/kontakt\/","title":{"rendered":"Kontakt"},"content":{"rendered":"\n<p>Im Krankheitsfall k\u00f6nnen Sie gerne eine E-Mail an das Sekretariat und an die Klassenlehrkraft schreiben oder eine Nachricht auf dem Anrufbeantworter hinterlassen.<\/p>\n<p>\u00a0<\/p>\n<p>Die Mailadressen der Lehrkr\u00e4fte der Grundschule Haarentor setzen sich wie folgt zusammen:<\/p>\n<p>&#110;&#x61;&#99;&#x68;n&#x61;m&#101;&#x40;&#103;&#x73;-&#x68;a&#97;&#x72;&#101;&#x6e;t&#x6f;r&#46;&#x65;&#117;<\/p>\n<p>\u00a0<\/p>\n<p>\u00a0<\/p>\n<p>\u00a0<\/p>\n\n\n\n<h2 class=\"wp-block-heading\"><strong>Grundschule Haarentor Oldenburg<\/strong><\/h2>\n\n\n\n<p>&#x73;e&#x6b;&#114;&#x65;&#116;a&#x72;&#105;&#x61;&#116;&#64;&#x67;&#115;&#x2d;&#104;a&#x61;r&#x65;&#110;&#x74;&#x6f;r&#x2e;&#101;&#x75;<\/p>\n\n\n\n<p>&#x73;&#x63;&#x68;&#x75;&#x6c;&#x6c;&#x65;&#x69;&#x74;&#x75;&#x6e;&#103;&#64;&#103;&#115;&#45;&#104;&#97;arento&#x72;&#x2e;&#x65;&#x75;<\/p>\n\n\n\n<p>Sch\u00fctzenweg 25, 26129 Oldenburg<br>Tel: 0441-72975<br>Fax: 0441-35082447<\/p>\n\n\n\n<h2 class=\"wp-block-heading\"><strong>Sekretariat B\u00fcrozeiten:<\/strong><\/h2>\n\n\n\n<p class=\"has-text-align-left\">Falls das B\u00fcro nicht besetzt ist, haben Sie die M\u00f6glichkeit, auf dem AB eine Nachricht zu hinterlassen!<\/p>\n\n\n\n<p>Montag : ist das B\u00fcro nicht besetzt<br>Dienstag : 07:30 Uhr &#8211; 12:30 Uhr<br>Mittwoch : 07:30 Uhr &#8211; 12:30 Uhr<br>Donnerstag : 07:30 Uhr &#8211; 12:30 Uhr<br>Freitag : ist das B\u00fcro nicht besetzt<\/p>\n\n\n\n<p><\/p>\n","protected":false},"excerpt":{"rendered":"<p>Im Krankheitsfall k\u00f6nnen Sie gerne eine E-Mail an das Sekretariat und an die Klassenlehrkraft schreiben oder eine Nachricht auf dem Anrufbeantworter hinterlassen. \u00a0 Die Mailadressen der Lehrkr\u00e4fte der Grundschule Haarentor setzen sich wie folgt zusammen: nachna&#109;&#101;&#64;&#103;&#115;&#45;&#104;&#x61;&#x61;&#x72;&#x65;&#x6e;&#x74;&#x6f;&#x72;&#x2e;&#x65;&#x75; \u00a0 \u00a0 \u00a0 Grundschule Haarentor Oldenburg &#x73;&#101;&#x6b;&#x72;&#101;&#x74;&#97;r&#x69;&#97;t&#x40;&#103;s&#x2d;&#104;a&#x61;&#114;&#x65;&#x6e;&#116;&#x6f;&#x72;&#46;&#x65;&#117; &#115;&#x63;&#104;&#x75;l&#108;&#x65;&#105;&#x74;u&#x6e;g&#64;&#x67;&#115;&#x2d;h&#x61;&#x61;&#114;&#x65;n&#x74;o&#114;&#x2e;&#101;&#x75; Sch\u00fctzenweg 25, 26129 OldenburgTel: 0441-72975Fax: 0441-35082447 Sekretariat B\u00fcrozeiten: Falls das B\u00fcro nicht besetzt ist, haben Sie die M\u00f6glichkeit, auf dem AB eine Nachricht zu hinterlassen! Montag : ist das B\u00fcro nicht besetztDienstag : 07:30 Uhr &#8211;&#8230;<\/p>\n<p class=\"read-more\"><a class=\"btn btn-default\" href=\"https:\/\/wordpress.nibis.de\/gshaarentor\/kontakt\/\">Weiterlesen<span class=\"screen-reader-text\"> Weiterlesen<\/span><\/a><\/p>\n","protected":false},"author":9192764,"featured_media":0,"parent":0,"menu_order":0,"comment_status":"closed","ping_status":"closed","template":"","meta":{"footnotes":""},"class_list":["post-245","page","type-page","status-publish","hentry"],"_links":{"self":[{"href":"https:\/\/wordpress.nibis.de\/gshaarentor\/wp-json\/wp\/v2\/pages\/245","targetHints":{"allow":["GET"]}}],"collection":[{"href":"https:\/\/wordpress.nibis.de\/gshaarentor\/wp-json\/wp\/v2\/pages"}],"about":[{"href":"https:\/\/wordpress.nibis.de\/gshaarentor\/wp-json\/wp\/v2\/types\/page"}],"author":[{"embeddable":true,"href":"https:\/\/wordpress.nibis.de\/gshaarentor\/wp-json\/wp\/v2\/users\/9192764"}],"replies":[{"embeddable":true,"href":"https:\/\/wordpress.nibis.de\/gshaarentor\/wp-json\/wp\/v2\/comments?post=245"}],"version-history":[{"count":9,"href":"https:\/\/wordpress.nibis.de\/gshaarentor\/wp-json\/wp\/v2\/pages\/245\/revisions"}],"predecessor-version":[{"id":545,"href":"https:\/\/wordpress.nibis.de\/gshaarentor\/wp-json\/wp\/v2\/pages\/245\/revisions\/545"}],"wp:attachment":[{"href":"https:\/\/wordpress.nibis.de\/gshaarentor\/wp-json\/wp\/v2\/media?parent=245"}],"curies":[{"name":"wp","href":"https:\/\/api.w.org\/{rel}","templated":true}]}}