{"id":377,"date":"2022-12-09T18:26:58","date_gmt":"2022-12-09T17:26:58","guid":{"rendered":"https:\/\/wordpress.nibis.de\/gshaarentor\/?page_id=377"},"modified":"2025-09-08T12:23:39","modified_gmt":"2025-09-08T10:23:39","slug":"kollegium","status":"publish","type":"page","link":"https:\/\/wordpress.nibis.de\/gshaarentor\/kollegium\/","title":{"rendered":"Kollegium"},"content":{"rendered":"\n<p>\u00a0 \u00a0 \u00a0 \u00a0 \u00a0 \u00a0 \u00a0 \u00a0 \u00a0 \u00a0 \u00a0 \u00a0 \u00a0 \u00a0 \u00a0 \u00a0 \u00a0 \u00a0 \u00a0 \u00a0 \u00a0 \u00a0 \u00a0 \u00a0 \u00a0 \u00a0 \u00a0 \u00a0 \u00a0 \u00a0 \u00a0 \u00a0 \u00a0 \u00a0 \u00a0 \u00a0 \u00a0 \u00a0 \u00a0 \u00a0 <img loading=\"lazy\" decoding=\"async\" class=\"alignnone size-medium wp-image-500\" src=\"https:\/\/wordpress.nibis.de\/gshaarentor\/files\/2023\/09\/IMG_0884-225x300.jpeg\" alt=\"\" width=\"225\" height=\"300\" srcset=\"https:\/\/wordpress.nibis.de\/gshaarentor\/files\/2023\/09\/IMG_0884-225x300.jpeg 225w, https:\/\/wordpress.nibis.de\/gshaarentor\/files\/2023\/09\/IMG_0884-450x600.jpeg 450w, https:\/\/wordpress.nibis.de\/gshaarentor\/files\/2023\/09\/IMG_0884-768x1024.jpeg 768w, https:\/\/wordpress.nibis.de\/gshaarentor\/files\/2023\/09\/IMG_0884-1152x1536.jpeg 1152w, https:\/\/wordpress.nibis.de\/gshaarentor\/files\/2023\/09\/IMG_0884-203x270.jpeg 203w, https:\/\/wordpress.nibis.de\/gshaarentor\/files\/2023\/09\/IMG_0884.jpeg 1536w\" sizes=\"auto, (max-width: 225px) 100vw, 225px\" \/>\u00a0<\/p>\n<p>Komm. Schulleitung: Christina Fisahn\u00a0 \u00a0 \u00a0 \u00a0 \u00a0 \u00a0 \u00a0 \u00a0 \u00a0 \u00a0 \u00a0 \u00a0 Sekretariat: Elka Nast<\/p>\n<p><img loading=\"lazy\" decoding=\"async\" class=\"alignnone size-medium wp-image-442\" src=\"https:\/\/wordpress.nibis.de\/gshaarentor\/files\/2023\/01\/IMG_1239-200x300.jpg\" alt=\"\" width=\"200\" height=\"300\" srcset=\"https:\/\/wordpress.nibis.de\/gshaarentor\/files\/2023\/01\/IMG_1239-200x300.jpg 200w, https:\/\/wordpress.nibis.de\/gshaarentor\/files\/2023\/01\/IMG_1239-400x600.jpg 400w, https:\/\/wordpress.nibis.de\/gshaarentor\/files\/2023\/01\/IMG_1239-768x1152.jpg 768w, https:\/\/wordpress.nibis.de\/gshaarentor\/files\/2023\/01\/IMG_1239-1024x1536.jpg 1024w, https:\/\/wordpress.nibis.de\/gshaarentor\/files\/2023\/01\/IMG_1239-1365x2048.jpg 1365w, https:\/\/wordpress.nibis.de\/gshaarentor\/files\/2023\/01\/IMG_1239-180x270.jpg 180w, https:\/\/wordpress.nibis.de\/gshaarentor\/files\/2023\/01\/IMG_1239-scaled.jpg 1707w\" sizes=\"auto, (max-width: 200px) 100vw, 200px\" \/>\u00a0 \u00a0 \u00a0 \u00a0 \u00a0 \u00a0 \u00a0 \u00a0 \u00a0 \u00a0 \u00a0 \u00a0 \u00a0 \u00a0 \u00a0 \u00a0 \u00a0 \u00a0 \u00a0<\/p>\n<p>Klassenleitung 1a: Ina Silies\u00a0 \u00a0 \u00a0 \u00a0 \u00a0 \u00a0 \u00a0 \u00a0 \u00a0 \u00a0 \u00a0 Klassenleitung 1b: Alva Dabisch-Zimmermann<\/p>\n<p><img loading=\"lazy\" decoding=\"async\" class=\"alignnone size-medium wp-image-447\" src=\"https:\/\/wordpress.nibis.de\/gshaarentor\/files\/2023\/01\/IMG_1803-232x300.jpeg\" alt=\"\" width=\"232\" height=\"300\" srcset=\"https:\/\/wordpress.nibis.de\/gshaarentor\/files\/2023\/01\/IMG_1803-232x300.jpeg 232w, https:\/\/wordpress.nibis.de\/gshaarentor\/files\/2023\/01\/IMG_1803-464x600.jpeg 464w, https:\/\/wordpress.nibis.de\/gshaarentor\/files\/2023\/01\/IMG_1803-768x993.jpeg 768w, https:\/\/wordpress.nibis.de\/gshaarentor\/files\/2023\/01\/IMG_1803-1188x1536.jpeg 1188w, https:\/\/wordpress.nibis.de\/gshaarentor\/files\/2023\/01\/IMG_1803-1583x2048.jpeg 1583w, https:\/\/wordpress.nibis.de\/gshaarentor\/files\/2023\/01\/IMG_1803-209x270.jpeg 209w, https:\/\/wordpress.nibis.de\/gshaarentor\/files\/2023\/01\/IMG_1803-scaled.jpeg 1979w\" sizes=\"auto, (max-width: 232px) 100vw, 232px\" \/>\u00a0 \u00a0 \u00a0 \u00a0 \u00a0 \u00a0 \u00a0 \u00a0 \u00a0 \u00a0 \u00a0 \u00a0 \u00a0 \u00a0 \u00a0 \u00a0\u00a0<img loading=\"lazy\" decoding=\"async\" class=\"alignnone size-medium wp-image-439\" src=\"https:\/\/wordpress.nibis.de\/gshaarentor\/files\/2023\/01\/IMG_12341-200x300.jpg\" alt=\"\" width=\"200\" height=\"300\" srcset=\"https:\/\/wordpress.nibis.de\/gshaarentor\/files\/2023\/01\/IMG_12341-200x300.jpg 200w, https:\/\/wordpress.nibis.de\/gshaarentor\/files\/2023\/01\/IMG_12341-400x600.jpg 400w, https:\/\/wordpress.nibis.de\/gshaarentor\/files\/2023\/01\/IMG_12341-768x1152.jpg 768w, https:\/\/wordpress.nibis.de\/gshaarentor\/files\/2023\/01\/IMG_12341-1024x1536.jpg 1024w, https:\/\/wordpress.nibis.de\/gshaarentor\/files\/2023\/01\/IMG_12341-1365x2048.jpg 1365w, https:\/\/wordpress.nibis.de\/gshaarentor\/files\/2023\/01\/IMG_12341-180x270.jpg 180w, https:\/\/wordpress.nibis.de\/gshaarentor\/files\/2023\/01\/IMG_12341-scaled.jpg 1707w\" sizes=\"auto, (max-width: 200px) 100vw, 200px\" \/><\/p>\n<p>Klassenleitung 2a: Christina Arzberger\u00a0 \u00a0 \u00a0 \u00a0 \u00a0 \u00a0 \u00a0 Klassenleitung 2b: Anja Kloss<\/p>\n<p><img loading=\"lazy\" decoding=\"async\" class=\"alignnone  wp-image-450\" src=\"https:\/\/wordpress.nibis.de\/gshaarentor\/files\/2023\/01\/IMG_1894-200x300.jpg\" alt=\"\" width=\"201\" height=\"301\" srcset=\"https:\/\/wordpress.nibis.de\/gshaarentor\/files\/2023\/01\/IMG_1894-200x300.jpg 200w, https:\/\/wordpress.nibis.de\/gshaarentor\/files\/2023\/01\/IMG_1894-400x600.jpg 400w, https:\/\/wordpress.nibis.de\/gshaarentor\/files\/2023\/01\/IMG_1894-768x1152.jpg 768w, https:\/\/wordpress.nibis.de\/gshaarentor\/files\/2023\/01\/IMG_1894-1024x1536.jpg 1024w, https:\/\/wordpress.nibis.de\/gshaarentor\/files\/2023\/01\/IMG_1894-1365x2048.jpg 1365w, https:\/\/wordpress.nibis.de\/gshaarentor\/files\/2023\/01\/IMG_1894-180x270.jpg 180w, https:\/\/wordpress.nibis.de\/gshaarentor\/files\/2023\/01\/IMG_1894-scaled.jpg 1707w\" sizes=\"auto, (max-width: 201px) 100vw, 201px\" \/>\u00a0 \u00a0 \u00a0 \u00a0 \u00a0 \u00a0 \u00a0 \u00a0 \u00a0 \u00a0 \u00a0 \u00a0 \u00a0 \u00a0 \u00a0 \u00a0 \u00a0 \u00a0 \u00a0 <img loading=\"lazy\" decoding=\"async\" class=\"alignnone size-medium wp-image-449\" src=\"https:\/\/wordpress.nibis.de\/gshaarentor\/files\/2023\/01\/IMG_1885-200x300.jpg\" alt=\"\" width=\"200\" height=\"300\" srcset=\"https:\/\/wordpress.nibis.de\/gshaarentor\/files\/2023\/01\/IMG_1885-200x300.jpg 200w, https:\/\/wordpress.nibis.de\/gshaarentor\/files\/2023\/01\/IMG_1885-400x600.jpg 400w, https:\/\/wordpress.nibis.de\/gshaarentor\/files\/2023\/01\/IMG_1885-768x1152.jpg 768w, https:\/\/wordpress.nibis.de\/gshaarentor\/files\/2023\/01\/IMG_1885-1024x1536.jpg 1024w, https:\/\/wordpress.nibis.de\/gshaarentor\/files\/2023\/01\/IMG_1885-1365x2048.jpg 1365w, https:\/\/wordpress.nibis.de\/gshaarentor\/files\/2023\/01\/IMG_1885-180x270.jpg 180w, https:\/\/wordpress.nibis.de\/gshaarentor\/files\/2023\/01\/IMG_1885-scaled.jpg 1707w\" sizes=\"auto, (max-width: 200px) 100vw, 200px\" \/><\/p>\n<p>Klassenleitung 3a: Nina Behrens\u00a0 \u00a0 \u00a0 \u00a0 \u00a0 \u00a0 \u00a0 \u00a0 \u00a0 \u00a0 \u00a0 \u00a0 Klassenleitung 3b: Ilka Dietz\u00a0 \u00a0 \u00a0 \u00a0 \u00a0 \u00a0 \u00a0 \u00a0<\/p>\n<p>\u00a0\u00a0<img loading=\"lazy\" decoding=\"async\" class=\"alignnone  wp-image-460\" src=\"https:\/\/wordpress.nibis.de\/gshaarentor\/files\/2023\/01\/IMG_5780-225x300.jpeg\" alt=\"\" width=\"225\" height=\"300\" srcset=\"https:\/\/wordpress.nibis.de\/gshaarentor\/files\/2023\/01\/IMG_5780-225x300.jpeg 225w, https:\/\/wordpress.nibis.de\/gshaarentor\/files\/2023\/01\/IMG_5780-450x600.jpeg 450w, https:\/\/wordpress.nibis.de\/gshaarentor\/files\/2023\/01\/IMG_5780-768x1024.jpeg 768w, https:\/\/wordpress.nibis.de\/gshaarentor\/files\/2023\/01\/IMG_5780-1152x1536.jpeg 1152w, https:\/\/wordpress.nibis.de\/gshaarentor\/files\/2023\/01\/IMG_5780-203x270.jpeg 203w, https:\/\/wordpress.nibis.de\/gshaarentor\/files\/2023\/01\/IMG_5780.jpeg 1536w\" sizes=\"auto, (max-width: 225px) 100vw, 225px\" \/>\u00a0 \u00a0 \u00a0 \u00a0 \u00a0 \u00a0 \u00a0 \u00a0 \u00a0 \u00a0 \u00a0 \u00a0 \u00a0 \u00a0 \u00a0 \u00a0<img loading=\"lazy\" decoding=\"async\" class=\"alignnone  wp-image-443\" src=\"https:\/\/wordpress.nibis.de\/gshaarentor\/files\/2023\/01\/IMG_1246-200x300.jpg\" alt=\"\" width=\"200\" height=\"300\" srcset=\"https:\/\/wordpress.nibis.de\/gshaarentor\/files\/2023\/01\/IMG_1246-200x300.jpg 200w, https:\/\/wordpress.nibis.de\/gshaarentor\/files\/2023\/01\/IMG_1246-400x600.jpg 400w, https:\/\/wordpress.nibis.de\/gshaarentor\/files\/2023\/01\/IMG_1246-768x1152.jpg 768w, https:\/\/wordpress.nibis.de\/gshaarentor\/files\/2023\/01\/IMG_1246-1024x1536.jpg 1024w, https:\/\/wordpress.nibis.de\/gshaarentor\/files\/2023\/01\/IMG_1246-1365x2048.jpg 1365w, https:\/\/wordpress.nibis.de\/gshaarentor\/files\/2023\/01\/IMG_1246-180x270.jpg 180w, https:\/\/wordpress.nibis.de\/gshaarentor\/files\/2023\/01\/IMG_1246-scaled.jpg 1707w\" sizes=\"auto, (max-width: 200px) 100vw, 200px\" \/><\/p>\n<p>Klassenleitung 4a: Swantje Oppermann\u00a0 \u00a0 \u00a0 \u00a0 \u00a0 \u00a0 Klassenleitung 4b: Marina Schipper<\/p>\n<p><img loading=\"lazy\" decoding=\"async\" class=\"alignnone  wp-image-452\" src=\"https:\/\/wordpress.nibis.de\/gshaarentor\/files\/2023\/01\/IMG_1899-200x300.jpg\" alt=\"\" width=\"174\" height=\"261\" srcset=\"https:\/\/wordpress.nibis.de\/gshaarentor\/files\/2023\/01\/IMG_1899-200x300.jpg 200w, https:\/\/wordpress.nibis.de\/gshaarentor\/files\/2023\/01\/IMG_1899-400x600.jpg 400w, https:\/\/wordpress.nibis.de\/gshaarentor\/files\/2023\/01\/IMG_1899-768x1152.jpg 768w, https:\/\/wordpress.nibis.de\/gshaarentor\/files\/2023\/01\/IMG_1899-1024x1536.jpg 1024w, https:\/\/wordpress.nibis.de\/gshaarentor\/files\/2023\/01\/IMG_1899-1365x2048.jpg 1365w, https:\/\/wordpress.nibis.de\/gshaarentor\/files\/2023\/01\/IMG_1899-180x270.jpg 180w, https:\/\/wordpress.nibis.de\/gshaarentor\/files\/2023\/01\/IMG_1899-scaled.jpg 1707w\" sizes=\"auto, (max-width: 174px) 100vw, 174px\" \/><\/p>\n<p>Fachlehrkr\u00e4fte: Nina Eisenhauer, Inka Jungbluth, Anke Groen\u00a0 \u00a0 \u00a0 \u00a0 \u00a0 \u00a0 \u00a0 \u00a0 \u00a0 \u00a0<\/p>\n<p>F\u00f6rderschullehrkr\u00e4fte: Nina Bussmann, Charlotte B\u00fcnte<\/p>\n<p>\u00a0<\/p>\n<p>Dar\u00fcber hinaus bereichern unsere p\u00e4dagogischen MitarbeiterInnen Kim-Ayleen Stams, Klaudia Radke-Grotke, Karim Itani, Renke Boersma und Steffen M\u00fcnsterteicher unser Team.<\/p>\n<p><img loading=\"lazy\" decoding=\"async\" class=\"alignnone  wp-image-456\" src=\"https:\/\/wordpress.nibis.de\/gshaarentor\/files\/2023\/01\/IMG_2567-225x300.jpg\" alt=\"\" width=\"150\" height=\"200\" srcset=\"https:\/\/wordpress.nibis.de\/gshaarentor\/files\/2023\/01\/IMG_2567-225x300.jpg 225w, https:\/\/wordpress.nibis.de\/gshaarentor\/files\/2023\/01\/IMG_2567-450x600.jpg 450w, https:\/\/wordpress.nibis.de\/gshaarentor\/files\/2023\/01\/IMG_2567-768x1024.jpg 768w, https:\/\/wordpress.nibis.de\/gshaarentor\/files\/2023\/01\/IMG_2567-1152x1536.jpg 1152w, https:\/\/wordpress.nibis.de\/gshaarentor\/files\/2023\/01\/IMG_2567-1536x2048.jpg 1536w, https:\/\/wordpress.nibis.de\/gshaarentor\/files\/2023\/01\/IMG_2567-203x270.jpg 203w, https:\/\/wordpress.nibis.de\/gshaarentor\/files\/2023\/01\/IMG_2567-scaled.jpg 1920w\" sizes=\"auto, (max-width: 150px) 100vw, 150px\" \/>\u00a0\u00a0<img loading=\"lazy\" decoding=\"async\" class=\"alignnone  wp-image-457\" src=\"https:\/\/wordpress.nibis.de\/gshaarentor\/files\/2023\/01\/IMG_2586-225x300.jpg\" alt=\"\" width=\"149\" height=\"199\" srcset=\"https:\/\/wordpress.nibis.de\/gshaarentor\/files\/2023\/01\/IMG_2586-225x300.jpg 225w, https:\/\/wordpress.nibis.de\/gshaarentor\/files\/2023\/01\/IMG_2586-450x600.jpg 450w, https:\/\/wordpress.nibis.de\/gshaarentor\/files\/2023\/01\/IMG_2586-768x1024.jpg 768w, https:\/\/wordpress.nibis.de\/gshaarentor\/files\/2023\/01\/IMG_2586-1152x1536.jpg 1152w, https:\/\/wordpress.nibis.de\/gshaarentor\/files\/2023\/01\/IMG_2586-1536x2048.jpg 1536w, https:\/\/wordpress.nibis.de\/gshaarentor\/files\/2023\/01\/IMG_2586-203x270.jpg 203w, https:\/\/wordpress.nibis.de\/gshaarentor\/files\/2023\/01\/IMG_2586-scaled.jpg 1920w\" sizes=\"auto, (max-width: 149px) 100vw, 149px\" \/>\u00a0<img loading=\"lazy\" decoding=\"async\" class=\"alignnone  wp-image-488\" src=\"https:\/\/wordpress.nibis.de\/gshaarentor\/files\/2023\/07\/IMG_5C84191AF256-1-225x300.jpeg\" alt=\"\" width=\"149\" height=\"199\" srcset=\"https:\/\/wordpress.nibis.de\/gshaarentor\/files\/2023\/07\/IMG_5C84191AF256-1-225x300.jpeg 225w, https:\/\/wordpress.nibis.de\/gshaarentor\/files\/2023\/07\/IMG_5C84191AF256-1-450x600.jpeg 450w, https:\/\/wordpress.nibis.de\/gshaarentor\/files\/2023\/07\/IMG_5C84191AF256-1-768x1024.jpeg 768w, https:\/\/wordpress.nibis.de\/gshaarentor\/files\/2023\/07\/IMG_5C84191AF256-1-1152x1536.jpeg 1152w, https:\/\/wordpress.nibis.de\/gshaarentor\/files\/2023\/07\/IMG_5C84191AF256-1-203x270.jpeg 203w, https:\/\/wordpress.nibis.de\/gshaarentor\/files\/2023\/07\/IMG_5C84191AF256-1.jpeg 1200w\" sizes=\"auto, (max-width: 149px) 100vw, 149px\" \/>\u00a0<\/p>\n<p>T\u00e4glich unterst\u00fctzt werden wir zudem durch unsere Schulbegleiterinnen Nicole Beenders, Meike Schulz, Anja Zalfen, Beate Kroog und Kerstin Wolf.<\/p>\n<p>\u00a0<img loading=\"lazy\" decoding=\"async\" class=\"alignnone  wp-image-463\" src=\"https:\/\/wordpress.nibis.de\/gshaarentor\/files\/2023\/01\/IMG_5871-225x300.jpeg\" alt=\"\" width=\"150\" height=\"200\" srcset=\"https:\/\/wordpress.nibis.de\/gshaarentor\/files\/2023\/01\/IMG_5871-225x300.jpeg 225w, https:\/\/wordpress.nibis.de\/gshaarentor\/files\/2023\/01\/IMG_5871-450x600.jpeg 450w, https:\/\/wordpress.nibis.de\/gshaarentor\/files\/2023\/01\/IMG_5871-768x1024.jpeg 768w, https:\/\/wordpress.nibis.de\/gshaarentor\/files\/2023\/01\/IMG_5871-1152x1536.jpeg 1152w, https:\/\/wordpress.nibis.de\/gshaarentor\/files\/2023\/01\/IMG_5871-203x270.jpeg 203w, https:\/\/wordpress.nibis.de\/gshaarentor\/files\/2023\/01\/IMG_5871.jpeg 1536w\" sizes=\"auto, (max-width: 150px) 100vw, 150px\" \/> <img loading=\"lazy\" decoding=\"async\" class=\"alignnone  wp-image-464\" src=\"https:\/\/wordpress.nibis.de\/gshaarentor\/files\/2023\/01\/IMG_7634-225x300.jpg\" alt=\"\" width=\"150\" height=\"200\" srcset=\"https:\/\/wordpress.nibis.de\/gshaarentor\/files\/2023\/01\/IMG_7634-225x300.jpg 225w, https:\/\/wordpress.nibis.de\/gshaarentor\/files\/2023\/01\/IMG_7634-450x600.jpg 450w, https:\/\/wordpress.nibis.de\/gshaarentor\/files\/2023\/01\/IMG_7634-768x1024.jpg 768w, https:\/\/wordpress.nibis.de\/gshaarentor\/files\/2023\/01\/IMG_7634-1152x1536.jpg 1152w, https:\/\/wordpress.nibis.de\/gshaarentor\/files\/2023\/01\/IMG_7634-1536x2048.jpg 1536w, https:\/\/wordpress.nibis.de\/gshaarentor\/files\/2023\/01\/IMG_7634-203x270.jpg 203w, https:\/\/wordpress.nibis.de\/gshaarentor\/files\/2023\/01\/IMG_7634-scaled.jpg 1920w\" sizes=\"auto, (max-width: 150px) 100vw, 150px\" \/><\/p>\n<p>\u00a0<\/p>\n<p><img loading=\"lazy\" decoding=\"async\" class=\"alignnone size-medium wp-image-501\" src=\"https:\/\/wordpress.nibis.de\/gshaarentor\/files\/2023\/09\/IMG_0890-225x300.jpeg\" alt=\"\" width=\"225\" height=\"300\" srcset=\"https:\/\/wordpress.nibis.de\/gshaarentor\/files\/2023\/09\/IMG_0890-225x300.jpeg 225w, https:\/\/wordpress.nibis.de\/gshaarentor\/files\/2023\/09\/IMG_0890-450x600.jpeg 450w, https:\/\/wordpress.nibis.de\/gshaarentor\/files\/2023\/09\/IMG_0890-768x1024.jpeg 768w, https:\/\/wordpress.nibis.de\/gshaarentor\/files\/2023\/09\/IMG_0890-1152x1536.jpeg 1152w, https:\/\/wordpress.nibis.de\/gshaarentor\/files\/2023\/09\/IMG_0890-203x270.jpeg 203w, https:\/\/wordpress.nibis.de\/gshaarentor\/files\/2023\/09\/IMG_0890.jpeg 1536w\" sizes=\"auto, (max-width: 225px) 100vw, 225px\" \/><\/p>\n<p>Hausmeister: Michael Herrmann<\/p>\n","protected":false},"excerpt":{"rendered":"<p>\u00a0 \u00a0 \u00a0 \u00a0 \u00a0 \u00a0 \u00a0 \u00a0 \u00a0 \u00a0 \u00a0 \u00a0 \u00a0 \u00a0 \u00a0 \u00a0 \u00a0 \u00a0 \u00a0 \u00a0 \u00a0 \u00a0 \u00a0 \u00a0 \u00a0 \u00a0 \u00a0 \u00a0 \u00a0 \u00a0 \u00a0 \u00a0 \u00a0 \u00a0 \u00a0 \u00a0 \u00a0 \u00a0 \u00a0 \u00a0 \u00a0 Komm. Schulleitung: Christina Fisahn\u00a0 \u00a0 \u00a0 \u00a0 \u00a0 \u00a0 \u00a0 \u00a0 \u00a0 \u00a0 \u00a0 \u00a0 Sekretariat: Elka Nast \u00a0 \u00a0 \u00a0 \u00a0 \u00a0 \u00a0 \u00a0 \u00a0 \u00a0 \u00a0 \u00a0 \u00a0 \u00a0 \u00a0 \u00a0 \u00a0 \u00a0 \u00a0 \u00a0 Klassenleitung 1a:&#8230;<\/p>\n<p class=\"read-more\"><a class=\"btn btn-default\" href=\"https:\/\/wordpress.nibis.de\/gshaarentor\/kollegium\/\">Weiterlesen<span class=\"screen-reader-text\"> Weiterlesen<\/span><\/a><\/p>\n","protected":false},"author":9192764,"featured_media":0,"parent":0,"menu_order":0,"comment_status":"closed","ping_status":"closed","template":"","meta":{"footnotes":""},"class_list":["post-377","page","type-page","status-publish","hentry"],"_links":{"self":[{"href":"https:\/\/wordpress.nibis.de\/gshaarentor\/wp-json\/wp\/v2\/pages\/377","targetHints":{"allow":["GET"]}}],"collection":[{"href":"https:\/\/wordpress.nibis.de\/gshaarentor\/wp-json\/wp\/v2\/pages"}],"about":[{"href":"https:\/\/wordpress.nibis.de\/gshaarentor\/wp-json\/wp\/v2\/types\/page"}],"author":[{"embeddable":true,"href":"https:\/\/wordpress.nibis.de\/gshaarentor\/wp-json\/wp\/v2\/users\/9192764"}],"replies":[{"embeddable":true,"href":"https:\/\/wordpress.nibis.de\/gshaarentor\/wp-json\/wp\/v2\/comments?post=377"}],"version-history":[{"count":28,"href":"https:\/\/wordpress.nibis.de\/gshaarentor\/wp-json\/wp\/v2\/pages\/377\/revisions"}],"predecessor-version":[{"id":541,"href":"https:\/\/wordpress.nibis.de\/gshaarentor\/wp-json\/wp\/v2\/pages\/377\/revisions\/541"}],"wp:attachment":[{"href":"https:\/\/wordpress.nibis.de\/gshaarentor\/wp-json\/wp\/v2\/media?parent=377"}],"curies":[{"name":"wp","href":"https:\/\/api.w.org\/{rel}","templated":true}]}}