{"id":495,"date":"2023-07-13T16:45:51","date_gmt":"2023-07-13T14:45:51","guid":{"rendered":"https:\/\/wordpress.nibis.de\/gshaarentor\/?page_id=495"},"modified":"2023-07-13T16:48:55","modified_gmt":"2023-07-13T14:48:55","slug":"foerderverein-der-grundschule-haarentor-e-v","status":"publish","type":"page","link":"https:\/\/wordpress.nibis.de\/gshaarentor\/foerderverein-der-grundschule-haarentor-e-v\/","title":{"rendered":"F\u00f6rderverein der Grundschule Haarentor e.V."},"content":{"rendered":"\n<p>Der F\u00f6rderverein der Grundschule Haarentor e.V. leitet mit seinem Engagement einen Beitrag zur F\u00f6rderung der Schulqualit\u00e4t leisten, damit alle Kinder mit Spa\u00df und Erfolg eine zeitgem\u00e4\u00dfe Ausbildung erhalten.\u00a0<\/p>\n<p>Durch Mitgliedsbeitr\u00e4ge, Spenden und Erl\u00f6se aus verschiedenen Veranstaltungen kann der F\u00f6rderverein \u00a0 wir Ma\u00dfnahmen zur Verbesserung der Ausstattung und des gesamten Lebensraums Schule unterst\u00fctzen. Dies zeigt sich einerseits durch viele Projekte die (mit)finanziert werden oder auch Sachspenden, die allen Kindern der Grundschule Haarentor zugute kommen.<\/p>\n<p>Kontinuierlich wird das\u00a0<strong>MFM-Projekt <\/strong>unterst\u00fctzt, das seit einigen Jahren fester Bestandteil des Unterrichts ist. Zum Schuljahresbeginn erhalten alle neuen Sch\u00fclerinnen und Sch\u00fcler zudem neue <strong>Schul-Shirts<\/strong>. Bereits seit 2018 sorgt der Verein damit f\u00fcr Freude bei den Erstkl\u00e4sslerinnen und Erstkl\u00e4sslern. Dar\u00fcber hinaus bezuschusst der F\u00f6rderverein die einzelnen Klassen damit Spiele, Materialien oder andere notwendige Einrichtung angeschafft werden k\u00f6nnen. Auch das <strong>Pausenspielzeug<\/strong> der Ausleihe wurde vom F\u00f6rderverein angeschafft und zuletzt unser beliebtes <strong>Zirkusprojekt<\/strong> finanziert. Nicht zu vergessen ist auch der j\u00e4hrliche <strong>Schulplaner<\/strong> den jedes Kind erh\u00e4lt.<\/p>\n<p>Ohne den F\u00f6rderverein w\u00e4ren viele Projekte so nicht umsetzbar. Daher ist es wichtig, dass sich weiterhin Eltern und Erziehungsberechtigte finden, die durch einen j\u00e4hrlichen Mitgliedsbeitrag den F\u00f6rderverein unterst\u00fctzen oder sich sogar aktiv ehrenamtlich im Verein engagieren m\u00f6chten. Der Aufwand ist sehr \u00fcberschaubar, der Nutzen f\u00fcr die Schule gro\u00df.<\/p>\n<p>\u00a0<\/p>\n","protected":false},"excerpt":{"rendered":"<p>Der F\u00f6rderverein der Grundschule Haarentor e.V. leitet mit seinem Engagement einen Beitrag zur F\u00f6rderung der Schulqualit\u00e4t leisten, damit alle Kinder mit Spa\u00df und Erfolg eine zeitgem\u00e4\u00dfe Ausbildung erhalten.\u00a0 Durch Mitgliedsbeitr\u00e4ge, Spenden und Erl\u00f6se aus verschiedenen Veranstaltungen kann der F\u00f6rderverein \u00a0 wir Ma\u00dfnahmen zur Verbesserung der Ausstattung und des gesamten Lebensraums Schule unterst\u00fctzen. Dies zeigt sich einerseits durch viele Projekte die (mit)finanziert werden oder auch Sachspenden, die allen Kindern der Grundschule Haarentor zugute kommen. Kontinuierlich wird das\u00a0MFM-Projekt unterst\u00fctzt, das seit einigen&#8230;<\/p>\n<p class=\"read-more\"><a class=\"btn btn-default\" href=\"https:\/\/wordpress.nibis.de\/gshaarentor\/foerderverein-der-grundschule-haarentor-e-v\/\">Weiterlesen<span class=\"screen-reader-text\"> Weiterlesen<\/span><\/a><\/p>\n","protected":false},"author":9192764,"featured_media":0,"parent":0,"menu_order":0,"comment_status":"closed","ping_status":"closed","template":"","meta":{"footnotes":""},"class_list":["post-495","page","type-page","status-publish","hentry"],"_links":{"self":[{"href":"https:\/\/wordpress.nibis.de\/gshaarentor\/wp-json\/wp\/v2\/pages\/495","targetHints":{"allow":["GET"]}}],"collection":[{"href":"https:\/\/wordpress.nibis.de\/gshaarentor\/wp-json\/wp\/v2\/pages"}],"about":[{"href":"https:\/\/wordpress.nibis.de\/gshaarentor\/wp-json\/wp\/v2\/types\/page"}],"author":[{"embeddable":true,"href":"https:\/\/wordpress.nibis.de\/gshaarentor\/wp-json\/wp\/v2\/users\/9192764"}],"replies":[{"embeddable":true,"href":"https:\/\/wordpress.nibis.de\/gshaarentor\/wp-json\/wp\/v2\/comments?post=495"}],"version-history":[{"count":2,"href":"https:\/\/wordpress.nibis.de\/gshaarentor\/wp-json\/wp\/v2\/pages\/495\/revisions"}],"predecessor-version":[{"id":497,"href":"https:\/\/wordpress.nibis.de\/gshaarentor\/wp-json\/wp\/v2\/pages\/495\/revisions\/497"}],"wp:attachment":[{"href":"https:\/\/wordpress.nibis.de\/gshaarentor\/wp-json\/wp\/v2\/media?parent=495"}],"curies":[{"name":"wp","href":"https:\/\/api.w.org\/{rel}","templated":true}]}}