{"id":12,"date":"2017-04-20T00:04:17","date_gmt":"2017-04-19T22:04:17","guid":{"rendered":"http:\/\/wordpress.nibis.de\/gshammah\/?page_id=12"},"modified":"2023-12-12T14:11:32","modified_gmt":"2023-12-12T13:11:32","slug":"impressum","status":"publish","type":"page","link":"https:\/\/wordpress.nibis.de\/gshammah\/impressum\/","title":{"rendered":"Impressum"},"content":{"rendered":"<p>Land Niedersachsen (Diensteanbieter im Sinne des Telemediengesetzes)<\/p>\n<p>Das Land Niedersachsen ist eine juristische Person des \u00f6ffentlichen Rechts\u00a0vertreten durch<\/p>\n<p>Schulleitung:<br \/>\nSabine Dede, Rektorin<\/p>\n<p>Grundschule\u00a0Hammah<br \/>\nAm Sportplatz 10<br \/>\n21714\u00a0Hammah<br \/>\nTel.: 04144 1670<br \/>\nFax: 04144 235954<br \/>\nE-Mail:\u00a0<a href=\"&#109;&#x61;i&#x6c;&#x74;&#111;&#x3a;s&#x65;&#x6b;&#114;&#x65;t&#x61;&#x72;&#105;&#x61;t&#x40;&#x67;&#115;&#x2d;h&#x61;&#x6d;&#109;&#x61;h&#x2e;&#x64;&#101;\"><span style=\"color: #0a5794\">&#x73;&#101;k&#x72;&#x65;&#116;a&#x72;&#x69;&#97;t&#x40;&#103;s&#x2d;&#x68;&#97;m&#x6d;&#x61;&#104;&#46;&#x64;&#101;<\/span><\/a><\/p>\n<p>Schulische Datenschutzbeauftragte: <a href=\"m&#97;&#105;&#x6c;&#x74;&#x6f;&#x3a;s&#101;&#107;&#114;&#x65;&#x74;&#x61;ri&#97;&#116;&#x40;&#x67;&#x73;-h&#97;&#109;&#x6d;&#x61;&#x68;&#46;d&#101;\"><span style=\"color: #0a5794\">&#x73;&#x65;&#x6b;&#x72;&#x65;&#x74;&#x61;&#x72;&#x69;&#x61;&#x74;&#64;&#103;&#115;&#45;&#104;&#97;&#109;mah&#46;de<\/span><\/a><\/p>\n<p>Verantwortlicher f\u00fcr redaktionell-journalistische Angebote i. S. d. \u00a7 55 Abs. 2 Rundfunkstaatsvertrag:<\/p>\n<p>Sabine Dede<br \/>\nGrundschule\u00a0Hammah<br \/>\nAm Sportplatz 10<br \/>\n21714\u00a0Hammah<br \/>\nTel.: 04144 1670<\/p>\n<p>Disclaimer<\/p>\n<p>Diese Webseite beinhaltet externe Links. Deren Inhalte entziehen sich unserer Einflussnahme, sodass eine Gew\u00e4hr f\u00fcr solche Inhalte von uns nicht \u00fcbernommen werden kann.<\/p>\n<p>Die Verantwortung liegt stets beim jeweiligen Betreiber der externen Seiten. Zum Zeitpunkt der Verkn\u00fcpfung der externen Links waren keine Rechtsverst\u00f6\u00dfe ersichtlich. Die permanente \u00dcberwachung fremder Inhalte auf Rechtsverst\u00f6\u00dfe ohne konkrete Hinweise ist uns nicht zumutbar.<\/p>\n<p>Sollten wir Kenntnis von Rechtsverletzungen erlangen, werden wir die entsprechenden externen Links unverz\u00fcglich entfernen.<\/p>\n","protected":false},"excerpt":{"rendered":"<p>Land Niedersachsen (Diensteanbieter im Sinne des Telemediengesetzes) Das Land Niedersachsen ist eine juristische Person des \u00f6ffentlichen Rechts\u00a0vertreten durch Schulleitung: Sabine Dede, Rektorin Grundschule\u00a0Hammah Am Sportplatz 10 21714\u00a0Hammah Tel.: 04144 1670 Fax: 04144 235954 E-Mail:\u00a0&#x73;e&#x6b;&#114;e&#x74;&#97;&#x72;&#105;a&#x74;&#64;&#x67;&#115;-&#x68;&#97;&#x6d;&#x6d;a&#x68;&#46;d&#x65; Schulische Datenschutzbeauftragte: &#x73;&#x65;&#x6b;&#x72;&#101;&#116;ari&#x61;&#x74;&#x40;&#x67;&#115;&#45;ham&#x6d;&#x61;&#x68;&#x2e;&#100;&#101; Verantwortlicher f\u00fcr redaktionell-journalistische Angebote i. S. d. \u00a7 55 Abs. 2 Rundfunkstaatsvertrag: Sabine Dede Grundschule\u00a0Hammah Am Sportplatz 10 [&hellip;]<\/p>\n","protected":false},"author":1418,"featured_media":0,"parent":0,"menu_order":100,"comment_status":"closed","ping_status":"closed","template":"","meta":{"footnotes":""},"class_list":["post-12","page","type-page","status-publish","hentry"],"_links":{"self":[{"href":"https:\/\/wordpress.nibis.de\/gshammah\/wp-json\/wp\/v2\/pages\/12","targetHints":{"allow":["GET"]}}],"collection":[{"href":"https:\/\/wordpress.nibis.de\/gshammah\/wp-json\/wp\/v2\/pages"}],"about":[{"href":"https:\/\/wordpress.nibis.de\/gshammah\/wp-json\/wp\/v2\/types\/page"}],"author":[{"embeddable":true,"href":"https:\/\/wordpress.nibis.de\/gshammah\/wp-json\/wp\/v2\/users\/1418"}],"replies":[{"embeddable":true,"href":"https:\/\/wordpress.nibis.de\/gshammah\/wp-json\/wp\/v2\/comments?post=12"}],"version-history":[{"count":10,"href":"https:\/\/wordpress.nibis.de\/gshammah\/wp-json\/wp\/v2\/pages\/12\/revisions"}],"predecessor-version":[{"id":1848,"href":"https:\/\/wordpress.nibis.de\/gshammah\/wp-json\/wp\/v2\/pages\/12\/revisions\/1848"}],"wp:attachment":[{"href":"https:\/\/wordpress.nibis.de\/gshammah\/wp-json\/wp\/v2\/media?parent=12"}],"curies":[{"name":"wp","href":"https:\/\/api.w.org\/{rel}","templated":true}]}}