{"id":241,"date":"2018-09-30T11:52:03","date_gmt":"2018-09-30T09:52:03","guid":{"rendered":"http:\/\/wordpress.nibis.de\/gshammah\/?page_id=241"},"modified":"2018-09-30T11:52:03","modified_gmt":"2018-09-30T09:52:03","slug":"schulordnung","status":"publish","type":"page","link":"https:\/\/wordpress.nibis.de\/gshammah\/unsere-schule\/schulordnung\/","title":{"rendered":"Schulordnung"},"content":{"rendered":"<p><strong>Schulmotto: Gemeinsam in Bewegung\u00a0 &#8211; Leben, Lernen, Lachen<\/strong><\/p>\n<p>Weil alle Sch\u00fcler, Lehrer und p\u00e4d. Mitarbeiter ein Recht auf Unterrichthaben, m\u00fcssen folgende Punkte eingehalten werden:<\/p>\n<ol>\n<li>Ich gehe freundlich und respektvoll mit allen Personen in dieser Schule um.<\/li>\n<li>Ich verzichte auf Gewalt, weil ich niemandem wehtun m\u00f6chte.<\/li>\n<li>Ich bin hilfsbereit und unterst\u00fctze andere.<\/li>\n<li>Ich gehe sorgf\u00e4ltig mit den Sachen meiner Mitsch\u00fcler und dem Eigentum der Schule um.<\/li>\n<li>Ich bin mit verantwortlich f\u00fcr die Sauberkeit in der Schule.<\/li>\n<li>Zum Schulbeginn und nach der Pause erscheine ich p\u00fcnktlich zum Unterricht.<\/li>\n<li>Ich renne, tobe und schreie nur drau\u00dfen.<\/li>\n<li>Ich halte mich an die Regeln der \u201eBusschule\u201c.<\/li>\n<li>Ich befolge die Anweisungen aller Lehrerinnen und Mitarbeiter.<\/li>\n<li>Bei STOPP ist Schluss!<\/li>\n<\/ol>\n<p><strong>Ich verpflichte mich, diese Schulordnung einzuhalten.<\/strong><\/p>\n","protected":false},"excerpt":{"rendered":"<p>Schulmotto: Gemeinsam in Bewegung\u00a0 &#8211; Leben, Lernen, Lachen Weil alle Sch\u00fcler, Lehrer und p\u00e4d. Mitarbeiter ein Recht auf Unterrichthaben, m\u00fcssen folgende Punkte eingehalten werden: Ich gehe freundlich und respektvoll mit allen Personen in dieser Schule um. Ich verzichte auf Gewalt, weil ich niemandem wehtun m\u00f6chte. Ich bin hilfsbereit und unterst\u00fctze andere. Ich gehe sorgf\u00e4ltig mit [&hellip;]<\/p>\n","protected":false},"author":1418,"featured_media":0,"parent":69,"menu_order":0,"comment_status":"closed","ping_status":"closed","template":"","meta":{"footnotes":""},"class_list":["post-241","page","type-page","status-publish","hentry"],"_links":{"self":[{"href":"https:\/\/wordpress.nibis.de\/gshammah\/wp-json\/wp\/v2\/pages\/241","targetHints":{"allow":["GET"]}}],"collection":[{"href":"https:\/\/wordpress.nibis.de\/gshammah\/wp-json\/wp\/v2\/pages"}],"about":[{"href":"https:\/\/wordpress.nibis.de\/gshammah\/wp-json\/wp\/v2\/types\/page"}],"author":[{"embeddable":true,"href":"https:\/\/wordpress.nibis.de\/gshammah\/wp-json\/wp\/v2\/users\/1418"}],"replies":[{"embeddable":true,"href":"https:\/\/wordpress.nibis.de\/gshammah\/wp-json\/wp\/v2\/comments?post=241"}],"version-history":[{"count":1,"href":"https:\/\/wordpress.nibis.de\/gshammah\/wp-json\/wp\/v2\/pages\/241\/revisions"}],"predecessor-version":[{"id":242,"href":"https:\/\/wordpress.nibis.de\/gshammah\/wp-json\/wp\/v2\/pages\/241\/revisions\/242"}],"up":[{"embeddable":true,"href":"https:\/\/wordpress.nibis.de\/gshammah\/wp-json\/wp\/v2\/pages\/69"}],"wp:attachment":[{"href":"https:\/\/wordpress.nibis.de\/gshammah\/wp-json\/wp\/v2\/media?parent=241"}],"curies":[{"name":"wp","href":"https:\/\/api.w.org\/{rel}","templated":true}]}}