{"id":75,"date":"2017-04-20T22:16:12","date_gmt":"2017-04-20T20:16:12","guid":{"rendered":"http:\/\/wordpress.nibis.de\/gshammah\/?page_id=75"},"modified":"2025-08-12T22:14:26","modified_gmt":"2025-08-12T20:14:26","slug":"mitarbeiter","status":"publish","type":"page","link":"https:\/\/wordpress.nibis.de\/gshammah\/unsere-schule\/mitarbeiter\/","title":{"rendered":"Mitarbeiter"},"content":{"rendered":"<p>Frau Tiedemann &#8211;\u00a0Schulsekret\u00e4rin<\/p>\n<p><a href=\"&#x6d;a&#x69;&#108;&#x74;&#111;:&#x73;e&#x6b;&#114;&#x65;&#116;a&#x72;&#105;&#x61;&#116;&#64;&#x67;s&#x2d;&#104;&#x61;&#109;m&#x61;h&#x2e;&#100;&#x65;\">&#x73;e&#x6b;&#114;&#x65;&#116;a&#x72;i&#x61;&#116;&#x40;&#103;s&#x2d;&#104;&#x61;&#109;m&#x61;h&#x2e;&#100;&#x65;<\/a><\/p>\n<p>\u00d6ffnungszeiten Sekretariat:<\/p>\n<ul>\n<li>Mo- Do: 8:00 &#8211; 11:30 Uhr<\/li>\n<\/ul>\n<hr \/>\n<p>Herr Schle\u00dfelmann &#8211; Hausmeister<\/p>\n<p>&#x4b;l&#x61;u&#x73;&#46;&#x73;&#99;h&#x6c;e&#x73;&#115;&#x65;&#108;&#x6d;&#97;n&#x6e;&#64;&#x67;&#115;&#x2d;&#104;&#x61;&#x6d;m&#x61;h&#x2e;&#100;&#x65;<\/p>\n<p>Frau Beese &#8211; P\u00e4dagogische Mitarbeiterin<\/p>\n<p>Frau Markau &#8211; P\u00e4dagogische Mitarbeiterin<\/p>\n<p>Frau Mohr &#8211; P\u00e4dagogische Mitarbeiterin<\/p>\n<p>Frau Rapp &#8211; P\u00e4dagogische Mitarbeiterin<\/p>\n<p>Frau Sargysan &#8211; P\u00e4dagogische Mitarbeiterin<\/p>\n<p>Frau Sch\u00e4fers &#8211; P\u00e4dagogische Mitarbeiterin<\/p>\n<p>\u00a0<\/p>\n\n","protected":false},"excerpt":{"rendered":"<p>Frau Tiedemann &#8211;\u00a0Schulsekret\u00e4rin sek&#114;&#101;&#116;&#x61;&#x72;&#x69;&#x61;&#x74;&#x40;gs-&#104;&#97;&#109;&#109;&#x61;&#x68;&#x2e;&#x64;&#x65; \u00d6ffnungszeiten Sekretariat: Mo- Do: 8:00 &#8211; 11:30 Uhr Herr Schle\u00dfelmann &#8211; Hausmeister &#x4b;&#108;&#x61;&#x75;&#115;&#x2e;&#x73;&#99;&#x68;&#x6c;&#101;&#x73;&#x73;e&#x6c;&#x6d;a&#x6e;&#110;&#64;&#x67;&#115;-&#x68;&#97;m&#x6d;&#97;h&#x2e;&#100;e Frau Beese &#8211; P\u00e4dagogische Mitarbeiterin Frau Markau &#8211; P\u00e4dagogische Mitarbeiterin Frau Mohr &#8211; P\u00e4dagogische Mitarbeiterin Frau Rapp &#8211; P\u00e4dagogische Mitarbeiterin Frau Sargysan &#8211; P\u00e4dagogische Mitarbeiterin Frau Sch\u00e4fers &#8211; P\u00e4dagogische Mitarbeiterin \u00a0<\/p>\n","protected":false},"author":1418,"featured_media":0,"parent":69,"menu_order":0,"comment_status":"closed","ping_status":"closed","template":"","meta":{"footnotes":""},"class_list":["post-75","page","type-page","status-publish","hentry"],"_links":{"self":[{"href":"https:\/\/wordpress.nibis.de\/gshammah\/wp-json\/wp\/v2\/pages\/75","targetHints":{"allow":["GET"]}}],"collection":[{"href":"https:\/\/wordpress.nibis.de\/gshammah\/wp-json\/wp\/v2\/pages"}],"about":[{"href":"https:\/\/wordpress.nibis.de\/gshammah\/wp-json\/wp\/v2\/types\/page"}],"author":[{"embeddable":true,"href":"https:\/\/wordpress.nibis.de\/gshammah\/wp-json\/wp\/v2\/users\/1418"}],"replies":[{"embeddable":true,"href":"https:\/\/wordpress.nibis.de\/gshammah\/wp-json\/wp\/v2\/comments?post=75"}],"version-history":[{"count":11,"href":"https:\/\/wordpress.nibis.de\/gshammah\/wp-json\/wp\/v2\/pages\/75\/revisions"}],"predecessor-version":[{"id":1948,"href":"https:\/\/wordpress.nibis.de\/gshammah\/wp-json\/wp\/v2\/pages\/75\/revisions\/1948"}],"up":[{"embeddable":true,"href":"https:\/\/wordpress.nibis.de\/gshammah\/wp-json\/wp\/v2\/pages\/69"}],"wp:attachment":[{"href":"https:\/\/wordpress.nibis.de\/gshammah\/wp-json\/wp\/v2\/media?parent=75"}],"curies":[{"name":"wp","href":"https:\/\/api.w.org\/{rel}","templated":true}]}}