{"id":82,"date":"2017-04-20T22:43:37","date_gmt":"2017-04-20T20:43:37","guid":{"rendered":"http:\/\/wordpress.nibis.de\/gshammah\/?page_id=82"},"modified":"2025-08-12T22:15:47","modified_gmt":"2025-08-12T20:15:47","slug":"schulelternrat","status":"publish","type":"page","link":"https:\/\/wordpress.nibis.de\/gshammah\/schulelternrat\/","title":{"rendered":"Schulelternrat"},"content":{"rendered":"<p>Unser Schulelternrat setzt sich aus engagierten Eltern aus allen Klassenstufen zusammen. Wir sehen uns als Bindeglied zwischen Eltern und Schulleitung an.<br \/>\nHalbj\u00e4hrlich trifft sich der Schulelternrat zusammen mit der Schulleitung und bespricht aktuelle Themen, Projekte, Veranstaltungen und Probleme. Ebenfalls finden hier auch j\u00e4hrlich die Wahlen f\u00fcr unterschiedliche Fachkonferenzen, f\u00fcr den Gemeinde-\/und Kreiselternrat, f\u00fcr den Schulvorstand und f\u00fcr die Gesamtkonferenz statt.<\/p>\n<p><em>Jede Schule braucht interessierte und aktive Eltern!<\/em><br \/>\nBei vielen Aktionen k\u00f6nnen sich Eltern miteinbringen, z.B. Buffetspende bei einer Schulveranstaltung, Betreuung der B\u00fccherei, Beschaffung von Materialien f\u00fcr den Schulhof, Gestaltung des Schulhofes, Durchf\u00fchrung einer AG, etc.<\/p>\n<p>Wenn Sie Fragen, Anregungen oder Probleme haben, sprechen bzw. schreiben Sie uns gern an: Email Adresse:\u00a0<a href=\"&#x6d;&#x61;&#x69;&#x6c;&#x74;&#x6f;&#x3a;&#x73;&#x63;&#x68;&#x75;&#108;&#101;&#108;&#116;&#101;&#114;&#110;rat&#64;gs&#x68;&#x61;&#x6d;&#x6d;&#x61;&#x68;&#x2e;&#x64;&#x65;\">&#x73;&#99;&#104;u&#x6c;&#x65;&#108;t&#x65;&#x72;&#110;r&#x61;&#x74;&#64;g&#x73;&#x68;&#97;m&#x6d;&#x61;&#104;&#46;&#x64;&#x65;<\/a><\/p>\n<p>Probleme, Fragen, etc. werden selbstverst\u00e4ndlich vertraulich behandelt!<\/p>\n<p><strong><em>\u00a0<\/em><\/strong><strong><em>Unser Elternrat-Team:<br \/>\n<\/em><\/strong><br \/>\nSchulelternratsvorsitz: Frau Gerken<br \/>\nstellv. Schulelternratsvorsitz: FrauJ\u00fcrgens und Frau Kalitta<\/p>\n","protected":false},"excerpt":{"rendered":"<p>Unser Schulelternrat setzt sich aus engagierten Eltern aus allen Klassenstufen zusammen. Wir sehen uns als Bindeglied zwischen Eltern und Schulleitung an. Halbj\u00e4hrlich trifft sich der Schulelternrat zusammen mit der Schulleitung und bespricht aktuelle Themen, Projekte, Veranstaltungen und Probleme. Ebenfalls finden hier auch j\u00e4hrlich die Wahlen f\u00fcr unterschiedliche Fachkonferenzen, f\u00fcr den Gemeinde-\/und Kreiselternrat, f\u00fcr den Schulvorstand [&hellip;]<\/p>\n","protected":false},"author":1418,"featured_media":0,"parent":0,"menu_order":10,"comment_status":"closed","ping_status":"closed","template":"","meta":{"footnotes":""},"class_list":["post-82","page","type-page","status-publish","hentry"],"_links":{"self":[{"href":"https:\/\/wordpress.nibis.de\/gshammah\/wp-json\/wp\/v2\/pages\/82","targetHints":{"allow":["GET"]}}],"collection":[{"href":"https:\/\/wordpress.nibis.de\/gshammah\/wp-json\/wp\/v2\/pages"}],"about":[{"href":"https:\/\/wordpress.nibis.de\/gshammah\/wp-json\/wp\/v2\/types\/page"}],"author":[{"embeddable":true,"href":"https:\/\/wordpress.nibis.de\/gshammah\/wp-json\/wp\/v2\/users\/1418"}],"replies":[{"embeddable":true,"href":"https:\/\/wordpress.nibis.de\/gshammah\/wp-json\/wp\/v2\/comments?post=82"}],"version-history":[{"count":4,"href":"https:\/\/wordpress.nibis.de\/gshammah\/wp-json\/wp\/v2\/pages\/82\/revisions"}],"predecessor-version":[{"id":1950,"href":"https:\/\/wordpress.nibis.de\/gshammah\/wp-json\/wp\/v2\/pages\/82\/revisions\/1950"}],"wp:attachment":[{"href":"https:\/\/wordpress.nibis.de\/gshammah\/wp-json\/wp\/v2\/media?parent=82"}],"curies":[{"name":"wp","href":"https:\/\/api.w.org\/{rel}","templated":true}]}}