{"id":827,"date":"2020-03-24T22:53:13","date_gmt":"2020-03-24T21:53:13","guid":{"rendered":"https:\/\/wordpress.nibis.de\/gshammah\/?page_id=827"},"modified":"2023-03-26T13:37:00","modified_gmt":"2023-03-26T11:37:00","slug":"freizeit-und-medien-tipps-fuer-kinder-waehrend-der-schulschliessungen","status":"publish","type":"page","link":"https:\/\/wordpress.nibis.de\/gshammah\/freizeit-und-medien-tipps-fuer-kinder-waehrend-der-schulschliessungen\/","title":{"rendered":"F\u00fcr Kinder und Eltern"},"content":{"rendered":"\n<p>Liebe Kinder, liebe Eltern,<\/p>\n<p>an dieser Stelle findet ihr Freizeit-Tipps eurer tollen Lehrerinnen, geeignete mediale Angebote, die Mitmach-Videos von Wolfgang und Eltern-Tipps, damit die Tage ohne Unterricht etwas Abwechslung erhalten.<\/p>\n<p>Wir erweitern diese Liste immer, schaut einfach regelm\u00e4\u00dfig rein!<\/p>\n<p><a href=\"https:\/\/wordpress.nibis.de\/gshammah\/freizeit-und-medien-tipps-fuer-kinder-waehrend-der-schulschliessungen\/freizeit-tipps-des-kollegiums\/\">Freizeit-Tipps des Kollegiums<\/a><\/p>\n<p><a href=\"https:\/\/wordpress.nibis.de\/gshammah\/freizeit-und-medien-tipps-fuer-kinder-waehrend-der-schulschliessungen\/buchtipps\/\">Buch-Tipps aus unser B\u00fccherei<\/a><\/p>\n<p><a href=\"https:\/\/wordpress.nibis.de\/gshammah\/freizeit-und-medien-tipps-fuer-kinder-waehrend-der-schulschliessungen\/schulsozialarbeiterprojekt\/\">Schulsozialarbeiterprojekt von Wolfgang<\/a><\/p>\n<p><a href=\"https:\/\/wordpress.nibis.de\/gshammah\/freizeit-und-medien-tipps-fuer-kinder-waehrend-der-schulschliessungen\/mediale-angebote\/\">Mediale Angebote<\/a><\/p>\n<p><a href=\"https:\/\/wordpress.nibis.de\/gshammah\/freizeit-und-medien-tipps-fuer-kinder-waehrend-der-schulschliessungen\/eltern-tipps\/\">Eltern-Tipps<\/a><\/p>\n<p>\u00a0<\/p>\n<p>\u00a0<\/p>\n<p><span style=\"color: #0000ff\"><strong>\u00a0<\/strong><\/span><\/p>\n<p>\u00a0<\/p>\n<p>\u00a0<\/p>\n<p>\u00a0<\/p>\n<p>\u00a0<\/p>\n","protected":false},"excerpt":{"rendered":"<p>Liebe Kinder, liebe Eltern, an dieser Stelle findet ihr Freizeit-Tipps eurer tollen Lehrerinnen, geeignete mediale Angebote, die Mitmach-Videos von Wolfgang und Eltern-Tipps, damit die Tage ohne Unterricht etwas Abwechslung erhalten. Wir erweitern diese Liste immer, schaut einfach regelm\u00e4\u00dfig rein! Freizeit-Tipps des Kollegiums Buch-Tipps aus unser B\u00fccherei Schulsozialarbeiterprojekt von Wolfgang Mediale Angebote Eltern-Tipps \u00a0 \u00a0 \u00a0 [&hellip;]<\/p>\n","protected":false},"author":1418,"featured_media":0,"parent":0,"menu_order":0,"comment_status":"closed","ping_status":"closed","template":"","meta":{"footnotes":""},"class_list":["post-827","page","type-page","status-publish","hentry"],"_links":{"self":[{"href":"https:\/\/wordpress.nibis.de\/gshammah\/wp-json\/wp\/v2\/pages\/827","targetHints":{"allow":["GET"]}}],"collection":[{"href":"https:\/\/wordpress.nibis.de\/gshammah\/wp-json\/wp\/v2\/pages"}],"about":[{"href":"https:\/\/wordpress.nibis.de\/gshammah\/wp-json\/wp\/v2\/types\/page"}],"author":[{"embeddable":true,"href":"https:\/\/wordpress.nibis.de\/gshammah\/wp-json\/wp\/v2\/users\/1418"}],"replies":[{"embeddable":true,"href":"https:\/\/wordpress.nibis.de\/gshammah\/wp-json\/wp\/v2\/comments?post=827"}],"version-history":[{"count":13,"href":"https:\/\/wordpress.nibis.de\/gshammah\/wp-json\/wp\/v2\/pages\/827\/revisions"}],"predecessor-version":[{"id":1556,"href":"https:\/\/wordpress.nibis.de\/gshammah\/wp-json\/wp\/v2\/pages\/827\/revisions\/1556"}],"wp:attachment":[{"href":"https:\/\/wordpress.nibis.de\/gshammah\/wp-json\/wp\/v2\/media?parent=827"}],"curies":[{"name":"wp","href":"https:\/\/api.w.org\/{rel}","templated":true}]}}