{"id":831,"date":"2020-03-24T22:56:04","date_gmt":"2020-03-24T21:56:04","guid":{"rendered":"https:\/\/wordpress.nibis.de\/gshammah\/?page_id=831"},"modified":"2020-05-12T09:51:28","modified_gmt":"2020-05-12T07:51:28","slug":"mediale-angebote","status":"publish","type":"page","link":"https:\/\/wordpress.nibis.de\/gshammah\/freizeit-und-medien-tipps-fuer-kinder-waehrend-der-schulschliessungen\/mediale-angebote\/","title":{"rendered":"Mediale und sportliche Angebote"},"content":{"rendered":"\n<p><a href=\"https:\/\/www.tagesschau.de\/inland\/corona-kinderprogramm-101.html\" target=\"_blank\" rel=\"noopener noreferrer\">ARD erweitert Kinderprogramm<\/a><\/p>\n<p><a href=\"http:\/\/www.amira-lesen.de\" target=\"_blank\" rel=\"noopener noreferrer\">Amira &#8211; Leseprogramm f\u00fcr Grundsch\u00fcler in 9 Sprachen<\/a><\/p>\n<p><a href=\"https:\/\/www.albaberlin.de\/news\/details\/reaktion-auf-coronavirus-alba-berlin-startet-taegliche-digitale-sportstunde-fuer-kinder-und-jugendlic\/\" target=\"_blank\" rel=\"noopener noreferrer\">ALBAs t\u00e4gliche Sportstunde<\/a><\/p>\n<p><a href=\"https:\/\/www.schlaukopf.de\" target=\"_blank\" rel=\"noopener noreferrer\">Schlaukopf.de &#8211; Lernplattformd<\/a><\/p>\n<p><a href=\"https:\/\/www.ndr.de\/nachrichten\/info\/sendungen\/mikado\/Live-Stream-Autoren-lesen-fuer-Kinder,livegelesen100.html\" target=\"_blank\" rel=\"noopener noreferrer\">Lesestunde f\u00fcr Kinder &#8222;live gelesen mit&#8230;&#8220; immer um 16 Uhr<\/a><\/p>\n<p><a href=\"https:\/\/anton.app\/de\/\" target=\"_blank\" rel=\"noopener noreferrer\">Anton &#8211; Lernapp<\/a><\/p>\n<p><a href=\"https:\/\/www.dtb.de\/news\/artikel\/?tx_news_pi1%5Bnews%5D=9320&amp;cHash=3273681bd2c0cbe4b72ae34474fff203\" target=\"_blank\" rel=\"noopener noreferrer\">Spiele f\u00fcr drinnen und drau\u00dfen &#8211; Deutscher Sportbund<\/a><\/p>\n<p><a href=\"https:\/\/wordpress.nibis.de\/gshammah\/freizeit-und-medien-tipps-fuer-kinder-waehrend-der-schulschliessungen\/eltern-tipps\/\" target=\"_blank\" rel=\"noopener noreferrer\">Bewegungsgeschichten &#8211; Landessportbund NRW<\/a><\/p>\n<p><a href=\"https:\/\/www.haus-der-kleinen-forscher.de\/de\/praxisanregungen\/experimente-fuer-kinder\" target=\"_blank\" rel=\"noopener noreferrer\">Haus der kleinen Forscher<\/a><\/p>\n<p><a href=\"https:\/\/www.mathe-kaenguru.de\" target=\"_blank\" rel=\"noopener noreferrer\">K\u00e4nguru Mathe Wettbewerb<\/a><\/p>\n<p><a href=\"https:\/\/www.spiegel.de\/deinspiegel\/film-motto-abend-selbst-veranstalten-tipps-gegen-langeweile-fuer-kinder-teil-2-a-2754e22f-00cf-44ba-a353-27b2818197d9\" target=\"_blank\" rel=\"noopener noreferrer\">Lageweile-Tipps f\u00fcr Kinder &#8211; Spiegel online<\/a><\/p>\n<p><a href=\"https:\/\/grenzenzeigen.de\" target=\"_blank\" rel=\"noopener noreferrer\">Grenzen zeigen, Kinderpr\u00e4vention &#8211; Bistum Trier<\/a><\/p>\n<p><a href=\"https:\/\/www.lernduschen.de\/\" target=\"_blank\" rel=\"noopener noreferrer\">1&#215;1 Reihe lernen- Lerndusche Mildenberger Verlag<\/a><\/p>\n<p>\u00a0<\/p>\n<p>\u00a0<\/p>\n","protected":false},"excerpt":{"rendered":"<p>ARD erweitert Kinderprogramm Amira &#8211; Leseprogramm f\u00fcr Grundsch\u00fcler in 9 Sprachen ALBAs t\u00e4gliche Sportstunde Schlaukopf.de &#8211; Lernplattformd Lesestunde f\u00fcr Kinder &#8222;live gelesen mit&#8230;&#8220; immer um 16 Uhr Anton &#8211; Lernapp Spiele f\u00fcr drinnen und drau\u00dfen &#8211; Deutscher Sportbund Bewegungsgeschichten &#8211; Landessportbund NRW Haus der kleinen Forscher K\u00e4nguru Mathe Wettbewerb Lageweile-Tipps f\u00fcr Kinder &#8211; Spiegel online [&hellip;]<\/p>\n","protected":false},"author":1418,"featured_media":0,"parent":827,"menu_order":0,"comment_status":"closed","ping_status":"closed","template":"","meta":{"footnotes":""},"class_list":["post-831","page","type-page","status-publish","hentry"],"_links":{"self":[{"href":"https:\/\/wordpress.nibis.de\/gshammah\/wp-json\/wp\/v2\/pages\/831","targetHints":{"allow":["GET"]}}],"collection":[{"href":"https:\/\/wordpress.nibis.de\/gshammah\/wp-json\/wp\/v2\/pages"}],"about":[{"href":"https:\/\/wordpress.nibis.de\/gshammah\/wp-json\/wp\/v2\/types\/page"}],"author":[{"embeddable":true,"href":"https:\/\/wordpress.nibis.de\/gshammah\/wp-json\/wp\/v2\/users\/1418"}],"replies":[{"embeddable":true,"href":"https:\/\/wordpress.nibis.de\/gshammah\/wp-json\/wp\/v2\/comments?post=831"}],"version-history":[{"count":13,"href":"https:\/\/wordpress.nibis.de\/gshammah\/wp-json\/wp\/v2\/pages\/831\/revisions"}],"predecessor-version":[{"id":1030,"href":"https:\/\/wordpress.nibis.de\/gshammah\/wp-json\/wp\/v2\/pages\/831\/revisions\/1030"}],"up":[{"embeddable":true,"href":"https:\/\/wordpress.nibis.de\/gshammah\/wp-json\/wp\/v2\/pages\/827"}],"wp:attachment":[{"href":"https:\/\/wordpress.nibis.de\/gshammah\/wp-json\/wp\/v2\/media?parent=831"}],"curies":[{"name":"wp","href":"https:\/\/api.w.org\/{rel}","templated":true}]}}