{"id":833,"date":"2020-03-24T22:59:46","date_gmt":"2020-03-24T21:59:46","guid":{"rendered":"https:\/\/wordpress.nibis.de\/gshammah\/?page_id=833"},"modified":"2020-04-28T21:45:05","modified_gmt":"2020-04-28T19:45:05","slug":"eltern-tipps","status":"publish","type":"page","link":"https:\/\/wordpress.nibis.de\/gshammah\/freizeit-und-medien-tipps-fuer-kinder-waehrend-der-schulschliessungen\/eltern-tipps\/","title":{"rendered":"Eltern-Tipps"},"content":{"rendered":"\n<p><a href=\"https:\/\/www.mk.niedersachsen.de\/download\/153669\/Informationen_fuer_Erziehungsberechtigte.pdf\" target=\"_blank\" rel=\"noopener noreferrer\">Wichtige Elterntipps vom Kultusminister Tonne und der Schulpsychologie<\/a><\/p>\n<p><a href=\"https:\/\/nibis.de\/lernen-zu-hause---eine-ideensammlung_13560\" target=\"_blank\" rel=\"noopener noreferrer\">Lernen zu Hause &#8211; eine Ideensammlung &#8211; Kultisministerium<\/a><\/p>\n<p><a href=\"https:\/\/grundschulverband.de\/wp-content\/uploads\/2020\/03\/GSV-Elternbrief-Corona-1.pdf\" target=\"_blank\" rel=\"noopener noreferrer\">Merkblatt \u201cWas Kinder zu Hause lernen k\u00f6nnen\u201d &#8211; Grundschulverband<\/a><\/p>\n<p><a href=\"https:\/\/grundschulverband.de\/https-grundschulverband-de-uebersetzungen-elternbrief\/\" target=\"_blank\" rel=\"noopener noreferrer\">\u00dcbersetzungen ins Englische, Franz\u00f6sische, T\u00fcrkische und Arabische<\/a><\/p>\n<p><a href=\"https:\/\/grundschulverband.de\/wp-content\/uploads\/2020\/03\/200323_GSV-Elternbrief-2-dig-Med_Links.pdf\" target=\"_blank\" rel=\"noopener noreferrer\">&#8222;Wie Kinder sinnvoll mit Medien umgehen k\u00f6nnen&#8220; &#8211; Grundschulverband<\/a><\/p>\n<p><a href=\"https:\/\/wordpress.nibis.de\/gshammah\/files\/2020\/03\/Elterntipps-Langeweile.pdf\" target=\"_blank\" rel=\"noopener noreferrer\">Tipps der Beratungslehrerin &#8211; Frau Fingscheidt<\/a><\/p>\n<p><a href=\"http:\/\/www.sancken.de\/tuwas\" target=\"_blank\" rel=\"noopener noreferrer\" data-wplink-edit=\"true\">Familien-Coaching kostenfrei &#8211; Hartmut Sancken<\/a><\/p>\n<p>\u00a0<\/p>\n<p>\u00a0<\/p>\n","protected":false},"excerpt":{"rendered":"<p>Wichtige Elterntipps vom Kultusminister Tonne und der Schulpsychologie Lernen zu Hause &#8211; eine Ideensammlung &#8211; Kultisministerium Merkblatt \u201cWas Kinder zu Hause lernen k\u00f6nnen\u201d &#8211; Grundschulverband \u00dcbersetzungen ins Englische, Franz\u00f6sische, T\u00fcrkische und Arabische &#8222;Wie Kinder sinnvoll mit Medien umgehen k\u00f6nnen&#8220; &#8211; Grundschulverband Tipps der Beratungslehrerin &#8211; Frau Fingscheidt Familien-Coaching kostenfrei &#8211; Hartmut Sancken \u00a0 \u00a0<\/p>\n","protected":false},"author":1418,"featured_media":0,"parent":827,"menu_order":0,"comment_status":"closed","ping_status":"closed","template":"","meta":{"footnotes":""},"class_list":["post-833","page","type-page","status-publish","hentry"],"_links":{"self":[{"href":"https:\/\/wordpress.nibis.de\/gshammah\/wp-json\/wp\/v2\/pages\/833","targetHints":{"allow":["GET"]}}],"collection":[{"href":"https:\/\/wordpress.nibis.de\/gshammah\/wp-json\/wp\/v2\/pages"}],"about":[{"href":"https:\/\/wordpress.nibis.de\/gshammah\/wp-json\/wp\/v2\/types\/page"}],"author":[{"embeddable":true,"href":"https:\/\/wordpress.nibis.de\/gshammah\/wp-json\/wp\/v2\/users\/1418"}],"replies":[{"embeddable":true,"href":"https:\/\/wordpress.nibis.de\/gshammah\/wp-json\/wp\/v2\/comments?post=833"}],"version-history":[{"count":10,"href":"https:\/\/wordpress.nibis.de\/gshammah\/wp-json\/wp\/v2\/pages\/833\/revisions"}],"predecessor-version":[{"id":997,"href":"https:\/\/wordpress.nibis.de\/gshammah\/wp-json\/wp\/v2\/pages\/833\/revisions\/997"}],"up":[{"embeddable":true,"href":"https:\/\/wordpress.nibis.de\/gshammah\/wp-json\/wp\/v2\/pages\/827"}],"wp:attachment":[{"href":"https:\/\/wordpress.nibis.de\/gshammah\/wp-json\/wp\/v2\/media?parent=833"}],"curies":[{"name":"wp","href":"https:\/\/api.w.org\/{rel}","templated":true}]}}