{"id":971,"date":"2020-04-28T21:13:01","date_gmt":"2020-04-28T19:13:01","guid":{"rendered":"https:\/\/wordpress.nibis.de\/gshammah\/?page_id=971"},"modified":"2020-05-06T22:16:49","modified_gmt":"2020-05-06T20:16:49","slug":"buchtipps","status":"publish","type":"page","link":"https:\/\/wordpress.nibis.de\/gshammah\/freizeit-und-medien-tipps-fuer-kinder-waehrend-der-schulschliessungen\/buchtipps\/","title":{"rendered":"Buch-Tipps"},"content":{"rendered":"\n<p><strong>Liebe Kinder, Hobby-Detektive, Tierfreunde, Nachwuchswissenschaftler und Erfinder neuer Welten,<\/strong><\/p>\n<p><strong>damit euch der Lesestoff nicht ausgeht, gibt es wieder neue B\u00fccher in unserer Schulb\u00fccherei. Seid gespannt.<\/strong><\/p>\n<p><strong>Sobald die Schule wieder ge\u00f6ffnet ist, freuen wir uns auf euch in der Schulb\u00fccherei! \ud83d\ude42<\/strong><\/p>\n<p><u>_____________________________________________________________<\/u><u>\u00a0<\/u><\/p>\n<p><strong><u>Sternenschweif. Das Einhorn-Geheimnis:<\/u><\/strong><\/p>\n<p>Hast du nicht auch schon immer davon getr\u00e4umt, dass dein Pony eigentlich ein Einhorn ist? Genau so geht es Laura auch. Denn ihr Pony Sternenschweif ist eigentlich ein Einhorn. Als sie Emma und ihr Pony kennenlernt kommt ihr die Sache dann doch etwas komisch vor. Ist Silberwolke wirklich ein normales Pony?<\/p>\n<p><strong><u>Sternenschweif. Ein Einhorn in der Schule:<\/u><\/strong><\/p>\n<p>Kinder, Lehrer, Hausmeister. Das alles ist normal in Lauras Schule. Doch was macht ein Pony im Schulgarten? Laura findet es heraus.<\/p>\n<p><strong><u>Sternenschweif. Auf der Suche nach Nox:<\/u><\/strong><\/p>\n<p>Hast du auch schon mal etwas verloren? Genau so geht es der sch\u00f6nen Katze mit dem einzigartigen Anh\u00e4nger auch. Zusammen mit Laura und Sternenschweif macht sich die schwarze Katze auf die Suche nach ihrem Katzenfreund Nox. Dabei begegnen ihnen viele magische Abenteuer.<\/p>\n<p><u> <img loading=\"lazy\" decoding=\"async\" class=\"alignnone size-medium wp-image-991\" src=\"https:\/\/wordpress.nibis.de\/gshammah\/files\/2020\/04\/20200428_Neue-B\u00fccher-1-850x478.jpg\" alt=\"\" width=\"850\" height=\"478\" srcset=\"https:\/\/wordpress.nibis.de\/gshammah\/files\/2020\/04\/20200428_Neue-B\u00fccher-1-850x478.jpg 850w, https:\/\/wordpress.nibis.de\/gshammah\/files\/2020\/04\/20200428_Neue-B\u00fccher-1-1200x675.jpg 1200w\" sizes=\"auto, (max-width: 850px) 100vw, 850px\" \/><\/u><\/p>\n<p><strong><u>Ella und das Einh\u00f6rnchen. Der Zauberstein:<\/u><\/strong><\/p>\n<p>Ella ist ein ganz normales M\u00e4dchen. Doch nein. Ella hat einen ganz besonderen Begleiter. Ein ganz kleines Einh\u00f6rnchen, Lotti. Sei gespannt auf die Abenteuer, die Ella und Lotti gemeinsam erleben.<\/p>\n<p><strong><u>Die wilden Freunde. Abenteuer in der Stadt:<\/u><\/strong><\/p>\n<p>Hast du dir auch schon mal vorgestellt, wie es w\u00e4re, wenn einem in der Einkaufsstra\u00dfe ein Affe entgegenkommt? Entdecke die Abenteuer der wilden Freunde, die ihr Leben im Zoo hinter sich gelassen haben und nun ein neues, geheimes Leben unter der Stadt f\u00fchren.<\/p>\n<p><strong><u>Die wilden Freunde. Ab ins Freibad!<\/u><\/strong><\/p>\n<p>Schon wieder so warm. Da braucht es dringend eine Abk\u00fchlung. Das denken sich auch die wilden Freunde. Doch Tiere im Freibad? Das gibt bestimmt \u00c4rger&#8230;.<\/p>\n<p><strong><u>Trudel Gedudel purzelt vom Zaun:<\/u><\/strong><\/p>\n<p>Wer dachte, dass H\u00fchner den ganzen Tag nur in ihrem K\u00e4fig sitzen und ein Korn nach dem anderen aufpicken, der hat sich get\u00e4uscht. Zumindest, wenn es um Trudel Gedudel geht. Ihr ist das Leben im K\u00e4fig mit den anderen H\u00fchnern zu langweilig. Also macht sie ich auf, \u00fcber den Zaun&#8230;.<\/p>\n<p><strong><u>F\u00fcnf sind sechs zu viel:<\/u><\/strong><\/p>\n<p>Alles war in bester Ordnung. Okay, Roses Eltern lebten nicht mehr zusammen, aber eigentlich kamen alle damit gut klar. Bis Roses Mutter pl\u00f6tzlich einen neuen Mann kennenlernte. Auf einmal \u00e4nderte sich Roses Welt. Pl\u00f6tzlich hatte sie 5 Br\u00fcder. Doch Stopp. Irgendetwas stimmt hier nicht. Erlebe Roses Abenteuer mit ihrer neuen Familie&#8230;<\/p>\n<p><strong><u>Das ausgelassene ABC:<\/u><\/strong><\/p>\n<p>Hast du schon mal ausprobiert jedes \u201ea\u201c aus deinen W\u00f6rtern zu streichen? Wird dann nicht aus der Taube eine Tube? Probiere es aus&#8230;.<\/p>\n<p>\u00a0<\/p>\n<p>\u00a0<\/p>\n<p><img loading=\"lazy\" decoding=\"async\" class=\"alignnone size-medium wp-image-986\" src=\"https:\/\/wordpress.nibis.de\/gshammah\/files\/2020\/04\/Neue-B\u00fccher-2-850x478.jpg\" alt=\"\" width=\"850\" height=\"478\" srcset=\"https:\/\/wordpress.nibis.de\/gshammah\/files\/2020\/04\/Neue-B\u00fccher-2-850x478.jpg 850w, https:\/\/wordpress.nibis.de\/gshammah\/files\/2020\/04\/Neue-B\u00fccher-2-1200x675.jpg 1200w\" sizes=\"auto, (max-width: 850px) 100vw, 850px\" \/><\/p>\n<p><strong>Du kennst sie sicher&#8230;Die drei ??? &#8211; Justus, Peter und Bob sind wieder unterwegs auf Verbrecherjagd.<\/strong><\/p>\n<p><strong><u>Die Drei ??? &#8211; Kids: Vorsicht! Zaubertinte!<\/u><\/strong><\/p>\n<p>Neue Erfindungen sind immer hei\u00df begehrt. Justus, Peter und Bob arbeiten schon so lange daran und dann das. Ein Diebstahl. Doch wie die Verbrecher finden? Vielleicht mit Zaubertinte?<\/p>\n<p><strong><u>Die Drei ??? &#8211; Kids: Hilfe, Geisterzug!<\/u><\/strong><\/p>\n<p>Es ist ruhig, komplett ruhig. Das w\u00e4re auch nicht weiter verwunderlich, schlie\u00dflich ist es mitten in der Nacht. Doch pl\u00f6tzlich taucht ein Zug mitten in der Nacht auf. Was hat es damit nur auf sich?<\/p>\n<p><strong><u>Die Drei !!!: Geheimnis auf dem Ponyhof:<\/u><\/strong><\/p>\n<p>Was Justus, Peter und Bob von den Drei ??? k\u00f6nnen, k\u00f6nnen Kim, Franzi und Marie schon lange. Sei gespannt auf das neue Abenteuer der Drei !!! auf dem Ponyhof.<\/p>\n<p><strong>Du kennst noch nicht Lasse und Maja, Detektive der ersten Stunde? Dann sei gespannt auf die Abenteuer der beiden, die im kleinen Hafenort Valleby gegen das Verbrechen k\u00e4mpfen und f\u00fcr Gerechtigkeit sorgen.<\/strong><\/p>\n<p><strong><u>Das Schulgeheimnis:<\/u><\/strong><\/p>\n<p>In ihrem ersten Fall decken Lasse und Maja ein Komplott um Falschgeld auf. Doch was hat das Kopierverbot in der Schule blo\u00df damit zu tun&#8230;.?<\/p>\n<p><strong><u>Das Mumiengeheimnis:<\/u><\/strong><\/p>\n<p>In ihrem zweiten Fall sind die Beiden in einem Museum auf Verbrecherjagd. Pl\u00f6tzlich verschwinden wertvolle Gem\u00e4lde und treibt da nicht eine Mumie ihr Unwesen? Die Sache wird nicht leichter, da scheinbar alle Museumsmitarbeiter ein Motiv haben&#8230;.<\/p>\n<p><strong><u>Das Caf\u00e9geheimnis:<\/u><\/strong><\/p>\n<p>Doch auch vor kleinen Caf\u00e9s in ihrem Heimatort macht das Verbrechen nicht halt. Immer, wenn die Kasse voll ist, kommt es zu mysteri\u00f6sen Diebst\u00e4hlen. Auch die Polizei ist \u00fcberfordert. Da k\u00f6nnen nur Lasse und Maja helfen.<\/p>\n<p><strong><u>Das Feriengeheimnis:<\/u><\/strong><\/p>\n<p>Die Ferien stehen vor der T\u00fcr und alle freuen sich auf den Urlaub und die Zeit am See. Kurz vor den Ferien gibt es einen Vortrag in Lasses und Majas Schule. Doch irgendetwas stimmt dabei nicht. Kannst du herausfinden was? Bei diesem Buch brauchen Lasse und Maja unbedingt deine Hilfe. Werde selbst zum Detektiv&#8230;<\/p>\n<p>\u00a0<\/p>\n<p><img loading=\"lazy\" decoding=\"async\" class=\"alignnone size-medium wp-image-989\" src=\"https:\/\/wordpress.nibis.de\/gshammah\/files\/2020\/04\/Neue-B\u00fccher-3-850x478.jpg\" alt=\"\" width=\"850\" height=\"478\" srcset=\"https:\/\/wordpress.nibis.de\/gshammah\/files\/2020\/04\/Neue-B\u00fccher-3-850x478.jpg 850w, https:\/\/wordpress.nibis.de\/gshammah\/files\/2020\/04\/Neue-B\u00fccher-3-1200x675.jpg 1200w\" sizes=\"auto, (max-width: 850px) 100vw, 850px\" \/><\/p>\n<p><strong><u>Alles nur aus Zuckersand:<\/u><\/strong><\/p>\n<p>Hast du auch einen besten Freund? Eine beste Freundin? Was k\u00f6nnte sch\u00f6ner sein, als jeden Tag mit deinem besten Freund spannende Abenteuer zu erleben? Das denken sich auch Fred und Jonas. Bis Jonas zusammen mit seiner Mutter das Land verlassen soll. Wie soll man das verhindern? Vielleicht mit einem geheimen Fluchtplan?<\/p>\n<p><strong><u>Warum merke ich nicht, dass die Erde sich dreht?<\/u><\/strong><\/p>\n<p>Genau jetzt. In diesem Moment. Sp\u00fcrst du es auch? Wie die Erde sich dreht? Nein? Warum das nicht so ist und warum das Meer eigentlich blau ist oder wo das Internet herkommt. Das erf\u00e4hrst du in diesem Buch&#8230;<\/p>\n<p><strong><u>Wie viel w\u00e4rmer ist 1 Grad? Was beim Klimawandel passiert:<\/u><\/strong><\/p>\n<p>Hitze, Unwetter, Friday for Future. Schon wieder reden Mama und Papa vom Klimawandel. Doch warum eigentlich? Was ist schon so schlimm daran, wenn es 1 Grad w\u00e4rmer wird? Was es mit dem Klimawandel auf sich hat erf\u00e4hrst du hier&#8230;<\/p>\n<p><strong><u>Die Nacht ist voller Wunder. Das Buch \u00fcber die Magie und die Geheimnisse der Dunkelheit:<\/u><\/strong><\/p>\n<p>Es ist immer das Gleiche: 20 Uhr, es ist dunkel, du musst ins Bett. Was passiert aber eigentlich alles, w\u00e4hrend du in der Nacht schl\u00e4fst? Und warum gibt es die Nacht \u00fcberhaupt?<\/p>\n<p><strong><u>The Big Book of Adventure oder So \u00fcberlebst du in der Wildnis:<\/u><\/strong><\/p>\n<p>Du liebst es im Garten zu zelten? Oder tr\u00e4umst du davon, mit einem eigenen Flo\u00df auf einem wilden Fluss Abenteuer zu erleben? Hier erf\u00e4hrst du, was man f\u00fcr Abenteuer in der Natur alles beachten muss.<\/p>\n<p>\u00a0<\/p>\n<p><span style=\"text-decoration: underline\"><strong>Hier k\u00f6nnt ihr noch einen tollen Buch-Tipp von Paul aus der 3b lesen:<\/strong><\/span><\/p>\n<p><img loading=\"lazy\" decoding=\"async\" class=\"alignnone wp-image-987\" src=\"https:\/\/wordpress.nibis.de\/gshammah\/files\/2020\/04\/Buchtipp-Paul-3b-e1588102453701-850x478.jpg\" alt=\"\" width=\"680\" height=\"340\" \/><\/p>\n<p>\u00a0<\/p>\n<p><span style=\"text-decoration: underline\"><strong>Und dieser Buch-Tipp stammt von Elias aus der 2b:<\/strong><\/span><\/p>\n<p><img loading=\"lazy\" decoding=\"async\" class=\"alignnone wp-image-1005 size-full\" src=\"https:\/\/wordpress.nibis.de\/gshammah\/files\/2020\/05\/20200506_Buchtipp-Elias-Ciminski-1.jpg\" alt=\"\" width=\"750\" height=\"1000\" \/><\/p>\n<p>\u00a0<\/p>\n<p><span style=\"text-decoration: underline\"><strong>Katharina aus der 3b stellt das Buch &#8222;Greis Tagebuch und tsch\u00fcss&#8220; vor:<\/strong><\/span><\/p>\n<p><img loading=\"lazy\" decoding=\"async\" class=\"alignnone size-medium wp-image-1004\" src=\"https:\/\/wordpress.nibis.de\/gshammah\/files\/2020\/05\/20200506_1588600518907395576082032552986-850x478.jpg\" alt=\"\" width=\"850\" height=\"478\" \/><\/p>\n<p><span style=\"text-decoration: underline\"><strong>Fynn aus der 2b stellt euch ein tolles ??? Buch vor:<\/strong><\/span><\/p>\n<p><img loading=\"lazy\" decoding=\"async\" class=\"alignnone wp-image-1006 size-full\" src=\"https:\/\/wordpress.nibis.de\/gshammah\/files\/2020\/05\/20200506_Buchtipp_E85FD48F-869F-4CC8-B05A-FD363398B29E.jpg\" alt=\"\" width=\"689\" height=\"1000\" srcset=\"https:\/\/wordpress.nibis.de\/gshammah\/files\/2020\/05\/20200506_Buchtipp_E85FD48F-869F-4CC8-B05A-FD363398B29E.jpg 689w, https:\/\/wordpress.nibis.de\/gshammah\/files\/2020\/05\/20200506_Buchtipp_E85FD48F-869F-4CC8-B05A-FD363398B29E-97x141.jpg 97w\" sizes=\"auto, (max-width: 689px) 100vw, 689px\" \/><\/p>\n<p>\u00a0<\/p>\n<p><a href=\"https:\/\/wordpress.nibis.de\/gshammah\/files\/2020\/05\/20200506_Einen-Buchtipp-schreiben.pdf\">\u00a0Fynlay aus der 2b empfiehlt euch einen Dino-Fall der ???<\/a><\/p>\n<p>\u00a0<\/p>\n<p>\u00a0<\/p>\n","protected":false},"excerpt":{"rendered":"<p>Liebe Kinder, Hobby-Detektive, Tierfreunde, Nachwuchswissenschaftler und Erfinder neuer Welten, damit euch der Lesestoff nicht ausgeht, gibt es wieder neue B\u00fccher in unserer Schulb\u00fccherei. Seid gespannt. Sobald die Schule wieder ge\u00f6ffnet ist, freuen wir uns auf euch in der Schulb\u00fccherei! \ud83d\ude42 _____________________________________________________________\u00a0 Sternenschweif. Das Einhorn-Geheimnis: Hast du nicht auch schon immer davon getr\u00e4umt, dass dein Pony [&hellip;]<\/p>\n","protected":false},"author":9193504,"featured_media":0,"parent":827,"menu_order":0,"comment_status":"closed","ping_status":"closed","template":"","meta":{"footnotes":""},"class_list":["post-971","page","type-page","status-publish","hentry"],"_links":{"self":[{"href":"https:\/\/wordpress.nibis.de\/gshammah\/wp-json\/wp\/v2\/pages\/971","targetHints":{"allow":["GET"]}}],"collection":[{"href":"https:\/\/wordpress.nibis.de\/gshammah\/wp-json\/wp\/v2\/pages"}],"about":[{"href":"https:\/\/wordpress.nibis.de\/gshammah\/wp-json\/wp\/v2\/types\/page"}],"author":[{"embeddable":true,"href":"https:\/\/wordpress.nibis.de\/gshammah\/wp-json\/wp\/v2\/users\/9193504"}],"replies":[{"embeddable":true,"href":"https:\/\/wordpress.nibis.de\/gshammah\/wp-json\/wp\/v2\/comments?post=971"}],"version-history":[{"count":9,"href":"https:\/\/wordpress.nibis.de\/gshammah\/wp-json\/wp\/v2\/pages\/971\/revisions"}],"predecessor-version":[{"id":1012,"href":"https:\/\/wordpress.nibis.de\/gshammah\/wp-json\/wp\/v2\/pages\/971\/revisions\/1012"}],"up":[{"embeddable":true,"href":"https:\/\/wordpress.nibis.de\/gshammah\/wp-json\/wp\/v2\/pages\/827"}],"wp:attachment":[{"href":"https:\/\/wordpress.nibis.de\/gshammah\/wp-json\/wp\/v2\/media?parent=971"}],"curies":[{"name":"wp","href":"https:\/\/api.w.org\/{rel}","templated":true}]}}