{"id":143,"date":"2024-04-09T15:52:01","date_gmt":"2024-04-09T13:52:01","guid":{"rendered":"https:\/\/wordpress.nibis.de\/gshamspo\/?page_id=143"},"modified":"2024-06-04T15:15:19","modified_gmt":"2024-06-04T13:15:19","slug":"das-sind-wir","status":"publish","type":"page","link":"https:\/\/wordpress.nibis.de\/gshamspo\/das-sind-wir\/","title":{"rendered":"Das sind WIR"},"content":{"rendered":"\n<p>Am 19. August 2023 war es soweit, eine neue Grundschule ging im Stadtgebiet Hasel\u00fcnnes offiziell an den Start. 35 Kinder wurden an diesem Tag eingeschult und durften sich von da ab an als Schulkind f\u00fchlen. Im doppelten Sinne ein besonderer Tag f\u00fcr sie, da sie den ersten Schuljahrgang bilden, der am neuen Schulstandort eingeschult wurde. Die 35 Kinder teilen sich auf zwei 1. Klassen auf und werden von zwei Lehrerinnen und einem Lehrer unterrichtet. Zudem sind zwei p\u00e4dagogische Mitarbeiterinnen, eine Schulsozialarbeiterin sowie eine Schulsekret\u00e4rin am neuen Schulstandort t\u00e4tig. Die Grundschule teilt sich den Schulstandort mit der Don-Bosco-Schule, die 23 Sch\u00fcler am Standort unterrichten und einer Gruppe der Jakob-Muth-Schule vom Vituswerk, mit 8 Kindern mit geistiger oder k\u00f6rperlicher Behinderung. In den n\u00e4chsten Jahren wird die Grundschule jeweils um zwei weitere Klassen pro Schuljahr wachsen, so dass zum Schuljahr 2026\/2027 der Endausbau von 8 Klassen erreicht sein wird.\u00a0 Grund f\u00fcr die Implementierung eines neuen Schulstandortes in Hasel\u00fcnne war, dass die Sch\u00fclerzahlen seit Jahren konstant hoch sind und dies auch in den n\u00e4chsten Jahren so bleiben wird. Die f\u00fcr das Stadtgebiet Hasel\u00fcnnes zust\u00e4ndige Paulusschule, die bereits 4-5z\u00fcgig gef\u00fchrt wird, hatte nicht mehr die r\u00e4umlichen Kapazit\u00e4ten, um die vielen Kinder unterzubringen.\u00a0<\/p>\n","protected":false},"excerpt":{"rendered":"<p>Am 19. August 2023 war es soweit, eine neue Grundschule ging im Stadtgebiet Hasel\u00fcnnes offiziell an den Start. 35 Kinder wurden an diesem Tag eingeschult<\/p>\n","protected":false},"author":9194247,"featured_media":0,"parent":0,"menu_order":0,"comment_status":"closed","ping_status":"closed","template":"","meta":{"footnotes":""},"class_list":["post-143","page","type-page","status-publish","hentry"],"_links":{"self":[{"href":"https:\/\/wordpress.nibis.de\/gshamspo\/wp-json\/wp\/v2\/pages\/143","targetHints":{"allow":["GET"]}}],"collection":[{"href":"https:\/\/wordpress.nibis.de\/gshamspo\/wp-json\/wp\/v2\/pages"}],"about":[{"href":"https:\/\/wordpress.nibis.de\/gshamspo\/wp-json\/wp\/v2\/types\/page"}],"author":[{"embeddable":true,"href":"https:\/\/wordpress.nibis.de\/gshamspo\/wp-json\/wp\/v2\/users\/9194247"}],"replies":[{"embeddable":true,"href":"https:\/\/wordpress.nibis.de\/gshamspo\/wp-json\/wp\/v2\/comments?post=143"}],"version-history":[{"count":2,"href":"https:\/\/wordpress.nibis.de\/gshamspo\/wp-json\/wp\/v2\/pages\/143\/revisions"}],"predecessor-version":[{"id":480,"href":"https:\/\/wordpress.nibis.de\/gshamspo\/wp-json\/wp\/v2\/pages\/143\/revisions\/480"}],"wp:attachment":[{"href":"https:\/\/wordpress.nibis.de\/gshamspo\/wp-json\/wp\/v2\/media?parent=143"}],"curies":[{"name":"wp","href":"https:\/\/api.w.org\/{rel}","templated":true}]}}