{"id":145,"date":"2024-04-09T15:52:02","date_gmt":"2024-04-09T13:52:02","guid":{"rendered":"https:\/\/wordpress.nibis.de\/gshamspo\/?page_id=145"},"modified":"2025-08-19T14:27:56","modified_gmt":"2025-08-19T12:27:56","slug":"team","status":"publish","type":"page","link":"https:\/\/wordpress.nibis.de\/gshamspo\/team\/","title":{"rendered":"Team &#8222;Grundschule am Sportzentrum&#8220;"},"content":{"rendered":"\n<figure class=\"wp-block-image size-large is-resized is-style-tw-frame\"><img loading=\"lazy\" decoding=\"async\" src=\"https:\/\/wordpress.nibis.de\/gshamspo\/files\/2025\/08\/IMG_5043-3-1200x675.jpg\" alt=\"\" class=\"wp-image-1447\" width=\"776\" height=\"451\" \/><figcaption>v.l.: Antje Helmke-Br\u00fcmmer (Lehrerin), Birgit Stickamp (F\u00f6rderschullehrerin), Natascha R\u00fchlmann (Lehrerin), Annalena Albers (Lehrerin), Rachel Flint (P\u00e4d. Mitarbeiterin), Monika Matula (Schulsozialarbeiterin), Alina Vehring (Lehrerin), Franziska Vieth (Vertretungslehrerin), Anne M\u00f6llerhaus (Lehrerin), Doris Meyer (Schulsekret\u00e4rin), Maike Benten (Referendarin), Sarah Cordes (Lehrerin), J\u00fcrgen Dickm\u00e4nnken (Schulleiter)<br>es fehlen: Sara L\u00fcbken (Lehrerin), Anke Jansen (P\u00e4d. Mitarbeiterin), Annette Varelmann (P\u00e4d. Mitarbeiterin)<\/figcaption><\/figure>\n\n\n\n<p><\/p>\n","protected":false},"excerpt":{"rendered":"","protected":false},"author":9194247,"featured_media":0,"parent":0,"menu_order":0,"comment_status":"closed","ping_status":"closed","template":"","meta":{"footnotes":""},"class_list":["post-145","page","type-page","status-publish","hentry"],"_links":{"self":[{"href":"https:\/\/wordpress.nibis.de\/gshamspo\/wp-json\/wp\/v2\/pages\/145","targetHints":{"allow":["GET"]}}],"collection":[{"href":"https:\/\/wordpress.nibis.de\/gshamspo\/wp-json\/wp\/v2\/pages"}],"about":[{"href":"https:\/\/wordpress.nibis.de\/gshamspo\/wp-json\/wp\/v2\/types\/page"}],"author":[{"embeddable":true,"href":"https:\/\/wordpress.nibis.de\/gshamspo\/wp-json\/wp\/v2\/users\/9194247"}],"replies":[{"embeddable":true,"href":"https:\/\/wordpress.nibis.de\/gshamspo\/wp-json\/wp\/v2\/comments?post=145"}],"version-history":[{"count":8,"href":"https:\/\/wordpress.nibis.de\/gshamspo\/wp-json\/wp\/v2\/pages\/145\/revisions"}],"predecessor-version":[{"id":1448,"href":"https:\/\/wordpress.nibis.de\/gshamspo\/wp-json\/wp\/v2\/pages\/145\/revisions\/1448"}],"wp:attachment":[{"href":"https:\/\/wordpress.nibis.de\/gshamspo\/wp-json\/wp\/v2\/media?parent=145"}],"curies":[{"name":"wp","href":"https:\/\/api.w.org\/{rel}","templated":true}]}}