{"id":148,"date":"2024-04-09T15:52:02","date_gmt":"2024-04-09T13:52:02","guid":{"rendered":"https:\/\/wordpress.nibis.de\/gshamspo\/?page_id=148"},"modified":"2024-09-11T19:25:03","modified_gmt":"2024-09-11T17:25:03","slug":"foerderverein","status":"publish","type":"page","link":"https:\/\/wordpress.nibis.de\/gshamspo\/foerderverein\/","title":{"rendered":"F\u00f6rderverein"},"content":{"rendered":"\n<p>Am<strong> 04.03.2024<\/strong> wurde der F\u00f6rderverein der \u201eGrundschule am Sportzentrum\u201c gegr\u00fcndet. Die Ziele und Aufgaben des Vereins bestehen insbesondere in der F\u00f6rderung und Unterst\u00fctzung der Bildung, Erziehung und Pers\u00f6nlichkeitsentfaltung der Kinder unserer Schule.<\/p>\n\n\n\n<p><strong>Gr\u00fcndungsmitglieder<\/strong><\/p>\n\n\n\n<div class=\"wp-block-image\"><figure class=\"aligncenter size-full\"><img loading=\"lazy\" decoding=\"async\" width=\"720\" height=\"501\" src=\"https:\/\/wordpress.nibis.de\/gshamspo\/files\/2024\/04\/Bild2-1.jpg\" alt=\"\" class=\"wp-image-274\" \/><figcaption>Gr\u00fcndungsmitglieder v.l.n.r.: Sanije Angerstein, Christian Sandmann, Christina Lohmann, Barbara Cosmann, Daniel Halver, Katrin Dickm\u00e4nnken, Andrea Halver, Tanja Tykfer, Silvia L\u00fccke, J\u00fcrgen Dickm\u00e4nnken<\/figcaption><\/figure><\/div>\n\n\n\n<p><strong>Der aktuelle Vorstand<\/strong><\/p>\n\n\n\n<div class=\"wp-block-image is-style-default\"><figure class=\"aligncenter size-full is-resized\"><img loading=\"lazy\" decoding=\"async\" src=\"https:\/\/wordpress.nibis.de\/gshamspo\/files\/2024\/04\/Bild1.jpg\" alt=\"\" class=\"wp-image-271\" width=\"729\" height=\"535\" \/><figcaption>v.l.n.r. 1. Vorsitzende Barbara Cosmann, Schriftf\u00fchrerin Katrin Dickm\u00e4nnken, 2. Vorsitzender Daniel Halver, Kassenwart Christian Sandmann<\/figcaption><\/figure><\/div>\n\n\n\n<p>Ein F\u00f6rderverein lebt von seinen Mitgliedern! Dies bezieht sich auf das gemeinsame Engagement f\u00fcr die gute Sache, aber nat\u00fcrlich auch auf die wirtschaftliche Unterst\u00fctzung. Sowohl der Vereinsvorstand, als auch die Mitarbeiter der Schule, w\u00fcrden sich freuen, wenn Sie sich f\u00fcr eine Mitgliedschaft entscheiden. Diese dient dem Wohle ihres Kindes\/ihrer Kinder! Der aktuelle j\u00e4hrliche Mindestbeitrag des Vereins ist auf 12 \u20ac festgesetzt. Mitgliedsantr\u00e4ge erhalten Sie demn\u00e4chst direkt in der Schule oder bei den Mitgliedern des Vorstandes. Sollten Sie Kontakte zu m\u00f6glichen F\u00f6rderern, wie z.B. Firmen haben, bittet der F\u00f6rderverein um eine entsprechende Information, so dass diese gezielt angesprochen werden k\u00f6nnen. Der F\u00f6rderverein ist unter <a rel=\"noreferrer noopener\" href=\"&#109;a&#x69;l&#x74;o&#x3a;f&#x6f;e&#x72;d&#x65;&#114;&#x76;&#101;&#x72;&#101;&#x69;&#110;&#x40;&#103;&#x72;&#117;&#x6e;&#100;s&#x63;h&#x75;l&#x65;-&#x61;m&#x2d;s&#x70;&#111;&#x72;&#116;&#x7a;&#101;&#x6e;&#116;&#x72;&#117;&#x6d;&#46;&#x73;&#99;h&#x75;l&#x73;e&#x72;v&#x65;r&#x2e;d&#x65;\" target=\"_blank\">&#102;&#x6f;&#101;&#x72;d&#101;&#x72;&#118;&#x65;r&#x65;i&#110;&#x40;&#103;&#x73;-&#x61;&#x6d;&#45;&#x73;p&#x6f;r&#116;&#x7a;&#101;&#x6e;t&#x72;u&#109;&#x2e;&#100;&#x65;<\/a> zu erreichen! Danke f\u00fcr IHRE Unterst\u00fctzung!<\/p>\n\n\n\n<div data-wp-interactive=\"core\/file\" class=\"wp-block-file\"><object data-wp-bind--hidden=\"!state.hasPdfPreview\" hidden class=\"wp-block-file__embed\" data=\"https:\/\/wordpress.nibis.de\/gshamspo\/files\/2024\/09\/Flyer-Foerderverein-neu.pdf\" type=\"application\/pdf\" style=\"width:100%;height:600px\" aria-label=\"Einbettung von Einbettung von Flyer-Foerderverein..\"><\/object><a id=\"wp-block-file--media-f0902e39-78b7-4fcb-890f-006b79241823\" href=\"https:\/\/wordpress.nibis.de\/gshamspo\/files\/2024\/09\/Flyer-Foerderverein-neu.pdf\">Flyer-Foerderverein<\/a><a href=\"https:\/\/wordpress.nibis.de\/gshamspo\/files\/2024\/09\/Flyer-Foerderverein-neu.pdf\" class=\"wp-block-file__button\" download aria-describedby=\"wp-block-file--media-f0902e39-78b7-4fcb-890f-006b79241823\">Herunterladen<\/a><\/div>\n\n\n\n<div class=\"wp-block-file aligncenter\"><a id=\"wp-block-file--media-4f6b1e98-ca69-41c3-8f4c-b8c9d6f2cd2c\" href=\"https:\/\/wordpress.nibis.de\/gshamspo\/files\/2024\/07\/Foederverein-Antrag-Mitgliedschaft.docx\">Foederverein-Antrag-Mitgliedschaft<\/a><a href=\"https:\/\/wordpress.nibis.de\/gshamspo\/files\/2024\/07\/Foederverein-Antrag-Mitgliedschaft.docx\" class=\"wp-block-file__button\" download aria-describedby=\"wp-block-file--media-4f6b1e98-ca69-41c3-8f4c-b8c9d6f2cd2c\">Herunterladen<\/a><\/div>\n\n\n\n<div class=\"wp-block-file\"><a id=\"wp-block-file--media-45597805-4d03-4db9-b394-928581bfdd15\" href=\"https:\/\/wordpress.nibis.de\/gshamspo\/files\/2024\/08\/Datenschutzerklaerung-.pdf\">Datenschutzerklaerung-<\/a><a href=\"https:\/\/wordpress.nibis.de\/gshamspo\/files\/2024\/08\/Datenschutzerklaerung-.pdf\" class=\"wp-block-file__button\" download aria-describedby=\"wp-block-file--media-45597805-4d03-4db9-b394-928581bfdd15\">Herunterladen<\/a><\/div>\n\n\n\n<p><\/p>\n","protected":false},"excerpt":{"rendered":"<p>Am 04.03.2024 wurde der F\u00f6rderverein der \u201eGrundschule am Sportzentrum\u201c gegr\u00fcndet. Die Ziele und Aufgaben des Vereins bestehen insbesondere in der F\u00f6rderung und Unterst\u00fctzung der Bildung,<\/p>\n","protected":false},"author":9194247,"featured_media":0,"parent":0,"menu_order":0,"comment_status":"closed","ping_status":"closed","template":"","meta":{"footnotes":""},"class_list":["post-148","page","type-page","status-publish","hentry"],"_links":{"self":[{"href":"https:\/\/wordpress.nibis.de\/gshamspo\/wp-json\/wp\/v2\/pages\/148","targetHints":{"allow":["GET"]}}],"collection":[{"href":"https:\/\/wordpress.nibis.de\/gshamspo\/wp-json\/wp\/v2\/pages"}],"about":[{"href":"https:\/\/wordpress.nibis.de\/gshamspo\/wp-json\/wp\/v2\/types\/page"}],"author":[{"embeddable":true,"href":"https:\/\/wordpress.nibis.de\/gshamspo\/wp-json\/wp\/v2\/users\/9194247"}],"replies":[{"embeddable":true,"href":"https:\/\/wordpress.nibis.de\/gshamspo\/wp-json\/wp\/v2\/comments?post=148"}],"version-history":[{"count":7,"href":"https:\/\/wordpress.nibis.de\/gshamspo\/wp-json\/wp\/v2\/pages\/148\/revisions"}],"predecessor-version":[{"id":697,"href":"https:\/\/wordpress.nibis.de\/gshamspo\/wp-json\/wp\/v2\/pages\/148\/revisions\/697"}],"wp:attachment":[{"href":"https:\/\/wordpress.nibis.de\/gshamspo\/wp-json\/wp\/v2\/media?parent=148"}],"curies":[{"name":"wp","href":"https:\/\/api.w.org\/{rel}","templated":true}]}}