{"id":264,"date":"2024-04-15T12:19:19","date_gmt":"2024-04-15T10:19:19","guid":{"rendered":"https:\/\/wordpress.nibis.de\/gshamspo\/?page_id=264"},"modified":"2024-08-28T15:51:37","modified_gmt":"2024-08-28T13:51:37","slug":"schulordnung","status":"publish","type":"page","link":"https:\/\/wordpress.nibis.de\/gshamspo\/schulordnung\/","title":{"rendered":"Schulordnung"},"content":{"rendered":"\n<p>Unsere Schule ist ein Ort, an dem viele unterschiedliche Kinder und Erwachsene fast t\u00e4glich einen gro\u00dfen Teil des Tages miteinander verbringen. In dieser Zeit wollen wir uns in der Schule wohl f\u00fchlen, in Ruhe lernen, lehren und zusammen leben.<\/p>\n\n\n\n<p>F\u00fcr ein friedliches Miteinander m\u00fcssen wir uns an Regeln f\u00fcr unser Zusammensein halten. Diese Schulordnung wird gleicherma\u00dfen von Lehrerinnen und Lehrern, Sch\u00fclerinnen und Sch\u00fclern, Mitarbeiterinnen und Mitarbeitern sowie Eltern getragen.<br><br><strong><u>Regeln des Zusammenlebens<\/u><\/strong><\/p>\n\n\n\n<ul class=\"wp-block-list\"><li>Wir halten uns an die&nbsp;<strong>\u201eGoldene Regel\u201c<\/strong>:&nbsp;<\/li><\/ul>\n\n\n\n<p><strong>Ich verhalte mich anderen gegen\u00fcber so, wie<\/strong> <strong>ich selbst behandelt werden m\u00f6chte<\/strong>!<\/p>\n\n\n\n<ul class=\"wp-block-list\"><li>Wir gehen freundlich und h\u00f6flich miteinander um (z. B.: netter Tonfall, gegenseitiges Gr\u00fc\u00dfen, dem anderen die T\u00fcr aufhalten, \u201ebitte\u201c und \u201edanke\u201c sind Zauberw\u00f6rter).<\/li><li>Wir sind anderen gegen\u00fcber fair (kein Schlagen, keine Beleidigungen).<\/li><li>Wir helfen einander.<\/li><li>Wir achten das Eigentum anderer und gehen vorsichtig damit um.<\/li><\/ul>\n\n\n\n<ul class=\"wp-block-list\"><li>Wir bringen keine Dinge mit in die Schule, die uns st\u00f6ren oder gef\u00e4hrden: elektronische Ger\u00e4te, Spielsachen, Karten, Waffen, Kuscheltiere<\/li><li>Wir verhalten uns umweltfreundlich.&nbsp;&nbsp; &nbsp;&nbsp;&nbsp; &nbsp;&nbsp;&nbsp; &nbsp;&nbsp;&nbsp; &nbsp;&nbsp;&nbsp; &nbsp;<\/li><li>Wir achten auf M\u00fclltrennung.<\/li><li>Wir nutzen Heizung und Lichtenergie sparend.&nbsp;&nbsp;&nbsp;&nbsp;&nbsp;&nbsp;&nbsp;&nbsp;&nbsp;&nbsp;&nbsp;&nbsp;&nbsp;&nbsp;&nbsp;&nbsp;&nbsp;&nbsp;&nbsp;&nbsp;&nbsp;&nbsp;&nbsp; &nbsp;<\/li><li>Wir achten beim Spielen auf Pflanzen.&nbsp;&nbsp; &nbsp;<\/li><\/ul>\n\n\n\n<p><strong><u>Vor dem Unterricht<\/u><\/strong><\/p>\n\n\n\n<ul class=\"wp-block-list\"><li>Wir verabschieden uns am Schuleingang von den Eltern, betreten das Schulgeb\u00e4ude erst um 7.45 Uhr und gehen direkt zu unserem Klassenraum.<\/li><li>Bevor wir den Klassenraum betreten, h\u00e4ngen wir die Jacke und den Sportbeutel an die Garderobe. Die Stra\u00dfenschuhe stellen wir ordentlich ins Schuhregal und ziehen unsere Hausschuhe an.<\/li><li>Bis die Lehrerin\/der Lehrer kommt, holen wir die n\u00f6tigen Arbeitsmaterialien heraus und besch\u00e4ftigen uns leise.<\/li><\/ul>\n\n\n\n<p><strong><u>W\u00e4hrend des Unterrichts<\/u><\/strong><\/p>\n\n\n\n<ul class=\"wp-block-list\"><li>Wir erscheinen p\u00fcnktlich zum Unterricht und haben unsere Arbeitsmaterialien vollst\u00e4ndig und einsatzbereit dabei.<\/li><li>Wir melden uns und reden nur, wenn wir dran sind.&nbsp;&nbsp; &nbsp;&nbsp;&nbsp; &nbsp;<\/li><li>Wir passen auf und arbeiten konzentriert mit.<\/li><li>Wir h\u00f6ren einander zu und lassen uns ausreden.<\/li><li>Wir sind leise und bewegen uns angemessen langsam.&nbsp;&nbsp; &nbsp;<\/li><\/ul>\n\n\n\n<p><strong><u>W\u00e4hrend der Pausen<\/u><\/strong><\/p>\n\n\n\n<ul class=\"wp-block-list\"><li>Wir gehen z\u00fcgig nach drau\u00dfen.<\/li><li>Wir lassen andere beim Spielen mitmachen und halten uns an die Regeln.<\/li><li>An den Spielger\u00e4ten wechseln wir uns ab.<\/li><li>Mit den Sachen aus der Spielzeugausleihe gehen wir sorgf\u00e4ltig um.<\/li><li>Ausgeliehene Spielsachen und B\u00e4lle bringen wir zur\u00fcck.<\/li><li>Am Pausenende gehen wir sofort ins Geb\u00e4ude.<\/li><li>W\u00e4hrend der Regenpause bleiben wir im Klassenraum oder in dem uns zugewiesenen Bereich, besch\u00e4ftigen uns leise und verhalten uns ruhig.<\/li><li>Wenn m\u00f6glich, nutzen wir die Pausen f\u00fcr den Toilettengang.<\/li><\/ul>\n\n\n\n<p><strong><u>Nach dem Unterricht<\/u><\/strong><\/p>\n\n\n\n<ul class=\"wp-block-list\"><li>Wir verlassen unseren Arbeitsplatz und die Garderobe sauber und ordentlich.<\/li><li>Unsere Hausaufgaben fertigen wir t\u00e4glich vollst\u00e4ndig und ordentlich an.<\/li><\/ul>\n\n\n\n<p><strong><u>W\u00e4hrend der Betreuung<\/u><\/strong><\/p>\n\n\n\n<ul class=\"wp-block-list\"><li>Wir halten uns an die Anweisungen der erwachsenen Betreuungspersonen.<\/li><\/ul>\n\n\n\n<p><strong><u>Im Geb\u00e4ude\/auf dem Schulgel\u00e4nde<\/u><\/strong><\/p>\n\n\n\n<ul class=\"wp-block-list\"><li>Wir bewegen uns im Geb\u00e4ude leise und im angemessenen Tempo.<\/li><li>Auf den Treppen gehen wir langsam und dr\u00e4ngeln und schubsen nicht.<\/li><li>Wir achten auf Sauberkeit und werfen den M\u00fcll in die Abfallbeh\u00e4lter.<\/li><li>Wir benutzen im Geb\u00e4ude und auf dem Gel\u00e4nde keine Fahrzeuge (z.B. Inliner, Roller, Skateboard).<\/li><li>Wir kauen keinen Kaugummi.<\/li><li>Handys und Smartwatches d\u00fcrfen in der Schule und auf dem Gel\u00e4nde der Schule nicht benutzt werden.<\/li><li>Wir bleiben w\u00e4hrend der Unterrichts- und Betreuungszeit auf dem Schulgel\u00e4nde.<\/li><\/ul>\n\n\n\n<div class=\"wp-block-file\"><a id=\"wp-block-file--media-50b32548-28dd-4887-a33c-321be03e411a\" href=\"https:\/\/wordpress.nibis.de\/gshamspo\/files\/2024\/08\/Schulordnung-Grundschule-am-Sportzentrum.pdf\">Schulordnung-Grundschule-am-Sportzentrum<\/a><a href=\"https:\/\/wordpress.nibis.de\/gshamspo\/files\/2024\/08\/Schulordnung-Grundschule-am-Sportzentrum.pdf\" class=\"wp-block-file__button\" download aria-describedby=\"wp-block-file--media-50b32548-28dd-4887-a33c-321be03e411a\">Herunterladen<\/a><\/div>\n\n\n\n<div data-wp-interactive=\"core\/file\" class=\"wp-block-file\"><object data-wp-bind--hidden=\"!state.hasPdfPreview\" hidden class=\"wp-block-file__embed\" data=\"https:\/\/wordpress.nibis.de\/gshamspo\/files\/2024\/08\/Schulregeln-Grundschule-am-Sportzentrum.pdf\" type=\"application\/pdf\" style=\"width:100%;height:600px\" aria-label=\"Einbettung von Einbettung von Schulregeln-Grundschule-am-Sportzentrum..\"><\/object><a id=\"wp-block-file--media-56f21d64-4e0d-43ef-8411-0682d4441a6f\" href=\"https:\/\/wordpress.nibis.de\/gshamspo\/files\/2024\/08\/Schulregeln-Grundschule-am-Sportzentrum.pdf\">Schulregeln-Grundschule-am-Sportzentrum<\/a><a href=\"https:\/\/wordpress.nibis.de\/gshamspo\/files\/2024\/08\/Schulregeln-Grundschule-am-Sportzentrum.pdf\" class=\"wp-block-file__button\" download aria-describedby=\"wp-block-file--media-56f21d64-4e0d-43ef-8411-0682d4441a6f\">Herunterladen<\/a><\/div>\n","protected":false},"excerpt":{"rendered":"<p>Unsere Schule ist ein Ort, an dem viele unterschiedliche Kinder und Erwachsene fast t\u00e4glich einen gro\u00dfen Teil des Tages miteinander verbringen. In dieser Zeit wollen<\/p>\n","protected":false},"author":9194247,"featured_media":0,"parent":0,"menu_order":0,"comment_status":"closed","ping_status":"closed","template":"","meta":{"footnotes":""},"class_list":["post-264","page","type-page","status-publish","hentry"],"_links":{"self":[{"href":"https:\/\/wordpress.nibis.de\/gshamspo\/wp-json\/wp\/v2\/pages\/264","targetHints":{"allow":["GET"]}}],"collection":[{"href":"https:\/\/wordpress.nibis.de\/gshamspo\/wp-json\/wp\/v2\/pages"}],"about":[{"href":"https:\/\/wordpress.nibis.de\/gshamspo\/wp-json\/wp\/v2\/types\/page"}],"author":[{"embeddable":true,"href":"https:\/\/wordpress.nibis.de\/gshamspo\/wp-json\/wp\/v2\/users\/9194247"}],"replies":[{"embeddable":true,"href":"https:\/\/wordpress.nibis.de\/gshamspo\/wp-json\/wp\/v2\/comments?post=264"}],"version-history":[{"count":4,"href":"https:\/\/wordpress.nibis.de\/gshamspo\/wp-json\/wp\/v2\/pages\/264\/revisions"}],"predecessor-version":[{"id":631,"href":"https:\/\/wordpress.nibis.de\/gshamspo\/wp-json\/wp\/v2\/pages\/264\/revisions\/631"}],"wp:attachment":[{"href":"https:\/\/wordpress.nibis.de\/gshamspo\/wp-json\/wp\/v2\/media?parent=264"}],"curies":[{"name":"wp","href":"https:\/\/api.w.org\/{rel}","templated":true}]}}