{"id":597,"date":"2024-08-08T15:18:04","date_gmt":"2024-08-08T13:18:04","guid":{"rendered":"https:\/\/wordpress.nibis.de\/gshamspo\/?page_id=597"},"modified":"2025-08-19T14:35:29","modified_gmt":"2025-08-19T12:35:29","slug":"iserv-schulplattform","status":"publish","type":"page","link":"https:\/\/wordpress.nibis.de\/gshamspo\/iserv-schulplattform\/","title":{"rendered":"IServ-Schulplattform"},"content":{"rendered":"\n<p class=\"has-dark-gray-color has-text-color\">IServ ist eine Schulplattform, die alle Funktionen f\u00fcr die digitale Schule in einem System vereint. \u00dcber diese Plattform m\u00f6chten wir mit Ihnen in Kontakt treten und Austausch betreiben. Die Internetadresse unserer IServ Schulplattform lautet: <a href=\"http:\/\/www.gs-am-sportzentrum.de\/iserv\/\" target=\"_blank\" rel=\"noreferrer noopener\">www.gs-am-sportzentrum.de\/iserv\/<\/a><\/p>\n\n\n\n<p>Ihre Zugangsdaten erhalten Sie von der Schule. Die weitere Vorgehensweise zur Anmeldung und Nutzung entnehmen Sie bitte der untenstehenden Anleitung.<\/p>\n\n\n\n<div data-wp-interactive=\"core\/file\" class=\"wp-block-file\"><object data-wp-bind--hidden=\"!state.hasPdfPreview\" hidden class=\"wp-block-file__embed\" data=\"https:\/\/wordpress.nibis.de\/gshamspo\/files\/2025\/08\/IServ_Erklaerung_Eltern.pdf\" type=\"application\/pdf\" style=\"width:100%;height:600px\" aria-label=\"Einbettung von Einbettung von IServ_Erklaerung_Eltern..\"><\/object><a id=\"wp-block-file--media-39a5fb76-ee73-4b87-a046-5cdb102578c5\" href=\"https:\/\/wordpress.nibis.de\/gshamspo\/files\/2025\/08\/IServ_Erklaerung_Eltern.pdf\">IServ_Erklaerung_Eltern<\/a><a href=\"https:\/\/wordpress.nibis.de\/gshamspo\/files\/2025\/08\/IServ_Erklaerung_Eltern.pdf\" class=\"wp-block-file__button\" download aria-describedby=\"wp-block-file--media-39a5fb76-ee73-4b87-a046-5cdb102578c5\">Herunterladen<\/a><\/div>\n\n\n\n<div data-wp-interactive=\"core\/file\" class=\"wp-block-file\"><object data-wp-bind--hidden=\"!state.hasPdfPreview\" hidden class=\"wp-block-file__embed\" data=\"https:\/\/wordpress.nibis.de\/gshamspo\/files\/2025\/08\/I_Serv_Erklaerung_Eltern_arabisch.pdf\" type=\"application\/pdf\" style=\"width:100%;height:600px\" aria-label=\"Einbettung von Einbettung von I_Serv_Erklaerung_Eltern_arabisch..\"><\/object><a id=\"wp-block-file--media-af096a10-4bf8-4a27-b04c-a09918d82b05\" href=\"https:\/\/wordpress.nibis.de\/gshamspo\/files\/2025\/08\/I_Serv_Erklaerung_Eltern_arabisch.pdf\">I_Serv_Erklaerung_Eltern_arabisch<\/a><a href=\"https:\/\/wordpress.nibis.de\/gshamspo\/files\/2025\/08\/I_Serv_Erklaerung_Eltern_arabisch.pdf\" class=\"wp-block-file__button\" download aria-describedby=\"wp-block-file--media-af096a10-4bf8-4a27-b04c-a09918d82b05\">Herunterladen<\/a><\/div>\n","protected":false},"excerpt":{"rendered":"<p>IServ ist eine Schulplattform, die alle Funktionen f\u00fcr die digitale Schule in einem System vereint. \u00dcber diese Plattform m\u00f6chten wir mit Ihnen in Kontakt treten<\/p>\n","protected":false},"author":9194247,"featured_media":0,"parent":0,"menu_order":0,"comment_status":"closed","ping_status":"closed","template":"","meta":{"footnotes":""},"class_list":["post-597","page","type-page","status-publish","hentry"],"_links":{"self":[{"href":"https:\/\/wordpress.nibis.de\/gshamspo\/wp-json\/wp\/v2\/pages\/597","targetHints":{"allow":["GET"]}}],"collection":[{"href":"https:\/\/wordpress.nibis.de\/gshamspo\/wp-json\/wp\/v2\/pages"}],"about":[{"href":"https:\/\/wordpress.nibis.de\/gshamspo\/wp-json\/wp\/v2\/types\/page"}],"author":[{"embeddable":true,"href":"https:\/\/wordpress.nibis.de\/gshamspo\/wp-json\/wp\/v2\/users\/9194247"}],"replies":[{"embeddable":true,"href":"https:\/\/wordpress.nibis.de\/gshamspo\/wp-json\/wp\/v2\/comments?post=597"}],"version-history":[{"count":3,"href":"https:\/\/wordpress.nibis.de\/gshamspo\/wp-json\/wp\/v2\/pages\/597\/revisions"}],"predecessor-version":[{"id":1452,"href":"https:\/\/wordpress.nibis.de\/gshamspo\/wp-json\/wp\/v2\/pages\/597\/revisions\/1452"}],"wp:attachment":[{"href":"https:\/\/wordpress.nibis.de\/gshamspo\/wp-json\/wp\/v2\/media?parent=597"}],"curies":[{"name":"wp","href":"https:\/\/api.w.org\/{rel}","templated":true}]}}