{"id":680,"date":"2024-09-06T11:58:17","date_gmt":"2024-09-06T09:58:17","guid":{"rendered":"https:\/\/wordpress.nibis.de\/gshamspo\/?page_id=680"},"modified":"2024-09-06T12:03:02","modified_gmt":"2024-09-06T10:03:02","slug":"schulverbund","status":"publish","type":"page","link":"https:\/\/wordpress.nibis.de\/gshamspo\/schulverbund\/","title":{"rendered":"Schulverbund"},"content":{"rendered":"\n<p>Die <strong>&#8222;Grundschule am Sportzentrum&#8220; <\/strong>ist Mitglied des Schulverbundes Hasel\u00fcnne. <\/p>\n\n\n\n<p><strong>Die weiteren Mitglieder sind:<\/strong><\/p>\n\n\n\n<p><span style=\"text-decoration: underline\" class=\"underline\">Grundschulen:<\/span> Paulusschule Hasel\u00fcnne, Grundschule Flechum-Westerloh, Grundschule Lehrte, Grundschule Andrup-Lage<\/p>\n\n\n\n<p><span style=\"text-decoration: underline\" class=\"underline\">weiterf\u00fchrende Schulen:<\/span> B\u00f6diker Oberschule, Don-Bosco-Schule, Kreisgymnasium St. Ursula Hasel\u00fcnne<\/p>\n\n\n\n<p class=\"has-text-align-center\"><strong><span style=\"text-decoration: underline\" class=\"underline\">Pr\u00e4ambel<\/span><\/strong><\/p>\n\n\n\n<p>Die wachsende F\u00fclle an Kompetenzen, die zunehmende Erweiterung der schulischen Aufgabenbereiche und die erh\u00f6hten Anforderungen, die an die Schule selbst gestellt werden, f\u00fchren zu gro\u00dfen Herausforderungen.<\/p>\n\n\n\n<p>Aus diesem Grund haben sich die Schulen der Region Hasel\u00fcnne zum &#8222;Schulverbund Hasel\u00fcnne&#8220; zusammengeschlossen.<\/p>\n\n\n\n<p>Der Schulverbund soll eine Kultur des Dialogs und der Zusammenarbeit zwischen den Schulen f\u00f6rdern, gleichzeitig aber die Einzelschulen st\u00e4rken.<\/p>\n\n\n\n<p>Durch eine gemeinsame Unterrichts- und Qualit\u00e4tsentwicklung sollen die Chancen der Kinder der Hasel\u00fcnner Schulen optimiert werden.<\/p>\n\n\n\n<p>Die Hasel\u00fcnner Schulen wollen sich gegenseitig unterst\u00fctzen, vertrauensvoll zusammenarbeiten und gemeinsam arbeiten, um eine st\u00e4ndige, grunds\u00e4tzlich unbefristete Zusammenarbeit verwirklichen.<\/p>\n\n\n\n<p>Grundlagen sind die \u00a7\u00a7 25, 6, 9 und 20 der NSchG.<\/p>\n\n\n\n<p><strong>Arbeitsschwerpunkte<\/strong><\/p>\n\n\n\n<ol class=\"wp-block-list\"><li>Abstimmung des Unterrichts<\/li><li>F\u00f6rderung der Durchl\u00e4ssigkeit<\/li><li>Erm\u00f6glichung eines differenzierten Unterrichtsangebotes und Zusammenarbeit eigenverantwortlicher Schule im Verbund<\/li><\/ol>\n","protected":false},"excerpt":{"rendered":"<p>Die &#8222;Grundschule am Sportzentrum&#8220; ist Mitglied des Schulverbundes Hasel\u00fcnne. Die weiteren Mitglieder sind: Grundschulen: Paulusschule Hasel\u00fcnne, Grundschule Flechum-Westerloh, Grundschule Lehrte, Grundschule Andrup-Lage weiterf\u00fchrende Schulen: B\u00f6diker<\/p>\n","protected":false},"author":9194247,"featured_media":0,"parent":0,"menu_order":0,"comment_status":"closed","ping_status":"closed","template":"","meta":{"footnotes":""},"class_list":["post-680","page","type-page","status-publish","hentry"],"_links":{"self":[{"href":"https:\/\/wordpress.nibis.de\/gshamspo\/wp-json\/wp\/v2\/pages\/680","targetHints":{"allow":["GET"]}}],"collection":[{"href":"https:\/\/wordpress.nibis.de\/gshamspo\/wp-json\/wp\/v2\/pages"}],"about":[{"href":"https:\/\/wordpress.nibis.de\/gshamspo\/wp-json\/wp\/v2\/types\/page"}],"author":[{"embeddable":true,"href":"https:\/\/wordpress.nibis.de\/gshamspo\/wp-json\/wp\/v2\/users\/9194247"}],"replies":[{"embeddable":true,"href":"https:\/\/wordpress.nibis.de\/gshamspo\/wp-json\/wp\/v2\/comments?post=680"}],"version-history":[{"count":3,"href":"https:\/\/wordpress.nibis.de\/gshamspo\/wp-json\/wp\/v2\/pages\/680\/revisions"}],"predecessor-version":[{"id":685,"href":"https:\/\/wordpress.nibis.de\/gshamspo\/wp-json\/wp\/v2\/pages\/680\/revisions\/685"}],"wp:attachment":[{"href":"https:\/\/wordpress.nibis.de\/gshamspo\/wp-json\/wp\/v2\/media?parent=680"}],"curies":[{"name":"wp","href":"https:\/\/api.w.org\/{rel}","templated":true}]}}