{"id":686,"date":"2024-09-06T12:24:00","date_gmt":"2024-09-06T10:24:00","guid":{"rendered":"https:\/\/wordpress.nibis.de\/gshamspo\/?page_id=686"},"modified":"2025-05-07T07:43:36","modified_gmt":"2025-05-07T05:43:36","slug":"kooperationspartner","status":"publish","type":"page","link":"https:\/\/wordpress.nibis.de\/gshamspo\/kooperationspartner\/","title":{"rendered":"Kooperationspartner"},"content":{"rendered":"\n<p>Schulen sind Lern- und Lebensorte. Durch die \u00d6ffnung in den Sozialraum und damit verbundene Kooperationen mit einem oder mehreren Partner erhalten Kinder neue Lern- und F\u00f6rderangebote, die nicht nur auf deren Pers\u00f6nlichkeitsentwicklung einzahlen, sondern es ihnen auch erm\u00f6glichen, ihre Potenziale voll auszusch\u00f6pfen sowie eigene St\u00e4rken und Kompetenzen auszubauen.<\/p>\n\n\n\n<p>Au\u00dferschulische Kooperationen leisten einen wichtigen Beitrag, um Schule diversit\u00e4tssensibler zu gestalten und auf die unterschiedlichen Bed\u00fcrfnisse und Anforderungen der Kinder einzugehen. Denn differenzierte Bed\u00fcrfnisse verlangen auch vielf\u00e4ltige Lern- und Erfahrungsr\u00e4ume. M\u00f6gliche Kooperationspartner von Schule sind unter anderem:&nbsp;&nbsp;<\/p>\n\n\n\n<p>&gt; Vereine (Sport, Kultur, Umweltbildung etc.)<br>&gt; Kita\/ Hort<br>&gt;&nbsp;Institutionen und Tr\u00e4ger der au\u00dferschulischen Bildung<br>&gt;&nbsp;Einrichtungen der Kinderhilfe<br>&gt;&nbsp;Partnerschulen<br>&gt;&nbsp;lokale und \u00fcberregionale Beratungsstellen<br>&gt;&nbsp;\u00d6ffentliche Beh\u00f6rden<\/p>\n\n\n\n<h3 class=\"has-medium-font-size wp-block-heading\"><strong>5 gute Gr\u00fcnde, wie au\u00dferschulische Kooperationen auf eine diversit\u00e4tssensible Schulentwicklung einzahlen<\/strong><\/h3>\n\n\n\n<p><strong>#1 Neue Lernzug\u00e4nge und -formate abseits der gewohnten Schulumgebung<\/strong><\/p>\n\n\n\n<p>Durch unterschiedliche Bildungsorte und Gelegenheiten l\u00e4sst sich auf die verschiedenen sozialr\u00e4umlichen und kommunalen Lebensbedingungen der Kinder bedarfsorientiert eingehen. Sie erhalten vielf\u00e4ltige Zug\u00e4nge zu Kunst, Kultur, Sport und Gesellschaft, die ihren Bed\u00fcrfnissen gerecht werden und die Schule als Bildungsort oft nicht abdecken kann. Da die Angebote und Methoden keinem festen Lehrplan oder F\u00e4cherkanon unterliegen, lassen sie sich multiperspektivisch, kreativ und inhaltlich flexibel ausgestalten.<\/p>\n\n\n\n<p><strong>#2 Erweitertes Lern- und F\u00f6rderangebot<\/strong><\/p>\n\n\n\n<p>Durch Kooperationen mit au\u00dferschulischen Partner schaffen Bildungseinrichtungen neue Lern- und F\u00f6rderangebote f\u00fcr Kinder. Jenseits von Zeit- oder Notendruck erhalten insbesondere Sch\u00fcler mit Lernschwierigkeiten oder R\u00fcckst\u00e4nden individuelle Unterst\u00fctzungs- und Betreuungsangebote, die Schule meist nicht leisten kann. Jene Angebote schaffen Erfolgserlebnisse und st\u00e4rken die Selbstwirksamkeitserfahrungen. Zudem gehen die Kooperationspartner mit ihren Angeboten auch auf die Lebenswelt der Sch\u00fcler ein.&nbsp;In praktischen Erfahrungsr\u00e4umen k\u00f6nnen sie neue Kompetenzen erlernen oder diese st\u00e4rken. Gleichzeitig stellen die au\u00dferschulischen Angebote einen intensiven Informations- und Austauschraum f\u00fcr Kinder dar. &nbsp;<\/p>\n\n\n\n<p><strong>#3 Multiperspektivische Gestaltung von Angeboten<\/strong><\/p>\n\n\n\n<p>Statt einer Vermittlung von schulischem (Fach-)Wissen, liegt der Fokus bei au\u00dferschulischen Angeboten eher auf dem non-formalen und informellen Lernen. Kinder setzen sich mit verschiedenen Meinungen und Perspektiven auseinander und erhalten Einblicke in andere Lebensweisen, Kulturen und Sprachen. Sie entdecken Gemeinsamkeiten und Unterschiede und setzen sich so st\u00e4rker mit ihrem Umfeld, aber auch mit der Gesellschaft im Gesamten, st\u00e4rker auseinander.<\/p>\n\n\n\n<p><strong>#4 St\u00e4rkung der Pers\u00f6nlichkeitsentwicklung<\/strong><\/p>\n\n\n\n<p>Die Angebote erm\u00f6glichen Kindern gesellschaftliche Beteiligung und Selbstentfaltung. Auch lassen sich pers\u00f6nliche Interessen und St\u00e4rken f\u00f6rdern und Kompetenzen wie beispielsweise die Eigenst\u00e4ndigkeit, Kreativit\u00e4t, Verantwortungsbereitschaft, Toleranz oder auch Kritikf\u00e4higkeit st\u00e4rken. &nbsp;<\/p>\n\n\n\n<p><strong>#5 Multiprofessionelle Kompetenzerweiterung f\u00fcr Schule<\/strong><\/p>\n\n\n\n<p>Auch Schulen selbst profitieren von der Zusammenarbeit mit au\u00dferschulischen Partner. Kooperationen stellen einen Zugewinn an multiprofessionellen Kompetenzen, Expertisen und Erfahrungen dar \u2013 die letztlich auch das Schulklima verbessern k\u00f6nnen.<\/p>\n\n\n\n<p><span style=\"text-decoration: underline\" class=\"underline\"><strong>Unsere aktuellen Kooperationspartner &#8211; bzw. Partner, mit denen wir erste gemeinsame Aktionen und Angebote initiieren &#8211; sind:<\/strong><\/span><\/p>\n\n\n\n<p><a rel=\"noreferrer noopener\" href=\"https:\/\/www.jakob-muth.schule\/#inhalt\" target=\"_blank\">Jakob-Muth-Schule<\/a><\/p>\n\n\n\n<p><a href=\"http:\/\/www.musikschule-des-emslandes.de\/\">Musikschule des Emslandes<\/a><\/p>\n\n\n\n<p><a href=\"https:\/\/haseluenner-sv.de\/\" target=\"_blank\" rel=\"noreferrer noopener\">Hasel\u00fcnner Sportverein von 1920 e.V.<\/a><\/p>\n\n\n\n<p><a href=\"http:\/\/www.heimatverein-haseluenne.de\" target=\"_blank\" rel=\"noreferrer noopener\">Heimatverein Hasel\u00fcnne e.V.<\/a><\/p>\n\n\n\n<p><a rel=\"noreferrer noopener\" href=\"https:\/\/buecherei-haseluenne.de\/\" target=\"_blank\">B\u00fccherei Hasel\u00fcnne<\/a><\/p>\n\n\n\n<p><a rel=\"noreferrer noopener\" href=\"https:\/\/www.hasetor.de\/\" target=\"_blank\">Kulturkino Hasel\u00fcnne<\/a><\/p>\n\n\n\n<p><a rel=\"noreferrer noopener\" href=\"https:\/\/www.gartencenter-bartels.de\/\" target=\"_blank\">Gartencenter Bartels<\/a><\/p>\n","protected":false},"excerpt":{"rendered":"<p>Schulen sind Lern- und Lebensorte. Durch die \u00d6ffnung in den Sozialraum und damit verbundene Kooperationen mit einem oder mehreren Partner erhalten Kinder neue Lern- und<\/p>\n","protected":false},"author":9194247,"featured_media":0,"parent":0,"menu_order":0,"comment_status":"closed","ping_status":"closed","template":"","meta":{"footnotes":""},"class_list":["post-686","page","type-page","status-publish","hentry"],"_links":{"self":[{"href":"https:\/\/wordpress.nibis.de\/gshamspo\/wp-json\/wp\/v2\/pages\/686","targetHints":{"allow":["GET"]}}],"collection":[{"href":"https:\/\/wordpress.nibis.de\/gshamspo\/wp-json\/wp\/v2\/pages"}],"about":[{"href":"https:\/\/wordpress.nibis.de\/gshamspo\/wp-json\/wp\/v2\/types\/page"}],"author":[{"embeddable":true,"href":"https:\/\/wordpress.nibis.de\/gshamspo\/wp-json\/wp\/v2\/users\/9194247"}],"replies":[{"embeddable":true,"href":"https:\/\/wordpress.nibis.de\/gshamspo\/wp-json\/wp\/v2\/comments?post=686"}],"version-history":[{"count":6,"href":"https:\/\/wordpress.nibis.de\/gshamspo\/wp-json\/wp\/v2\/pages\/686\/revisions"}],"predecessor-version":[{"id":1259,"href":"https:\/\/wordpress.nibis.de\/gshamspo\/wp-json\/wp\/v2\/pages\/686\/revisions\/1259"}],"wp:attachment":[{"href":"https:\/\/wordpress.nibis.de\/gshamspo\/wp-json\/wp\/v2\/media?parent=686"}],"curies":[{"name":"wp","href":"https:\/\/api.w.org\/{rel}","templated":true}]}}