{"id":572,"date":"2019-03-08T11:48:42","date_gmt":"2019-03-08T10:48:42","guid":{"rendered":"https:\/\/wordpress.nibis.de\/gsheede\/?page_id=572"},"modified":"2019-03-08T12:14:17","modified_gmt":"2019-03-08T11:14:17","slug":"unser-leitbild","status":"publish","type":"page","link":"https:\/\/wordpress.nibis.de\/gsheede\/unser-leitbild\/","title":{"rendered":"Unser Leitbild"},"content":{"rendered":"\n<h2 class=\"wp-block-heading\">Miteinander &#8211; F\u00fcreinander<\/h2>\n\n\n\n<p>1. Ein wertsch\u00e4tzendes Miteinander ist uns an unserer Schule wichtig. Wir begegnen uns mit Achtung, Toleranz und Herzlichkeit.<\/p>\n\n\n\n<p>2. Unsere Sch\u00fcler erhalten ein Fundament f\u00fcrs Leben. Sie lernen motiviert mit allen Sinnen und arbeiten m\u00f6glichst selbstst\u00e4ndig.<\/p>\n\n\n\n<p>3. Wir sehen jedes Kind in seiner Einzigartigkeit.<\/p>\n\n\n\n<p>4. Im Schulleben legen wir Wert darauf, einen offenen Blick auf die Welt zu entwickeln.<\/p>\n\n\n\n<p>5. Viele gemeinsame Aktionen pr\u00e4gen und bereichern unser Schulleben.<\/p>\n\n\n\n<p>6. Wir sehen unsere Schule als Lebensraum, in dem auch die f\u00fcr uns wesentlichen Aspekte Kreativit\u00e4t, Spiel, Natur und Ruhe erm\u00f6glicht werden.<\/p>\n","protected":false},"excerpt":{"rendered":"<p>Miteinander &#8211; F\u00fcreinander 1. Ein wertsch\u00e4tzendes Miteinander ist uns an unserer Schule wichtig. Wir begegnen uns mit Achtung, Toleranz und Herzlichkeit. 2. Unsere Sch\u00fcler erhalten ein Fundament f\u00fcrs Leben. Sie lernen motiviert mit allen Sinnen und arbeiten m\u00f6glichst selbstst\u00e4ndig. 3. &hellip; <a href=\"https:\/\/wordpress.nibis.de\/gsheede\/unser-leitbild\/\">Weiterlesen <span class=\"meta-nav\">&rarr;<\/span><\/a><\/p>\n","protected":false},"author":718,"featured_media":0,"parent":0,"menu_order":0,"comment_status":"closed","ping_status":"closed","template":"","meta":{"footnotes":""},"class_list":["post-572","page","type-page","status-publish","hentry"],"_links":{"self":[{"href":"https:\/\/wordpress.nibis.de\/gsheede\/wp-json\/wp\/v2\/pages\/572","targetHints":{"allow":["GET"]}}],"collection":[{"href":"https:\/\/wordpress.nibis.de\/gsheede\/wp-json\/wp\/v2\/pages"}],"about":[{"href":"https:\/\/wordpress.nibis.de\/gsheede\/wp-json\/wp\/v2\/types\/page"}],"author":[{"embeddable":true,"href":"https:\/\/wordpress.nibis.de\/gsheede\/wp-json\/wp\/v2\/users\/718"}],"replies":[{"embeddable":true,"href":"https:\/\/wordpress.nibis.de\/gsheede\/wp-json\/wp\/v2\/comments?post=572"}],"version-history":[{"count":2,"href":"https:\/\/wordpress.nibis.de\/gsheede\/wp-json\/wp\/v2\/pages\/572\/revisions"}],"predecessor-version":[{"id":616,"href":"https:\/\/wordpress.nibis.de\/gsheede\/wp-json\/wp\/v2\/pages\/572\/revisions\/616"}],"wp:attachment":[{"href":"https:\/\/wordpress.nibis.de\/gsheede\/wp-json\/wp\/v2\/media?parent=572"}],"curies":[{"name":"wp","href":"https:\/\/api.w.org\/{rel}","templated":true}]}}